{"id":2329,"date":"2025-05-01T10:14:02","date_gmt":"2025-05-01T10:14:02","guid":{"rendered":"https:\/\/borealpackadventure.com\/?page_id=2329"},"modified":"2025-05-15T11:10:39","modified_gmt":"2025-05-15T11:10:39","slug":"activites","status":"publish","type":"page","link":"https:\/\/borealpackadventure.com\/fr\/activites\/","title":{"rendered":"Activit\u00e9s"},"content":{"rendered":"<div data-elementor-type=\"wp-page\" data-elementor-id=\"2329\" class=\"elementor elementor-2329\" data-elementor-post-type=\"page\">\n\t\t\t\t<div class=\"elementor-element elementor-element-0af7d25 e-flex e-con-boxed e-con e-parent\" data-id=\"0af7d25\" data-element_type=\"container\" data-settings=\"{&quot;background_background&quot;:&quot;classic&quot;,&quot;jet_parallax_layout_list&quot;:[]}\">\n\t\t\t\t\t<div class=\"e-con-inner\">\n\t\t\t\t<div class=\"elementor-element elementor-element-2d09595 elementor-widget elementor-widget-heading\" data-id=\"2d09595\" data-element_type=\"widget\" data-widget_type=\"heading.default\">\n\t\t\t\t<div class=\"elementor-widget-container\">\n\t\t\t\t\t<h2 class=\"elementor-heading-title elementor-size-default\">Activit\u00e9s\n<\/h2>\t\t\t\t<\/div>\n\t\t\t\t<\/div>\n\t\t\t\t<div class=\"elementor-element elementor-element-598e62f elementor-widget elementor-widget-heading\" data-id=\"598e62f\" data-element_type=\"widget\" data-widget_type=\"heading.default\">\n\t\t\t\t<div class=\"elementor-widget-container\">\n\t\t\t\t\t<h2 class=\"elementor-heading-title elementor-size-default\">\u00c0 la recherche d\u2019un moment unique &amp; sur-mesure ?\n\n<\/h2>\t\t\t\t<\/div>\n\t\t\t\t<\/div>\n\t\t\t\t<div class=\"elementor-element elementor-element-886801f elementor-widget elementor-widget-text-editor\" data-id=\"886801f\" data-element_type=\"widget\" data-widget_type=\"text-editor.default\">\n\t\t\t\t<div class=\"elementor-widget-container\">\n\t\t\t\t\t\t\t\t\tRenouez avec la nature et d\u00e9couvrez des activit\u00e9s priv\u00e9es en Laponie su\u00e9doise.\t\t\t\t\t\t\t\t<\/div>\n\t\t\t\t<\/div>\n\t\t\t\t\t<\/div>\n\t\t\t\t<\/div>\n\t\t<div class=\"elementor-element elementor-element-531c0ef e-flex e-con-boxed e-con e-parent\" data-id=\"531c0ef\" data-element_type=\"container\" data-settings=\"{&quot;background_background&quot;:&quot;classic&quot;,&quot;jet_parallax_layout_list&quot;:[]}\">\n\t\t\t\t\t<div class=\"e-con-inner\">\n\t\t<div class=\"elementor-element elementor-element-ab4c00b e-con-full e-flex e-con e-child\" data-id=\"ab4c00b\" data-element_type=\"container\" data-settings=\"{&quot;jet_parallax_layout_list&quot;:[]}\">\n\t\t<div class=\"elementor-element elementor-element-229e8fb e-con-full e-flex e-con e-child\" data-id=\"229e8fb\" data-element_type=\"container\" data-settings=\"{&quot;jet_parallax_layout_list&quot;:[]}\">\n\t\t<div class=\"elementor-element elementor-element-5e84d89 e-con-full e-flex e-con e-child\" data-id=\"5e84d89\" data-element_type=\"container\" data-settings=\"{&quot;jet_parallax_layout_list&quot;:[]}\">\n\t\t\t\t<div class=\"elementor-element elementor-element-b815d7d elementor-widget elementor-widget-jet-animated-text\" data-id=\"b815d7d\" data-element_type=\"widget\" data-no-translation=\"\" data-widget_type=\"jet-animated-text.default\">\n\t\t\t\t<div class=\"elementor-widget-container\">\n\t\t\t\t\t<style>.elementor-element-b815d7d{display:none !important}<\/style>\t\t\t\t<\/div>\n\t\t\t\t<\/div>\n\t\t\t\t<div class=\"elementor-element elementor-element-8e36b6f elementor-widget elementor-widget-jet-animated-text\" data-id=\"8e36b6f\" data-element_type=\"widget\" data-no-translation=\"\" data-widget_type=\"jet-animated-text.default\">\n\t\t\t\t<div class=\"elementor-widget-container\">\n\t\t\t\t\t<div class=\"elementor-jet-animated-text jet-elements\">\n<div class=\"jet-animated-text jet-animated-text--effect-fx1\" data-settings='{&quot;effect&quot;:&quot;fx1&quot;,&quot;delay&quot;:3000}'>\n\t<div class=\"jet-animated-text__before-text\">\n\t<span>Ton<\/span>&nbsp;<span>aventure<\/span>&nbsp;<\/div>\n\t<div class=\"jet-animated-text__animated-text\">\n<div class=\"jet-animated-text__animated-text-item active visible\" dir=\"ltr\">\n\t<span>u<\/span><span>l<\/span><span>t<\/span><span>r<\/span><span>a<\/span><span>&nbsp;<\/span><span>p<\/span><span>r<\/span><span>i<\/span><span>v<\/span><span>\u00e9<\/span><span>e<\/span><span>&nbsp;<\/span><span>:<\/span><\/div>\n<div class=\"jet-animated-text__animated-text-item\" dir=\"ltr\">\n\t<span>p<\/span><span>o<\/span><span>u<\/span><span>r<\/span><span>&nbsp;<\/span><span>u<\/span><span>n<\/span><span>&nbsp;<\/span><span>m<\/span><span>o<\/span><span>m<\/span><span>e<\/span><span>n<\/span><span>t<\/span><span>&nbsp;<\/span><span>d<\/span><span>e<\/span><span>&nbsp;<\/span><span>q<\/span><span>u<\/span><span>a<\/span><span>l<\/span><span>i<\/span><span>t<\/span><span>\u00e9<\/span><span>&nbsp;<\/span><span>:<\/span><\/div>\n<div class=\"jet-animated-text__animated-text-item\" dir=\"ltr\">\n\t<span>d<\/span><span>e<\/span><span>&nbsp;<\/span><span>r<\/span><span>e<\/span><span>c<\/span><span>o<\/span><span>n<\/span><span>n<\/span><span>e<\/span><span>x<\/span><span>i<\/span><span>o<\/span><span>n<\/span><span>&nbsp;<\/span><span>\u00e0<\/span><span>&nbsp;<\/span><span>l<\/span><span>a<\/span><span>&nbsp;<\/span><span>n<\/span><span>a<\/span><span>t<\/span><span>u<\/span><span>r<\/span><span>e<\/span><span>&nbsp;<\/span><span>:<\/span><\/div>\n<div class=\"jet-animated-text__animated-text-item\" dir=\"ltr\">\n\t<span>e<\/span><span>x<\/span><span>c<\/span><span>l<\/span><span>u<\/span><span>s<\/span><span>i<\/span><span>v<\/span><span>e<\/span><span>&nbsp;<\/span><span>e<\/span><span>n<\/span><span>&nbsp;<\/span><span>L<\/span><span>a<\/span><span>p<\/span><span>o<\/span><span>n<\/span><span>i<\/span><span>e<\/span><span>&nbsp;<\/span><span>:<\/span><\/div>\n<div class=\"jet-animated-text__animated-text-item\" dir=\"ltr\">\n\t<span>a<\/span><span>r<\/span><span>c<\/span><span>t<\/span><span>i<\/span><span>q<\/span><span>u<\/span><span>e<\/span><span>&nbsp;<\/span><span>p<\/span><span>l<\/span><span>e<\/span><span>i<\/span><span>n<\/span><span>e<\/span><span>&nbsp;<\/span><span>d<\/span><span>e<\/span><span>&nbsp;<\/span><span>s<\/span><span>e<\/span><span>n<\/span><span>s<\/span><span>&nbsp;<\/span><span>:<\/span><\/div>\n<div class=\"jet-animated-text__animated-text-item\" dir=\"ltr\">\n\t<span>b<\/span><span>o<\/span><span>r<\/span><span>\u00e9<\/span><span>a<\/span><span>l<\/span><span>e<\/span><span>&nbsp;<\/span><span>c<\/span><span>o<\/span><span>s<\/span><span>y<\/span><span>&nbsp;<\/span><span>:<\/span><\/div>\n<\/div>\t<\/div><\/div>\t\t\t\t<\/div>\n\t\t\t\t<\/div>\n\t\t\t\t<div class=\"elementor-element elementor-element-cb408f8 elementor-widget elementor-widget-jet-animated-text\" data-id=\"cb408f8\" data-element_type=\"widget\" data-no-translation=\"\" data-widget_type=\"jet-animated-text.default\">\n\t\t\t\t<div class=\"elementor-widget-container\">\n\t\t\t\t\t<style>.elementor-element-cb408f8{display:none !important}<\/style>\t\t\t\t<\/div>\n\t\t\t\t<\/div>\n\t\t\t\t<\/div>\n\t\t\t\t<div class=\"elementor-element elementor-element-ea12e76 elementor-widget elementor-widget-spacer\" data-id=\"ea12e76\" data-element_type=\"widget\" data-widget_type=\"spacer.default\">\n\t\t\t\t<div class=\"elementor-widget-container\">\n\t\t\t\t\t\t\t<div class=\"elementor-spacer\">\n\t\t\t<div class=\"elementor-spacer-inner\"><\/div>\n\t\t<\/div>\n\t\t\t\t\t\t<\/div>\n\t\t\t\t<\/div>\n\t\t<div class=\"elementor-element elementor-element-db213a9 e-grid e-con-full e-con e-child\" data-id=\"db213a9\" data-element_type=\"container\" data-settings=\"{&quot;jet_parallax_layout_list&quot;:[]}\">\n\t\t\t\t<div class=\"elementor-element elementor-element-1e14e45 elementor-cta--skin-cover elementor-cta--valign-bottom elementor-widget__width-inherit elementor-widget-tablet__width-initial elementor-widget-mobile__width-inherit elementor-animated-content elementor-bg-transform elementor-bg-transform-zoom-in elementor-widget elementor-widget-call-to-action\" data-id=\"1e14e45\" data-element_type=\"widget\" data-widget_type=\"call-to-action.default\">\n\t\t\t\t<div class=\"elementor-widget-container\">\n\t\t\t\t\t\t\t<a class=\"elementor-cta\" href=\"https:\/\/borealpackadventure.com\/fr\/activites-dete\/\">\n\t\t\t\t\t<div class=\"elementor-cta__bg-wrapper\">\n\t\t\t\t<div class=\"elementor-cta__bg elementor-bg\" style=\"background-image: url(https:\/\/borealpackadventure.com\/wp-content\/uploads\/2025\/05\/IMG_8769-scaled.jpg);\" role=\"img\" aria-label=\"IMG_8769\"><\/div>\n\t\t\t\t<div class=\"elementor-cta__bg-overlay\"><\/div>\n\t\t\t<\/div>\n\t\t\t\t\t\t\t<div class=\"elementor-cta__content\">\n\t\t\t\t\t\t\t\t\t<div class=\"elementor-content-item elementor-cta__content-item elementor-icon-wrapper elementor-cta__icon elementor-view-default elementor-animated-item--move-up\">\n\t\t\t\t\t\t<div class=\"elementor-icon\">\n\t\t\t\t\t\t\t\t\t\t\t\t\t<\/div>\n\t\t\t\t\t<\/div>\n\t\t\t\t\n\t\t\t\t\t\t\t\t\t<h3 class=\"elementor-cta__title elementor-cta__content-item elementor-content-item elementor-animated-item--move-up\">\n\t\t\t\t\t\tAventures etivales\t\t\t\t\t<\/h3>\n\t\t\t\t\n\t\t\t\t\n\t\t\t\t\t\t\t<\/div>\n\t\t\t\t\t\t<\/a>\n\t\t\t\t\t\t<\/div>\n\t\t\t\t<\/div>\n\t\t\t\t<div class=\"elementor-element elementor-element-96ae6ca elementor-cta--skin-cover elementor-cta--valign-bottom elementor-widget__width-inherit elementor-widget-tablet__width-initial elementor-widget-mobile__width-inherit elementor-animated-content elementor-bg-transform elementor-bg-transform-zoom-in elementor-widget elementor-widget-call-to-action\" data-id=\"96ae6ca\" data-element_type=\"widget\" data-widget_type=\"call-to-action.default\">\n\t\t\t\t<div class=\"elementor-widget-container\">\n\t\t\t\t\t\t\t<a class=\"elementor-cta\" href=\"https:\/\/borealpackadventure.com\/fr\/activites-hivernales\/\">\n\t\t\t\t\t<div class=\"elementor-cta__bg-wrapper\">\n\t\t\t\t<div class=\"elementor-cta__bg elementor-bg\" style=\"background-image: url(https:\/\/borealpackadventure.com\/wp-content\/uploads\/2025\/04\/dji_fly_20250412_103658_0008_1744447456187_photo-scaled.jpg);\" role=\"img\" aria-label=\"d\u00e9faut\"><\/div>\n\t\t\t\t<div class=\"elementor-cta__bg-overlay\"><\/div>\n\t\t\t<\/div>\n\t\t\t\t\t\t\t<div class=\"elementor-cta__content\">\n\t\t\t\t\t\t\t\t\t<div class=\"elementor-content-item elementor-cta__content-item elementor-icon-wrapper elementor-cta__icon elementor-view-default elementor-animated-item--move-up\">\n\t\t\t\t\t\t<div class=\"elementor-icon\">\n\t\t\t\t\t\t\t\t\t\t\t\t\t<\/div>\n\t\t\t\t\t<\/div>\n\t\t\t\t\n\t\t\t\t\t\t\t\t\t<h3 class=\"elementor-cta__title elementor-cta__content-item elementor-content-item elementor-animated-item--move-up\">\n\t\t\t\t\t\taventures hivernales\t\t\t\t\t<\/h3>\n\t\t\t\t\n\t\t\t\t\n\t\t\t\t\t\t\t<\/div>\n\t\t\t\t\t\t<\/a>\n\t\t\t\t\t\t<\/div>\n\t\t\t\t<\/div>\n\t\t\t\t<div class=\"elementor-element elementor-element-ce84508 elementor-cta--skin-cover elementor-cta--valign-bottom elementor-widget__width-inherit elementor-widget-tablet__width-initial elementor-widget-mobile__width-inherit elementor-animated-content elementor-bg-transform elementor-bg-transform-zoom-in elementor-widget elementor-widget-call-to-action\" data-id=\"ce84508\" data-element_type=\"widget\" data-widget_type=\"call-to-action.default\">\n\t\t\t\t<div class=\"elementor-widget-container\">\n\t\t\t\t\t\t\t<a class=\"elementor-cta\" href=\"https:\/\/borealpackadventure.com\/fr\/activites-automnales\/\">\n\t\t\t\t\t<div class=\"elementor-cta__bg-wrapper\">\n\t\t\t\t<div class=\"elementor-cta__bg elementor-bg\" style=\"background-image: url(https:\/\/borealpackadventure.com\/wp-content\/uploads\/2024\/07\/dsc_3350.jpg);\" role=\"img\" aria-label=\"DSC_3350\"><\/div>\n\t\t\t\t<div class=\"elementor-cta__bg-overlay\"><\/div>\n\t\t\t<\/div>\n\t\t\t\t\t\t\t<div class=\"elementor-cta__content\">\n\t\t\t\t\n\t\t\t\t\t\t\t\t\t<h2 class=\"elementor-cta__title elementor-cta__content-item elementor-content-item elementor-animated-item--move-up\">\n\t\t\t\t\t\taventures automnales\t\t\t\t\t<\/h2>\n\t\t\t\t\n\t\t\t\t\n\t\t\t\t\t\t\t<\/div>\n\t\t\t\t\t\t<\/a>\n\t\t\t\t\t\t<\/div>\n\t\t\t\t<\/div>\n\t\t\t\t<\/div>\n\t\t\t\t<\/div>\n\t\t\t\t<\/div>\n\t\t\t\t\t<\/div>\n\t\t\t\t<\/div>\n\t\t<div class=\"elementor-element elementor-element-61d1a3e e-flex e-con-boxed e-con e-parent\" data-id=\"61d1a3e\" data-element_type=\"container\" data-settings=\"{&quot;background_background&quot;:&quot;classic&quot;,&quot;jet_parallax_layout_list&quot;:[]}\">\n\t\t\t\t\t<div class=\"e-con-inner\">\n\t\t<div class=\"elementor-element elementor-element-27880e1 e-con-full e-flex e-con e-child\" data-id=\"27880e1\" data-element_type=\"container\" data-settings=\"{&quot;jet_parallax_layout_list&quot;:[]}\">\n\t\t<div class=\"elementor-element elementor-element-5a88223 e-con-full e-flex e-con e-child\" data-id=\"5a88223\" data-element_type=\"container\" data-settings=\"{&quot;jet_parallax_layout_list&quot;:[]}\">\n\t\t\t\t<div class=\"elementor-element elementor-element-e21d454 elementor-headline--style-highlight elementor-widget elementor-widget-animated-headline\" data-id=\"e21d454\" data-element_type=\"widget\" data-settings=\"{&quot;highlighted_text&quot;:&quot;Swedish Lapland&quot;,&quot;headline_style&quot;:&quot;highlight&quot;,&quot;marker&quot;:&quot;circle&quot;,&quot;loop&quot;:&quot;yes&quot;,&quot;highlight_animation_duration&quot;:1200,&quot;highlight_iteration_delay&quot;:8000}\" data-widget_type=\"animated-headline.default\">\n\t\t\t\t<div class=\"elementor-widget-container\">\n\t\t\t\t\t\t\t<h3 class=\"elementor-headline\">\n\t\t\t\t\t<span class=\"elementor-headline-plain-text elementor-headline-text-wrapper\">Explorer la<\/span>\n\t\t\t\t<span class=\"elementor-headline-dynamic-wrapper elementor-headline-text-wrapper\">\n\t\t\t\t\t<span class=\"elementor-headline-dynamic-text elementor-headline-text-active\">Laponie su\u00e9doise<\/span>\n\t\t\t\t<\/span>\n\t\t\t\t\t<span class=\"elementor-headline-plain-text elementor-headline-text-wrapper\">\u00e0 nos cot\u00e9s<\/span>\n\t\t\t\t\t<\/h3>\n\t\t\t\t\t\t<\/div>\n\t\t\t\t<\/div>\n\t\t\t\t<div class=\"elementor-element elementor-element-9089b62 elementor-widget elementor-widget-heading\" data-id=\"9089b62\" data-element_type=\"widget\" data-widget_type=\"heading.default\">\n\t\t\t\t<div class=\"elementor-widget-container\">\n\t\t\t\t\t<h2 class=\"elementor-heading-title elementor-size-default\">Activit\u00e9s de plein air priv\u00e9es, temps de qualit\u00e9, attention personnelle et guides exp\u00e9riment\u00e9s\n\n<\/h2>\t\t\t\t<\/div>\n\t\t\t\t<\/div>\n\t\t\t\t<div class=\"elementor-element elementor-element-d80e792 elementor-widget elementor-widget-text-editor\" data-id=\"d80e792\" data-element_type=\"widget\" data-widget_type=\"text-editor.default\">\n\t\t\t\t<div class=\"elementor-widget-container\">\n\t\t\t\t\t\t\t\t\t<p>Nous pensons que voyager est synonyme de souvenirs inoubliables. Nos activit\u00e9s sont toujours priv\u00e9es pour vous offrir la meilleure d\u00e9connexion possible. D\u00e9couvrez le mode de vie nordique toute l'ann\u00e9e, accompagn\u00e9 de votre guide , lors de visites priv\u00e9es, pour une exp\u00e9rience inclusive et immersive.<\/p><p>Notre meute de huskies, faisant partie int\u00e9grante de n\u00f4tre famille, est situ\u00e9e non loin du Cercle Polaire, au c\u0153ur de la for\u00eat. Nos excursions et activit\u00e9s se d\u00e9roulent dans cette r\u00e9gion, autour d'\u00d6verkalix, en Laponie Su\u00e9doise !<\/p>\t\t\t\t\t\t\t\t<\/div>\n\t\t\t\t<\/div>\n\t\t\t\t<\/div>\n\t\t\t\t<\/div>\n\t\t\t\t\t<\/div>\n\t\t\t\t<\/div>\n\t\t\t\t<\/div>","protected":false},"excerpt":{"rendered":"<p>Activit\u00e9s Envie d&#039;une exp\u00e9rience cosy ou palpitante ? Renouez avec la nature et d\u00e9couvrez des vacances priv\u00e9es en Laponie su\u00e9doise. Profitez de moments privil\u00e9gi\u00e9s et intimes en pleine nature, d&#039;une aventure bor\u00e9ale arctique pleine de sens et de douceur : aventures estivales, hivernales et automnales. Explorez la Laponie su\u00e9doise avec nous. Activit\u00e9s de plein air priv\u00e9es, moments privil\u00e9gi\u00e9s, attention personnalis\u00e9e et guides exp\u00e9riment\u00e9s. Nous pensons que voyager, c&#039;est cr\u00e9er [\u2026]<\/p>","protected":false},"author":2,"featured_media":0,"parent":0,"menu_order":0,"comment_status":"closed","ping_status":"closed","template":"","meta":{"footnotes":""},"class_list":["post-2329","page","type-page","status-publish","hentry"],"_links":{"self":[{"href":"https:\/\/borealpackadventure.com\/fr\/wp-json\/wp\/v2\/pages\/2329","targetHints":{"allow":["GET"]}}],"collection":[{"href":"https:\/\/borealpackadventure.com\/fr\/wp-json\/wp\/v2\/pages"}],"about":[{"href":"https:\/\/borealpackadventure.com\/fr\/wp-json\/wp\/v2\/types\/page"}],"author":[{"embeddable":true,"href":"https:\/\/borealpackadventure.com\/fr\/wp-json\/wp\/v2\/users\/2"}],"replies":[{"embeddable":true,"href":"https:\/\/borealpackadventure.com\/fr\/wp-json\/wp\/v2\/comments?post=2329"}],"version-history":[{"count":37,"href":"https:\/\/borealpackadventure.com\/fr\/wp-json\/wp\/v2\/pages\/2329\/revisions"}],"predecessor-version":[{"id":4422,"href":"https:\/\/borealpackadventure.com\/fr\/wp-json\/wp\/v2\/pages\/2329\/revisions\/4422"}],"wp:attachment":[{"href":"https:\/\/borealpackadventure.com\/fr\/wp-json\/wp\/v2\/media?parent=2329"}],"curies":[{"name":"wp","href":"https:\/\/api.w.org\/{rel}","templated":true}]}}