{"id":2575,"date":"2025-05-01T16:31:09","date_gmt":"2025-05-01T16:31:09","guid":{"rendered":"https:\/\/borealpackadventure.com\/?page_id=2575"},"modified":"2025-11-08T21:59:15","modified_gmt":"2025-11-08T21:59:15","slug":"notre-famille-husky","status":"publish","type":"page","link":"https:\/\/borealpackadventure.com\/fr\/notre-famille-husky\/","title":{"rendered":"Notre famille de huskies"},"content":{"rendered":"<div data-elementor-type=\"wp-page\" data-elementor-id=\"2575\" class=\"elementor elementor-2575\" data-elementor-post-type=\"page\">\n\t\t\t\t<div class=\"elementor-element elementor-element-15e8515 e-flex e-con-boxed e-con e-parent\" data-id=\"15e8515\" data-element_type=\"container\" data-settings=\"{&quot;background_background&quot;:&quot;classic&quot;,&quot;jet_parallax_layout_list&quot;:[]}\">\n\t\t\t\t\t<div class=\"e-con-inner\">\n\t\t\t\t<div class=\"elementor-element elementor-element-915552d elementor-widget elementor-widget-heading\" data-id=\"915552d\" data-element_type=\"widget\" data-widget_type=\"heading.default\">\n\t\t\t\t<div class=\"elementor-widget-container\">\n\t\t\t\t\t<h2 class=\"elementor-heading-title elementor-size-default\">Notre famille de huskies <\/h2>\t\t\t\t<\/div>\n\t\t\t\t<\/div>\n\t\t\t\t\t<\/div>\n\t\t\t\t<\/div>\n\t\t<div class=\"elementor-element elementor-element-9f37241 e-flex e-con-boxed e-con e-parent\" data-id=\"9f37241\" data-element_type=\"container\" data-settings=\"{&quot;background_background&quot;:&quot;classic&quot;,&quot;jet_parallax_layout_list&quot;:[]}\">\n\t\t\t\t\t<div class=\"e-con-inner\">\n\t\t<div class=\"elementor-element elementor-element-ce5831d e-con-full e-flex e-con e-child\" data-id=\"ce5831d\" data-element_type=\"container\" data-settings=\"{&quot;jet_parallax_layout_list&quot;:[]}\">\n\t\t<div class=\"elementor-element elementor-element-8d0f8db e-con-full e-flex e-con e-child\" data-id=\"8d0f8db\" data-element_type=\"container\" data-settings=\"{&quot;jet_parallax_layout_list&quot;:[]}\">\n\t\t\t\t<div class=\"elementor-element elementor-element-6d36f85 elementor-widget elementor-widget-heading\" data-id=\"6d36f85\" data-element_type=\"widget\" data-widget_type=\"heading.default\">\n\t\t\t\t<div class=\"elementor-widget-container\">\n\t\t\t\t\t<h2 class=\"elementor-heading-title elementor-size-default\">En savoir plus sur les membres de la meute :<\/h2>\t\t\t\t<\/div>\n\t\t\t\t<\/div>\n\t\t\t\t<div class=\"elementor-element elementor-element-314cefb elementor-widget elementor-widget-text-editor\" data-id=\"314cefb\" data-element_type=\"widget\" data-widget_type=\"text-editor.default\">\n\t\t\t\t<div class=\"elementor-widget-container\">\n\t\t\t\t\t\t\t\t\t<p><em>(cliquez sur l&#039;image)<\/em><\/p>\t\t\t\t\t\t\t\t<\/div>\n\t\t\t\t<\/div>\n\t\t<div class=\"elementor-element elementor-element-624a808 e-grid e-con-full e-con e-child\" data-id=\"624a808\" data-element_type=\"container\" data-settings=\"{&quot;jet_parallax_layout_list&quot;:[]}\">\n\t\t<div class=\"elementor-element elementor-element-3e7b782 e-con-full hover-container e-flex e-con e-child\" data-id=\"3e7b782\" data-element_type=\"container\" data-settings=\"{&quot;background_background&quot;:&quot;classic&quot;,&quot;jet_parallax_layout_list&quot;:[]}\">\n\t\t<div class=\"elementor-element elementor-element-597a120 e-con-full box-survol e-flex e-con e-child\" data-id=\"597a120\" data-element_type=\"container\" data-settings=\"{&quot;jet_parallax_layout_list&quot;:[]}\">\n\t\t\t\t<div class=\"elementor-element elementor-element-254ee88 text elementor-widget elementor-widget-heading\" data-id=\"254ee88\" data-element_type=\"widget\" data-widget_type=\"heading.default\">\n\t\t\t\t<div class=\"elementor-widget-container\">\n\t\t\t\t\t<h2 class=\"elementor-heading-title elementor-size-default\">Floki<\/h2>\t\t\t\t<\/div>\n\t\t\t\t<\/div>\n\t\t\t\t<div class=\"elementor-element elementor-element-dadfcb4 text elementor-widget elementor-widget-heading\" data-id=\"dadfcb4\" data-element_type=\"widget\" data-widget_type=\"heading.default\">\n\t\t\t\t<div class=\"elementor-widget-container\">\n\t\t\t\t\t<h2 class=\"elementor-heading-title elementor-size-default\">&quot;Flokette&quot;<\/h2>\t\t\t\t<\/div>\n\t\t\t\t<\/div>\n\t\t\t\t<div class=\"elementor-element elementor-element-c820566 elementor-widget__width-initial arrow-survol elementor-widget elementor-widget-text-editor\" data-id=\"c820566\" data-element_type=\"widget\" data-widget_type=\"text-editor.default\">\n\t\t\t\t<div class=\"elementor-widget-container\">\n\t\t\t\t\t\t\t\t\t<p>Flokette est notre adorable mini ours en peluche.<\/p><p>C&#039;est un gar\u00e7on calme et solitaire qui a besoin de son espace personnel mais il restera coll\u00e9 \u00e0 vous si vous avez une friandise dans la poche.<\/p><p>Il ne partagera peut-\u00eatre pas de gros c\u00e2lins avec vous mais il est toujours pr\u00eat pour toutes sortes d&#039;aventures !<\/p>\t\t\t\t\t\t\t\t<\/div>\n\t\t\t\t<\/div>\n\t\t\t\t<\/div>\n\t\t\t\t<\/div>\n\t\t<div class=\"elementor-element elementor-element-691940f e-con-full hover-container e-flex e-con e-child\" data-id=\"691940f\" data-element_type=\"container\" data-settings=\"{&quot;background_background&quot;:&quot;classic&quot;,&quot;jet_parallax_layout_list&quot;:[]}\">\n\t\t<div class=\"elementor-element elementor-element-0878375 e-con-full box-survol e-flex e-con e-child\" data-id=\"0878375\" data-element_type=\"container\" data-settings=\"{&quot;jet_parallax_layout_list&quot;:[]}\">\n\t\t\t\t<div class=\"elementor-element elementor-element-8bd061d text elementor-widget elementor-widget-heading\" data-id=\"8bd061d\" data-element_type=\"widget\" data-widget_type=\"heading.default\">\n\t\t\t\t<div class=\"elementor-widget-container\">\n\t\t\t\t\t<h2 class=\"elementor-heading-title elementor-size-default\">Louna<\/h2>\t\t\t\t<\/div>\n\t\t\t\t<\/div>\n\t\t\t\t<div class=\"elementor-element elementor-element-c2bc108 text elementor-widget elementor-widget-heading\" data-id=\"c2bc108\" data-element_type=\"widget\" data-widget_type=\"heading.default\">\n\t\t\t\t<div class=\"elementor-widget-container\">\n\t\t\t\t\t<h2 class=\"elementor-heading-title elementor-size-default\">&quot;Loulou&quot;<\/h2>\t\t\t\t<\/div>\n\t\t\t\t<\/div>\n\t\t\t\t<div class=\"elementor-element elementor-element-088f028 elementor-widget__width-initial arrow-survol elementor-widget elementor-widget-text-editor\" data-id=\"088f028\" data-element_type=\"widget\" data-widget_type=\"text-editor.default\">\n\t\t\t\t<div class=\"elementor-widget-container\">\n\t\t\t\t\t\t\t\t\t<p>La princesse de la meute, ou devrais-je dire, la reine !<\/p><p>Elle sera la premi\u00e8re \u00e0 vous accueillir et \u00e0 vous demander des c\u00e2lins.<\/p><p>Louna est toujours d\u00e9licate et tr\u00e8s douce avec les enfants. Elle sait qu'elle est mignonne et se comporte comme telle\u00a0: une vraie reine\u00a0!<\/p>\t\t\t\t\t\t\t\t<\/div>\n\t\t\t\t<\/div>\n\t\t\t\t<\/div>\n\t\t\t\t<\/div>\n\t\t<div class=\"elementor-element elementor-element-7176c17 e-con-full hover-container e-flex e-con e-child\" data-id=\"7176c17\" data-element_type=\"container\" data-settings=\"{&quot;background_background&quot;:&quot;classic&quot;,&quot;jet_parallax_layout_list&quot;:[]}\">\n\t\t<div class=\"elementor-element elementor-element-c6e3c37 e-con-full box-survol e-flex e-con e-child\" data-id=\"c6e3c37\" data-element_type=\"container\" data-settings=\"{&quot;jet_parallax_layout_list&quot;:[]}\">\n\t\t\t\t<div class=\"elementor-element elementor-element-0f53177 text elementor-widget elementor-widget-heading\" data-id=\"0f53177\" data-element_type=\"widget\" data-widget_type=\"heading.default\">\n\t\t\t\t<div class=\"elementor-widget-container\">\n\t\t\t\t\t<h2 class=\"elementor-heading-title elementor-size-default\">Tonkawa<\/h2>\t\t\t\t<\/div>\n\t\t\t\t<\/div>\n\t\t\t\t<div class=\"elementor-element elementor-element-26c515d text elementor-widget elementor-widget-heading\" data-id=\"26c515d\" data-element_type=\"widget\" data-widget_type=\"heading.default\">\n\t\t\t\t<div class=\"elementor-widget-container\">\n\t\t\t\t\t<h2 class=\"elementor-heading-title elementor-size-default\">&quot;Titou&quot;<\/h2>\t\t\t\t<\/div>\n\t\t\t\t<\/div>\n\t\t\t\t<div class=\"elementor-element elementor-element-3d5e842 elementor-widget__width-initial arrow-survol elementor-widget elementor-widget-text-editor\" data-id=\"3d5e842\" data-element_type=\"widget\" data-widget_type=\"text-editor.default\">\n\t\t\t\t<div class=\"elementor-widget-container\">\n\t\t\t\t\t\t\t\t\t<p>Tonka est un chien incroyable, tr\u00e8s doux et un peu timide !<\/p><p>Toujours en train de chanter et wouwoufer pour vous accueillir, il sera votre meilleur compagnon de randonn\u00e9e. Sa personnalit\u00e9 est digne de confiance, mais vous pourriez gagner son c\u0153ur avec une bonne caresse sur les fesses !<\/p>\t\t\t\t\t\t\t\t<\/div>\n\t\t\t\t<\/div>\n\t\t\t\t<\/div>\n\t\t\t\t<\/div>\n\t\t<div class=\"elementor-element elementor-element-58c0368 e-con-full hover-container e-flex e-con e-child\" data-id=\"58c0368\" data-element_type=\"container\" data-settings=\"{&quot;background_background&quot;:&quot;classic&quot;,&quot;jet_parallax_layout_list&quot;:[]}\">\n\t\t<div class=\"elementor-element elementor-element-879a23c e-con-full box-survol e-flex e-con e-child\" data-id=\"879a23c\" data-element_type=\"container\" data-settings=\"{&quot;jet_parallax_layout_list&quot;:[]}\">\n\t\t\t\t<div class=\"elementor-element elementor-element-c812442 text elementor-widget elementor-widget-heading\" data-id=\"c812442\" data-element_type=\"widget\" data-widget_type=\"heading.default\">\n\t\t\t\t<div class=\"elementor-widget-container\">\n\t\t\t\t\t<h2 class=\"elementor-heading-title elementor-size-default\">Sky<\/h2>\t\t\t\t<\/div>\n\t\t\t\t<\/div>\n\t\t\t\t<div class=\"elementor-element elementor-element-b3aa929 text elementor-widget elementor-widget-heading\" data-id=\"b3aa929\" data-element_type=\"widget\" data-widget_type=\"heading.default\">\n\t\t\t\t<div class=\"elementor-widget-container\">\n\t\t\t\t\t<h2 class=\"elementor-heading-title elementor-size-default\">&quot;Cailloux&quot;<\/h2>\t\t\t\t<\/div>\n\t\t\t\t<\/div>\n\t\t\t\t<div class=\"elementor-element elementor-element-7aee557 elementor-widget__width-initial arrow-survol elementor-widget elementor-widget-text-editor\" data-id=\"7aee557\" data-element_type=\"widget\" data-widget_type=\"text-editor.default\">\n\t\t\t\t<div class=\"elementor-widget-container\">\n\t\t\t\t\t\t\t\t\t<p>Toujours pr\u00eate \u00e0 tout !<\/p><p>Elle peut sauter comme un kangourou lorsqu'elle est heureuse, tout comme elle peut s'allonger calmement pr\u00e8s de vous et r\u00e9clamer des gratouilles !<\/p><p>Attention elle vous suppliera de faire un c\u00e2lin avec sa jolie bouille, n&#039;arr\u00eatez surtout pas son massage sinon elle vous donnera la patte pour vous demander de continuer !<\/p>\t\t\t\t\t\t\t\t<\/div>\n\t\t\t\t<\/div>\n\t\t\t\t<\/div>\n\t\t\t\t<\/div>\n\t\t<div class=\"elementor-element elementor-element-544adb3 e-con-full hover-container e-flex e-con e-child\" data-id=\"544adb3\" data-element_type=\"container\" data-settings=\"{&quot;background_background&quot;:&quot;classic&quot;,&quot;jet_parallax_layout_list&quot;:[]}\">\n\t\t<div class=\"elementor-element elementor-element-629e209 e-con-full box-survol e-flex e-con e-child\" data-id=\"629e209\" data-element_type=\"container\" data-settings=\"{&quot;jet_parallax_layout_list&quot;:[]}\">\n\t\t\t\t<div class=\"elementor-element elementor-element-bc2e511 text elementor-widget elementor-widget-heading\" data-id=\"bc2e511\" data-element_type=\"widget\" data-widget_type=\"heading.default\">\n\t\t\t\t<div class=\"elementor-widget-container\">\n\t\t\t\t\t<h2 class=\"elementor-heading-title elementor-size-default\">Arktika<\/h2>\t\t\t\t<\/div>\n\t\t\t\t<\/div>\n\t\t\t\t<div class=\"elementor-element elementor-element-cf11222 text elementor-widget elementor-widget-heading\" data-id=\"cf11222\" data-element_type=\"widget\" data-widget_type=\"heading.default\">\n\t\t\t\t<div class=\"elementor-widget-container\">\n\t\t\t\t\t<h2 class=\"elementor-heading-title elementor-size-default\">&quot;La Tik&quot;\n\n<\/h2>\t\t\t\t<\/div>\n\t\t\t\t<\/div>\n\t\t\t\t<div class=\"elementor-element elementor-element-c8e5457 elementor-widget__width-initial arrow-survol elementor-widget elementor-widget-text-editor\" data-id=\"c8e5457\" data-element_type=\"widget\" data-widget_type=\"text-editor.default\">\n\t\t\t\t<div class=\"elementor-widget-container\">\n\t\t\t\t\t\t\t\t\t<p>La mignonne qui parle !<\/p><p>Tr\u00e8s calme et discr\u00e8te dans notre quotidien, elle devient une v\u00e9ritable chanteuse lorsque l&#039;on se pr\u00e9pare \u00e0 toutes sortes d&#039;aventures !<\/p><p>Sa personnalit\u00e9 est tellement plus complexe qu'elle ne laisse penser... Elle peut para\u00eetre distante parfois mais elle est toujours pr\u00eate \u00e0 se faire gratter les fesses !<\/p>\t\t\t\t\t\t\t\t<\/div>\n\t\t\t\t<\/div>\n\t\t\t\t<\/div>\n\t\t\t\t<\/div>\n\t\t<div class=\"elementor-element elementor-element-1b0cd83 e-con-full hover-container e-flex e-con e-child\" data-id=\"1b0cd83\" data-element_type=\"container\" data-settings=\"{&quot;background_background&quot;:&quot;classic&quot;,&quot;jet_parallax_layout_list&quot;:[]}\">\n\t\t<div class=\"elementor-element elementor-element-25fe33e e-con-full box-survol e-flex e-con e-child\" data-id=\"25fe33e\" data-element_type=\"container\" data-settings=\"{&quot;jet_parallax_layout_list&quot;:[]}\">\n\t\t\t\t<div class=\"elementor-element elementor-element-1317605 text elementor-widget elementor-widget-heading\" data-id=\"1317605\" data-element_type=\"widget\" data-widget_type=\"heading.default\">\n\t\t\t\t<div class=\"elementor-widget-container\">\n\t\t\t\t\t<h2 class=\"elementor-heading-title elementor-size-default\">Lumi<\/h2>\t\t\t\t<\/div>\n\t\t\t\t<\/div>\n\t\t\t\t<div class=\"elementor-element elementor-element-7715068 text elementor-widget elementor-widget-heading\" data-id=\"7715068\" data-element_type=\"widget\" data-widget_type=\"heading.default\">\n\t\t\t\t<div class=\"elementor-widget-container\">\n\t\t\t\t\t<h2 class=\"elementor-heading-title elementor-size-default\">&quot;Lulu&quot;<\/h2>\t\t\t\t<\/div>\n\t\t\t\t<\/div>\n\t\t\t\t<div class=\"elementor-element elementor-element-a8f79f9 elementor-widget__width-initial arrow-survol elementor-widget elementor-widget-text-editor\" data-id=\"a8f79f9\" data-element_type=\"widget\" data-widget_type=\"text-editor.default\">\n\t\t\t\t<div class=\"elementor-widget-container\">\n\t\t\t\t\t\t\t\t\t<p>C'est la derni\u00e8re recrue de la meute, ses yeux sombres sont aux antipodes de sa joie color\u00e9e ! Elle est la plus mignonne que vous puissiez rencontrer, mais attention, derri\u00e8re son air innocent, c'est aussi la femelle la plus puissante de notre meute, toujours pr\u00eate \u00e0 vous tracter pendant notre promenade !<\/p><p>Soyez encore prudent, elle volera votre c\u0153ur assez rapidement avec tous ses baisers et ses c\u00e2lins\u2026<\/p>\t\t\t\t\t\t\t\t<\/div>\n\t\t\t\t<\/div>\n\t\t\t\t<\/div>\n\t\t\t\t<\/div>\n\t\t\t\t<\/div>\n\t\t\t\t<\/div>\n\t\t\t\t<\/div>\n\t\t\t\t\t<\/div>\n\t\t\t\t<\/div>\n\t\t\t\t<\/div>","protected":false},"excerpt":{"rendered":"<p>Notre famille de huskys. D\u00e9couvrez les membres de la meute Bor\u00e9ale\u00a0: (cliquez sur l&#039;image) Fl\u00f3ki \u00ab\u00a0Flokette\u00a0\u00bb Flokette est notre adorable petit ourson tout doux. C&#039;est un petit chien calme et solitaire qui a besoin d&#039;espace, mais il sera coll\u00e9 \u00e0 vous si vous avez une friandise dans la poche. Il ne partagera peut-\u00eatre pas [\u2026]<\/p>","protected":false},"author":2,"featured_media":0,"parent":0,"menu_order":0,"comment_status":"closed","ping_status":"closed","template":"","meta":{"footnotes":""},"class_list":["post-2575","page","type-page","status-publish","hentry"],"_links":{"self":[{"href":"https:\/\/borealpackadventure.com\/fr\/wp-json\/wp\/v2\/pages\/2575","targetHints":{"allow":["GET"]}}],"collection":[{"href":"https:\/\/borealpackadventure.com\/fr\/wp-json\/wp\/v2\/pages"}],"about":[{"href":"https:\/\/borealpackadventure.com\/fr\/wp-json\/wp\/v2\/types\/page"}],"author":[{"embeddable":true,"href":"https:\/\/borealpackadventure.com\/fr\/wp-json\/wp\/v2\/users\/2"}],"replies":[{"embeddable":true,"href":"https:\/\/borealpackadventure.com\/fr\/wp-json\/wp\/v2\/comments?post=2575"}],"version-history":[{"count":106,"href":"https:\/\/borealpackadventure.com\/fr\/wp-json\/wp\/v2\/pages\/2575\/revisions"}],"predecessor-version":[{"id":8908,"href":"https:\/\/borealpackadventure.com\/fr\/wp-json\/wp\/v2\/pages\/2575\/revisions\/8908"}],"wp:attachment":[{"href":"https:\/\/borealpackadventure.com\/fr\/wp-json\/wp\/v2\/media?parent=2575"}],"curies":[{"name":"wp","href":"https:\/\/api.w.org\/{rel}","templated":true}]}}