{"id":2766,"date":"2025-05-01T21:46:39","date_gmt":"2025-05-01T21:46:39","guid":{"rendered":"https:\/\/borealpackadventure.com\/?page_id=2766"},"modified":"2025-05-16T12:59:25","modified_gmt":"2025-05-16T12:59:25","slug":"photographie","status":"publish","type":"page","link":"https:\/\/borealpackadventure.com\/fr\/photographie\/","title":{"rendered":"Photographie"},"content":{"rendered":"<div data-elementor-type=\"wp-page\" data-elementor-id=\"2766\" class=\"elementor elementor-2766\" data-elementor-post-type=\"page\">\n\t\t\t\t<div class=\"elementor-element elementor-element-15e8515 e-flex e-con-boxed e-con e-parent\" data-id=\"15e8515\" data-element_type=\"container\" data-settings=\"{&quot;background_background&quot;:&quot;classic&quot;,&quot;jet_parallax_layout_list&quot;:[]}\">\n\t\t\t\t\t<div class=\"e-con-inner\">\n\t\t\t\t<div class=\"elementor-element elementor-element-915552d elementor-widget elementor-widget-heading\" data-id=\"915552d\" data-element_type=\"widget\" data-widget_type=\"heading.default\">\n\t\t\t\t<div class=\"elementor-widget-container\">\n\t\t\t\t\t<h2 class=\"elementor-heading-title elementor-size-default\">Photographie<\/h2>\t\t\t\t<\/div>\n\t\t\t\t<\/div>\n\t\t\t\t\t<\/div>\n\t\t\t\t<\/div>\n\t\t<div class=\"elementor-element elementor-element-409e933 e-flex e-con-boxed e-con e-parent\" data-id=\"409e933\" data-element_type=\"container\" data-settings=\"{&quot;jet_parallax_layout_list&quot;:[]}\">\n\t\t\t\t\t<div class=\"e-con-inner\">\n\t\t<div class=\"elementor-element elementor-element-b8344fe e-con-full e-flex e-con e-child\" data-id=\"b8344fe\" data-element_type=\"container\" data-settings=\"{&quot;background_background&quot;:&quot;classic&quot;,&quot;jet_parallax_layout_list&quot;:[]}\">\n\t\t<div class=\"elementor-element elementor-element-f23fd04 e-con-full e-flex e-con e-child\" data-id=\"f23fd04\" data-element_type=\"container\" data-settings=\"{&quot;jet_parallax_layout_list&quot;:[]}\">\n\t\t<div class=\"elementor-element elementor-element-8010e39 e-flex e-con-boxed e-con e-child\" data-id=\"8010e39\" data-element_type=\"container\" data-settings=\"{&quot;jet_parallax_layout_list&quot;:[]}\">\n\t\t\t\t\t<div class=\"e-con-inner\">\n\t\t\t\t<div class=\"elementor-element elementor-element-b7eadcb elementor-widget elementor-widget-heading\" data-id=\"b7eadcb\" data-element_type=\"widget\" data-widget_type=\"heading.default\">\n\t\t\t\t<div class=\"elementor-widget-container\">\n\t\t\t\t\t<h2 class=\"elementor-heading-title elementor-size-default\">Photos de notre site Web \n<\/h2>\t\t\t\t<\/div>\n\t\t\t\t<\/div>\n\t\t<div class=\"elementor-element elementor-element-2797d6e e-grid e-con-full e-con e-child\" data-id=\"2797d6e\" data-element_type=\"container\" data-settings=\"{&quot;jet_parallax_layout_list&quot;:[]}\">\n\t\t\t\t<div class=\"elementor-element elementor-element-4446d26 elementor-widget elementor-widget-image\" data-id=\"4446d26\" data-element_type=\"widget\" data-widget_type=\"image.default\">\n\t\t\t\t<div class=\"elementor-widget-container\">\n\t\t\t\t\t\t\t\t\t\t\t\t\t\t\t<img fetchpriority=\"high\" decoding=\"async\" width=\"800\" height=\"533\" src=\"https:\/\/borealpackadventure.com\/wp-content\/uploads\/2025\/05\/187a974f-7eea-467b-a481-367d1568d2ce-1024x682.jpg\" class=\"attachment-large size-large wp-image-2768\" alt=\"Pack Aventure Bor\u00e9al - Aurore bor\u00e9ale\" srcset=\"https:\/\/borealpackadventure.com\/wp-content\/uploads\/2025\/05\/187a974f-7eea-467b-a481-367d1568d2ce-1024x682.jpg 1024w, https:\/\/borealpackadventure.com\/wp-content\/uploads\/2025\/05\/187a974f-7eea-467b-a481-367d1568d2ce-300x200.jpg 300w, https:\/\/borealpackadventure.com\/wp-content\/uploads\/2025\/05\/187a974f-7eea-467b-a481-367d1568d2ce-768x512.jpg 768w, https:\/\/borealpackadventure.com\/wp-content\/uploads\/2025\/05\/187a974f-7eea-467b-a481-367d1568d2ce-1536x1023.jpg 1536w, https:\/\/borealpackadventure.com\/wp-content\/uploads\/2025\/05\/187a974f-7eea-467b-a481-367d1568d2ce.jpg 1600w\" sizes=\"(max-width: 800px) 100vw, 800px\" \/>\t\t\t\t\t\t\t\t\t\t\t\t\t\t\t<\/div>\n\t\t\t\t<\/div>\n\t\t<div class=\"elementor-element elementor-element-941c883 e-con-full e-flex e-con e-child\" data-id=\"941c883\" data-element_type=\"container\" data-settings=\"{&quot;jet_parallax_layout_list&quot;:[]}\">\n\t\t\t\t<div class=\"elementor-element elementor-element-031370e elementor-widget elementor-widget-text-editor\" data-id=\"031370e\" data-element_type=\"widget\" data-widget_type=\"text-editor.default\">\n\t\t\t\t<div class=\"elementor-widget-container\">\n\t\t\t\t\t\t\t\t\t<p class=\"has-text-align-center\">Toutes les images qui sont sur notre site sont plut\u00f4t de nous, plut\u00f4t de personnes talentueuses qui nous donnent leur autorisation de les utiliser.<\/p><p class=\"has-text-align-center\">Veuillez ne pas les utiliser sans leur consentement.<\/p>\t\t\t\t\t\t\t\t<\/div>\n\t\t\t\t<\/div>\n\t\t<div class=\"elementor-element elementor-element-5b1f271 e-grid e-con-full e-con e-child\" data-id=\"5b1f271\" data-element_type=\"container\" data-settings=\"{&quot;jet_parallax_layout_list&quot;:[]}\">\n\t\t\t\t<div class=\"elementor-element elementor-element-dd4801e elementor-headline--style-highlight elementor-widget elementor-widget-animated-headline\" data-id=\"dd4801e\" data-element_type=\"widget\" data-settings=\"{&quot;marker&quot;:&quot;underline_zigzag&quot;,&quot;highlighted_text&quot;:&quot;THANK YOU &quot;,&quot;headline_style&quot;:&quot;highlight&quot;,&quot;loop&quot;:&quot;yes&quot;,&quot;highlight_animation_duration&quot;:1200,&quot;highlight_iteration_delay&quot;:8000}\" data-widget_type=\"animated-headline.default\">\n\t\t\t\t<div class=\"elementor-widget-container\">\n\t\t\t\t\t\t\t<h6 class=\"elementor-headline\">\n\t\t\t\t<span class=\"elementor-headline-dynamic-wrapper elementor-headline-text-wrapper\">\n\t\t\t\t\t<span class=\"elementor-headline-dynamic-text elementor-headline-text-active\">MERCI <\/span>\n\t\t\t\t<\/span>\n\t\t\t\t<\/h6>\n\t\t\t\t\t\t<\/div>\n\t\t\t\t<\/div>\n\t\t\t\t<\/div>\n\t\t\t\t<div class=\"elementor-element elementor-element-867aabd elementor-widget elementor-widget-text-editor\" data-id=\"867aabd\" data-element_type=\"widget\" data-widget_type=\"text-editor.default\">\n\t\t\t\t<div class=\"elementor-widget-container\">\n\t\t\t\t\t\t\t\t\t<p><strong>A tous ces merveilleux photographes et amis talentueux, merci pour ces souvenirs et ces belles photos qui ont parfaitement illustr\u00e9 notre style de vie.<\/strong><\/p>\t\t\t\t\t\t\t\t<\/div>\n\t\t\t\t<\/div>\n\t\t\t\t<\/div>\n\t\t\t\t<\/div>\n\t\t\t\t<div class=\"elementor-element elementor-element-e8c3993 elementor-widget elementor-widget-spacer\" data-id=\"e8c3993\" data-element_type=\"widget\" data-widget_type=\"spacer.default\">\n\t\t\t\t<div class=\"elementor-widget-container\">\n\t\t\t\t\t\t\t<div class=\"elementor-spacer\">\n\t\t\t<div class=\"elementor-spacer-inner\"><\/div>\n\t\t<\/div>\n\t\t\t\t\t\t<\/div>\n\t\t\t\t<\/div>\n\t\t\t\t\t<\/div>\n\t\t\t\t<\/div>\n\t\t\t\t<div class=\"elementor-element elementor-element-d0fffb9 elementor-widget elementor-widget-text-editor\" data-id=\"d0fffb9\" data-element_type=\"widget\" data-widget_type=\"text-editor.default\">\n\t\t\t\t<div class=\"elementor-widget-container\">\n\t\t\t\t\t\t\t\t\t<p><em>(cliquez sur l&#039;image)<\/em><\/p>\t\t\t\t\t\t\t\t<\/div>\n\t\t\t\t<\/div>\n\t\t\t\t<div class=\"elementor-element elementor-element-f9e57f3 elementor-widget elementor-widget-jet-images-layout\" data-id=\"f9e57f3\" data-element_type=\"widget\" data-settings=\"{&quot;columns_tablet&quot;:&quot;2&quot;,&quot;columns_mobile&quot;:&quot;1&quot;,&quot;columns&quot;:3}\" data-widget_type=\"jet-images-layout.default\">\n\t\t\t\t<div class=\"elementor-widget-container\">\n\t\t\t\t\t<div class=\"elementor-jet-images-layout jet-elements\">\n<div class=\"jet-images-layout layout-type-masonry\" data-settings='{&quot;layoutType&quot;:&quot;masonry&quot;,&quot;justifyHeight&quot;:300}'>\n\t<div class=\"jet-images-layout__list salvattore column-desktop-3 column-tablet-2 column-mobile-1\" data-columns>\n<div class=\"jet-images-layout__item\">\n\t<div class=\"jet-images-layout__inner\">\n\t\t<div class=\"jet-images-layout__image-loader\"><span><\/span><\/div>\n\t\t<a class=\"jet-images-layout__link\" href=\"https:\/\/borealpackadventure.com\/wp-content\/uploads\/2024\/07\/dji_fly_20240311_173322_126_1710174820801_photo-1-scaled.jpg\" data-elementor-open-lightbox=\"yes\" data-elementor-lightbox-slideshow=\"f9e57f3\" data-elementor-lightbox-title=\"Maxime Dil\" data-elementor-lightbox-description=\"\">\n\t\t\t<div class=\"jet-images-layout__image\">\n\t\t\t\t<img decoding=\"async\" class=\"jet-images-layout__image-instance\" src=\"https:\/\/borealpackadventure.com\/wp-content\/uploads\/2024\/07\/dji_fly_20240311_173322_126_1710174820801_photo-1-scaled.jpg\" alt=\"Maxime Dil\" loading=\"lazy\">\t\t\t<\/div>\n\t\t\t<div class=\"jet-images-layout__content\"><h3 class=\"jet-images-layout__title\">Maxime Dil<\/h3><\/div>\n\t\t<\/a>\n\t<\/div>\n<\/div>\n<div class=\"jet-images-layout__item\">\n\t<div class=\"jet-images-layout__inner\">\n\t\t<div class=\"jet-images-layout__image-loader\"><span><\/span><\/div>\n\t\t<a class=\"jet-images-layout__link\" href=\"https:\/\/www.instagram.com\/northlife_explorer\/\" target=\"_blank\" rel=\"noopener\">\n\t\t\t<div class=\"jet-images-layout__image\">\n\t\t\t\t<img decoding=\"async\" class=\"jet-images-layout__image-instance\" src=\"https:\/\/borealpackadventure.com\/wp-content\/uploads\/2025\/04\/C05A8464-scaled.jpg\" alt=\"C05A8464\" loading=\"lazy\">\t\t\t<\/div>\n\t\t\t<div class=\"jet-images-layout__content\"><h3 class=\"jet-images-layout__title\">Amandine Josse<\/h3><div class=\"jet-images-layout__desc\">@northlife_explorer<\/div><\/div>\n\t\t<\/a>\n\t<\/div>\n<\/div>\n<div class=\"jet-images-layout__item\">\n\t<div class=\"jet-images-layout__inner\">\n\t\t<div class=\"jet-images-layout__image-loader\"><span><\/span><\/div>\n\t\t<a class=\"jet-images-layout__link\" href=\"https:\/\/borealpackadventure.com\/wp-content\/uploads\/2025\/05\/52a7014b-72e3-4d76-9774-388c0bdff841.jpg\" data-elementor-open-lightbox=\"yes\" data-elementor-lightbox-slideshow=\"f9e57f3\" data-elementor-lightbox-title=\"Richard Biscaro\" data-elementor-lightbox-description=\"\">\n\t\t\t<div class=\"jet-images-layout__image\">\n\t\t\t\t<img decoding=\"async\" class=\"jet-images-layout__image-instance\" src=\"https:\/\/borealpackadventure.com\/wp-content\/uploads\/2025\/05\/52a7014b-72e3-4d76-9774-388c0bdff841.jpg\" alt=\"Pack Aventure Bor\u00e9al - Aurore bor\u00e9ale\" loading=\"lazy\">\t\t\t<\/div>\n\t\t\t<div class=\"jet-images-layout__content\"><h3 class=\"jet-images-layout__title\">Richard Biscaro<\/h3><\/div>\n\t\t<\/a>\n\t<\/div>\n<\/div>\n<div class=\"jet-images-layout__item\">\n\t<div class=\"jet-images-layout__inner\">\n\t\t<div class=\"jet-images-layout__image-loader\"><span><\/span><\/div>\n\t\t<a class=\"jet-images-layout__link\" href=\"https:\/\/borealpackadventure.com\/wp-content\/uploads\/2025\/05\/6742EE17-EE48-43B4-8578-C399BD97A21E.jpg\" data-elementor-open-lightbox=\"yes\" data-elementor-lightbox-slideshow=\"f9e57f3\" data-elementor-lightbox-title=\"Juliette Lhuisset\" data-elementor-lightbox-description=\"\">\n\t\t\t<div class=\"jet-images-layout__image\">\n\t\t\t\t<img decoding=\"async\" class=\"jet-images-layout__image-instance\" src=\"https:\/\/borealpackadventure.com\/wp-content\/uploads\/2025\/05\/6742EE17-EE48-43B4-8578-C399BD97A21E.jpg\" alt=\"Aventure Bor\u00e9ale en Pack - hiver\" loading=\"lazy\">\t\t\t<\/div>\n\t\t\t<div class=\"jet-images-layout__content\"><h3 class=\"jet-images-layout__title\">Juliette Lhuisset<\/h3><\/div>\n\t\t<\/a>\n\t<\/div>\n<\/div>\n<div class=\"jet-images-layout__item\">\n\t<div class=\"jet-images-layout__inner\">\n\t\t<div class=\"jet-images-layout__image-loader\"><span><\/span><\/div>\n\t\t<a class=\"jet-images-layout__link\" href=\"https:\/\/www.instagram.com\/a_lotta_love\/\" target=\"_blank\" rel=\"noopener\">\n\t\t\t<div class=\"jet-images-layout__image\">\n\t\t\t\t<img decoding=\"async\" class=\"jet-images-layout__image-instance\" src=\"https:\/\/borealpackadventure.com\/wp-content\/uploads\/2025\/05\/IMG_9506.jpg\" alt=\"Aventure Bor\u00e9ale en Pack - hiver\" loading=\"lazy\">\t\t\t<\/div>\n\t\t\t<div class=\"jet-images-layout__content\"><h3 class=\"jet-images-layout__title\">Lotta Nyberg<\/h3><div class=\"jet-images-layout__desc\">@a_lotta_love<\/div><\/div>\n\t\t<\/a>\n\t<\/div>\n<\/div>\n<div class=\"jet-images-layout__item\">\n\t<div class=\"jet-images-layout__inner\">\n\t\t<div class=\"jet-images-layout__image-loader\"><span><\/span><\/div>\n\t\t<a class=\"jet-images-layout__link\" href=\"https:\/\/www.instagram.com\/hugoperrinfilmmaker\/\" target=\"_blank\" rel=\"noopener\">\n\t\t\t<div class=\"jet-images-layout__image\">\n\t\t\t\t<img decoding=\"async\" class=\"jet-images-layout__image-instance\" src=\"https:\/\/borealpackadventure.com\/wp-content\/uploads\/2025\/05\/SWEDISH-LAPLAND_WINTER24_HUGO-PERRIN-1003434-scaled.jpeg\" alt=\"SU\u00c9DOIS-LAPONIE_HIVER24_HUGO-PERRIN-1003434\" loading=\"lazy\">\t\t\t<\/div>\n\t\t\t<div class=\"jet-images-layout__content\"><h3 class=\"jet-images-layout__title\">Hugo Perrin et Sarah Andrade<\/h3><div class=\"jet-images-layout__desc\">@hugoperrinfilmmaker<br>\n@enrouteretivenomad<\/div><\/div>\n\t\t<\/a>\n\t<\/div>\n<\/div>\n<div class=\"jet-images-layout__item\">\n\t<div class=\"jet-images-layout__inner\">\n\t\t<div class=\"jet-images-layout__image-loader\"><span><\/span><\/div>\n\t\t<a class=\"jet-images-layout__link\" href=\"https:\/\/www.instagram.com\/les.avanturiers\/\" target=\"_blank\" rel=\"noopener\">\n\t\t\t<div class=\"jet-images-layout__image\">\n\t\t\t\t<img decoding=\"async\" class=\"jet-images-layout__image-instance\" src=\"https:\/\/borealpackadventure.com\/wp-content\/uploads\/2025\/05\/8313ed67-bc35-4a1b-99d5-3ca58d1a3c18.jpg\" alt=\"Aventure Bor\u00e9ale en Pack - Hiver\" loading=\"lazy\">\t\t\t<\/div>\n\t\t\t<div class=\"jet-images-layout__content\"><h3 class=\"jet-images-layout__title\">Salom\u00e9 et Mathis<\/h3><div class=\"jet-images-layout__desc\">@les.avanturiers<\/div><\/div>\n\t\t<\/a>\n\t<\/div>\n<\/div>\n<div class=\"jet-images-layout__item\">\n\t<div class=\"jet-images-layout__inner\">\n\t\t<div class=\"jet-images-layout__image-loader\"><span><\/span><\/div>\n\t\t<a class=\"jet-images-layout__link\" href=\"https:\/\/borealpackadventure.com\/wp-content\/uploads\/2025\/04\/IMG_6967-scaled.jpg\" data-elementor-open-lightbox=\"yes\" data-elementor-lightbox-slideshow=\"f9e57f3\" data-elementor-lightbox-title=\"Sebastien Lamasse\" data-elementor-lightbox-description=\"\">\n\t\t\t<div class=\"jet-images-layout__image\">\n\t\t\t\t<img decoding=\"async\" class=\"jet-images-layout__image-instance\" src=\"https:\/\/borealpackadventure.com\/wp-content\/uploads\/2025\/04\/IMG_6967-scaled.jpg\" alt=\"d\u00e9faut\" loading=\"lazy\">\t\t\t<\/div>\n\t\t\t<div class=\"jet-images-layout__content\"><h3 class=\"jet-images-layout__title\">S\u00e9bastien Lamasse<\/h3><\/div>\n\t\t<\/a>\n\t<\/div>\n<\/div>\n<div class=\"jet-images-layout__item\">\n\t<div class=\"jet-images-layout__inner\">\n\t\t<div class=\"jet-images-layout__image-loader\"><span><\/span><\/div>\n\t\t<a class=\"jet-images-layout__link\" href=\"https:\/\/borealpackadventure.com\/wp-content\/uploads\/2025\/04\/922cea28-3d51-49c1-a574-8b1f3e922d1f.jpg\" data-elementor-open-lightbox=\"yes\" data-elementor-lightbox-slideshow=\"f9e57f3\" data-elementor-lightbox-title=\"Tessa Seegers\" data-elementor-lightbox-description=\"\">\n\t\t\t<div class=\"jet-images-layout__image\">\n\t\t\t\t<img decoding=\"async\" class=\"jet-images-layout__image-instance\" src=\"https:\/\/borealpackadventure.com\/wp-content\/uploads\/2025\/04\/922cea28-3d51-49c1-a574-8b1f3e922d1f.jpg\" alt=\"922cea28-3d51-49c1-a574-8b1f3e922d1f\" loading=\"lazy\">\t\t\t<\/div>\n\t\t\t<div class=\"jet-images-layout__content\"><h3 class=\"jet-images-layout__title\">Tessa Seegers<\/h3><\/div>\n\t\t<\/a>\n\t<\/div>\n<\/div>\n<div class=\"jet-images-layout__item\">\n\t<div class=\"jet-images-layout__inner\">\n\t\t<div class=\"jet-images-layout__image-loader\"><span><\/span><\/div>\n\t\t<a class=\"jet-images-layout__link\" href=\"https:\/\/borealpackadventure.com\/wp-content\/uploads\/2024\/07\/img_5573-scaled.jpg\" data-elementor-open-lightbox=\"yes\" data-elementor-lightbox-slideshow=\"f9e57f3\" data-elementor-lightbox-title=\"Bert Syssens\" data-elementor-lightbox-description=\"\">\n\t\t\t<div class=\"jet-images-layout__image\">\n\t\t\t\t<img decoding=\"async\" class=\"jet-images-layout__image-instance\" src=\"https:\/\/borealpackadventure.com\/wp-content\/uploads\/2024\/07\/img_5573-scaled.jpg\" alt=\"Excursion en motoneige\" loading=\"lazy\">\t\t\t<\/div>\n\t\t\t<div class=\"jet-images-layout__content\"><h3 class=\"jet-images-layout__title\">Bert Syssens<\/h3><\/div>\n\t\t<\/a>\n\t<\/div>\n<\/div>\n<div class=\"jet-images-layout__item\">\n\t<div class=\"jet-images-layout__inner\">\n\t\t<div class=\"jet-images-layout__image-loader\"><span><\/span><\/div>\n\t\t<a class=\"jet-images-layout__link\" href=\"https:\/\/borealpackadventure.com\/wp-content\/uploads\/2025\/04\/7c3a8719-scaled.jpg\" data-elementor-open-lightbox=\"yes\" data-elementor-lightbox-slideshow=\"f9e57f3\" data-elementor-lightbox-title=\"Nicolas Meyer\" data-elementor-lightbox-description=\"\">\n\t\t\t<div class=\"jet-images-layout__image\">\n\t\t\t\t<img decoding=\"async\" class=\"jet-images-layout__image-instance\" src=\"https:\/\/borealpackadventure.com\/wp-content\/uploads\/2025\/04\/7c3a8719-scaled.jpg\" alt=\"7c3a8719\" loading=\"lazy\">\t\t\t<\/div>\n\t\t\t<div class=\"jet-images-layout__content\"><h3 class=\"jet-images-layout__title\">Nicolas Meyer<\/h3><\/div>\n\t\t<\/a>\n\t<\/div>\n<\/div>\n<div class=\"jet-images-layout__item\">\n\t<div class=\"jet-images-layout__inner\">\n\t\t<div class=\"jet-images-layout__image-loader\"><span><\/span><\/div>\n\t\t<a class=\"jet-images-layout__link\" href=\"https:\/\/borealpackadventure.com\/wp-content\/uploads\/2025\/05\/RNI-Films-IMG-9A5DCC8C-D245-4858-A95E-B8F3826C1400-scaled.jpg\" data-elementor-open-lightbox=\"yes\" data-elementor-lightbox-slideshow=\"f9e57f3\" data-elementor-lightbox-title=\"Malou Coppin\" data-elementor-lightbox-description=\"\">\n\t\t\t<div class=\"jet-images-layout__image\">\n\t\t\t\t<img decoding=\"async\" class=\"jet-images-layout__image-instance\" src=\"https:\/\/borealpackadventure.com\/wp-content\/uploads\/2025\/05\/RNI-Films-IMG-9A5DCC8C-D245-4858-A95E-B8F3826C1400-scaled.jpg\" alt=\"Aventure Bor\u00e9ale - husky\" loading=\"lazy\">\t\t\t<\/div>\n\t\t\t<div class=\"jet-images-layout__content\"><h3 class=\"jet-images-layout__title\">Malou Coppin<\/h3><\/div>\n\t\t<\/a>\n\t<\/div>\n<\/div>\n<\/div><\/div>\n<\/div>\t\t\t\t<\/div>\n\t\t\t\t<\/div>\n\t\t\t\t<div class=\"elementor-element elementor-element-139d780 elementor-headline--style-highlight elementor-widget elementor-widget-animated-headline\" data-id=\"139d780\" data-element_type=\"widget\" data-settings=\"{&quot;marker&quot;:&quot;double_underline&quot;,&quot;highlighted_text&quot;:&quot;Thank you guys !&quot;,&quot;headline_style&quot;:&quot;highlight&quot;,&quot;loop&quot;:&quot;yes&quot;,&quot;highlight_animation_duration&quot;:1200,&quot;highlight_iteration_delay&quot;:8000}\" data-widget_type=\"animated-headline.default\">\n\t\t\t\t<div class=\"elementor-widget-container\">\n\t\t\t\t\t\t\t<h3 class=\"elementor-headline\">\n\t\t\t\t<span class=\"elementor-headline-dynamic-wrapper elementor-headline-text-wrapper\">\n\t\t\t\t\t<span class=\"elementor-headline-dynamic-text elementor-headline-text-active\">Merci les gars !<\/span>\n\t\t\t\t<\/span>\n\t\t\t\t<\/h3>\n\t\t\t\t\t\t<\/div>\n\t\t\t\t<\/div>\n\t\t\t\t<\/div>\n\t\t\t\t<\/div>\n\t\t\t\t\t<\/div>\n\t\t\t\t<\/div>\n\t\t\t\t<\/div>","protected":false},"excerpt":{"rendered":"<p>Photographie Les photos de notre site web Toutes les photos pr\u00e9sentes sur notre site web proviennent de nous, mais de personnes talentueuses qui nous ont donn\u00e9 leur autorisation de les utiliser. Veuillez ne pas les utiliser sans leur consentement. MERCI \u00c0 tous ces merveilleux photographes et amis talentueux, merci pour ces souvenirs et ces belles photos qui [\u2026]<\/p>","protected":false},"author":2,"featured_media":0,"parent":0,"menu_order":0,"comment_status":"closed","ping_status":"closed","template":"","meta":{"footnotes":""},"class_list":["post-2766","page","type-page","status-publish","hentry"],"_links":{"self":[{"href":"https:\/\/borealpackadventure.com\/fr\/wp-json\/wp\/v2\/pages\/2766","targetHints":{"allow":["GET"]}}],"collection":[{"href":"https:\/\/borealpackadventure.com\/fr\/wp-json\/wp\/v2\/pages"}],"about":[{"href":"https:\/\/borealpackadventure.com\/fr\/wp-json\/wp\/v2\/types\/page"}],"author":[{"embeddable":true,"href":"https:\/\/borealpackadventure.com\/fr\/wp-json\/wp\/v2\/users\/2"}],"replies":[{"embeddable":true,"href":"https:\/\/borealpackadventure.com\/fr\/wp-json\/wp\/v2\/comments?post=2766"}],"version-history":[{"count":52,"href":"https:\/\/borealpackadventure.com\/fr\/wp-json\/wp\/v2\/pages\/2766\/revisions"}],"predecessor-version":[{"id":7034,"href":"https:\/\/borealpackadventure.com\/fr\/wp-json\/wp\/v2\/pages\/2766\/revisions\/7034"}],"wp:attachment":[{"href":"https:\/\/borealpackadventure.com\/fr\/wp-json\/wp\/v2\/media?parent=2766"}],"curies":[{"name":"wp","href":"https:\/\/api.w.org\/{rel}","templated":true}]}}