{"id":3038,"date":"2025-05-02T12:58:02","date_gmt":"2025-05-02T12:58:02","guid":{"rendered":"https:\/\/borealpackadventure.com\/?page_id=3038"},"modified":"2025-05-16T08:52:17","modified_gmt":"2025-05-16T08:52:17","slug":"termes-et-conditions","status":"publish","type":"page","link":"https:\/\/borealpackadventure.com\/fr\/termes-et-conditions\/","title":{"rendered":"Conditions g\u00e9n\u00e9rales"},"content":{"rendered":"<div data-elementor-type=\"wp-page\" data-elementor-id=\"3038\" class=\"elementor elementor-3038\" data-elementor-post-type=\"page\">\n\t\t\t\t<div class=\"elementor-element elementor-element-15e8515 e-flex e-con-boxed e-con e-parent\" data-id=\"15e8515\" data-element_type=\"container\" data-settings=\"{&quot;background_background&quot;:&quot;classic&quot;,&quot;jet_parallax_layout_list&quot;:[]}\">\n\t\t\t\t\t<div class=\"e-con-inner\">\n\t\t\t\t<div class=\"elementor-element elementor-element-915552d elementor-widget elementor-widget-heading\" data-id=\"915552d\" data-element_type=\"widget\" data-widget_type=\"heading.default\">\n\t\t\t\t<div class=\"elementor-widget-container\">\n\t\t\t\t\t<h2 class=\"elementor-heading-title elementor-size-default\">Conditions g\u00e9n\u00e9rales<\/h2>\t\t\t\t<\/div>\n\t\t\t\t<\/div>\n\t\t\t\t\t<\/div>\n\t\t\t\t<\/div>\n\t\t<div class=\"elementor-element elementor-element-409e933 e-flex e-con-boxed e-con e-parent\" data-id=\"409e933\" data-element_type=\"container\" data-settings=\"{&quot;jet_parallax_layout_list&quot;:[]}\">\n\t\t\t\t\t<div class=\"e-con-inner\">\n\t\t<div class=\"elementor-element elementor-element-843e0fe e-flex e-con-boxed e-con e-child\" data-id=\"843e0fe\" data-element_type=\"container\" data-settings=\"{&quot;jet_parallax_layout_list&quot;:[]}\">\n\t\t\t\t\t<div class=\"e-con-inner\">\n\t\t\t\t<div class=\"elementor-element elementor-element-1ccfbce elementor-widget elementor-widget-spacer\" data-id=\"1ccfbce\" data-element_type=\"widget\" data-widget_type=\"spacer.default\">\n\t\t\t\t<div class=\"elementor-widget-container\">\n\t\t\t\t\t\t\t<div class=\"elementor-spacer\">\n\t\t\t<div class=\"elementor-spacer-inner\"><\/div>\n\t\t<\/div>\n\t\t\t\t\t\t<\/div>\n\t\t\t\t<\/div>\n\t\t\t\t<div class=\"elementor-element elementor-element-27d6f8d elementor-widget elementor-widget-heading\" data-id=\"27d6f8d\" data-element_type=\"widget\" data-widget_type=\"heading.default\">\n\t\t\t\t<div class=\"elementor-widget-container\">\n\t\t\t\t\t<h2 class=\"elementor-heading-title elementor-size-default\">Conditions g\u00e9n\u00e9rales de Boreal Pack Adventure<\/h2>\t\t\t\t<\/div>\n\t\t\t\t<\/div>\n\t\t\t\t<div class=\"elementor-element elementor-element-946f1ff elementor-widget elementor-widget-spacer\" data-id=\"946f1ff\" data-element_type=\"widget\" data-widget_type=\"spacer.default\">\n\t\t\t\t<div class=\"elementor-widget-container\">\n\t\t\t\t\t\t\t<div class=\"elementor-spacer\">\n\t\t\t<div class=\"elementor-spacer-inner\"><\/div>\n\t\t<\/div>\n\t\t\t\t\t\t<\/div>\n\t\t\t\t<\/div>\n\t\t\t\t<div class=\"elementor-element elementor-element-58871bb elementor-widget elementor-widget-text-editor\" data-id=\"58871bb\" data-element_type=\"widget\" data-widget_type=\"text-editor.default\">\n\t\t\t\t<div class=\"elementor-widget-container\">\n\t\t\t\t\t\t\t\t\t<ul><li>Informations sur l&#039;entreprise<\/li><\/ul><p>Les activit\u00e9s sont propos\u00e9es par BP Adventure AB (num\u00e9ro d&#039;enregistrement 559489-3702), en collaboration avec OutVentures AB (num\u00e9ro d&#039;enregistrement 559241-7819). Les informations et images du site web sont la propri\u00e9t\u00e9 de l&#039;entreprise ou de ses partenaires et ne peuvent \u00eatre copi\u00e9es sans autorisation.<br \/>Adresse de contact :<br \/>BP Adventure AB<br \/>Olofsfors 7<br \/>956 93 \u00d6verkalix<\/p><ul><li>Tarifs<\/li><\/ul><p>Chaque article est indiqu\u00e9 TVA comprise en couronnes su\u00e9doises. Dans le syst\u00e8me de r\u00e9servation, vous pouvez consulter le prix total incluant tous les frais tels que la TVA, les frais de livraison et les paiements.<\/p><ul><li>Paiement<\/li><\/ul><p>Le paiement s&#039;effectue via le mode de paiement s\u00e9lectionn\u00e9 lors du paiement, par Stripe ou Adyen.<\/p><ul><li>Paiement par carte<\/li><\/ul><p>Les paiements par carte sont accept\u00e9s par Visa, MasterCard et Maestro. Votre carte sera d\u00e9bit\u00e9e imm\u00e9diatement.<\/p><ul><li>Paiement Swish<\/li><\/ul><p>Le paiement par Swish est accept\u00e9 au moment du paiement. Pour en savoir plus et obtenir Swish, rendez-vous sur https:\/\/swish.nu.<\/p><ul><li>Marchandises endommag\u00e9es et r\u00e9clamations<\/li><\/ul><p>Au d\u00e9but de l&#039;activit\u00e9 r\u00e9serv\u00e9e, il est important de v\u00e9rifier que les produits ne sont ni endommag\u00e9s ni d\u00e9fectueux. En cas de produit d\u00e9fectueux ou endommag\u00e9, vous avez droit \u00e0 un produit de remplacement si disponible, ou \u00e0 un remboursement int\u00e9gral.<\/p><ul><li>Clause de non-responsabilit\u00e9<\/li><\/ul><p>Les activit\u00e9s propos\u00e9es par \u00ab\u00a0Boreal Pack Adventure\u00a0\u00bb peuvent \u00eatre physiquement exigeantes et comporter des risques inh\u00e9rents. Bien que \u00ab\u00a0Boreal Pack Adventure\u00a0\u00bb prenne toutes les pr\u00e9cautions raisonnables pour assurer la s\u00e9curit\u00e9 de tous les participants, des accidents peuvent survenir. Veuillez noter que si vous ne respectez pas les r\u00e8gles de s\u00e9curit\u00e9 ou les instructions de nos guides, nous nous r\u00e9servons le droit de vous exclure de l&#039;excursion pour la s\u00e9curit\u00e9 et le plaisir des autres participants.<br \/>En r\u00e9servant et en participant \u00e0 l'activit\u00e9, vous reconnaissez que vous comprenez les risques associ\u00e9s aux activit\u00e9s de \u00ab Boreal Pack Adventure \u00bb et acceptez que \u00ab Boreal Pack Adventure \u00bb ne soit pas responsable des accidents, blessures, pertes ou dommages aux biens personnels, sauf s'ils sont caus\u00e9s par notre n\u00e9gligence prouv\u00e9e.<br \/>En acceptant, vous assumez \u00e9galement la responsabilit\u00e9 du mat\u00e9riel que nous vous confions et vous vous engagez \u00e0 couvrir tous les dommages que vous pourriez causer au mat\u00e9riel, aux \u00e9quipements, aux v\u00e9hicules ou aux frais v\u00e9t\u00e9rinaires lors des activit\u00e9s avec \u00ab Boreal Pack Adventure \u00bb.<\/p><ul><li>Changements et modifications<\/li><\/ul><p>Nous nous r\u00e9servons le droit de modifier l'heure, les jours, la dur\u00e9e de l'activit\u00e9 ou les prix \u00e0 notre convenance en fonction des conditions de terrain, de la m\u00e9t\u00e9o ou d'un cas de force majeure.\u00a0<\/p><p>Si les conditions m\u00e9t\u00e9orologiques sont trop dangereuses, ou si nous jugeons qu&#039;il est trop risqu\u00e9 de faire l&#039;activit\u00e9 r\u00e9serv\u00e9e, nous nous r\u00e9servons le droit d&#039;annuler ou de modifier l&#039;activit\u00e9 et de la remplacer par une activit\u00e9 adapt\u00e9e en raison des conditions environnementales et m\u00e9t\u00e9orologiques en r\u00e9visant notre prix.<\/p><ul><li>Remboursement\u00a0<\/li><\/ul><p>Si vous avez pay\u00e9 la totalit\u00e9 de vos activit\u00e9s, vous pouvez annuler jusqu'\u00e0 une semaine avant l'activit\u00e9 et obtenir un remboursement int\u00e9gral. Les annulations effectu\u00e9es entre une semaine et 48 heures avant l'activit\u00e9 donneront droit \u00e0 un remboursement de 50%. Aucun remboursement ne sera effectu\u00e9 pour les annulations de moins de 48 heures avant la visite. L'acompte de 30% n'est pas remboursable.<\/p><ul><li>Ce que vous devez faire ou savoir en tant qu&#039;invit\u00e9<\/li><\/ul><p>Assurez-vous que les coordonn\u00e9es que vous nous avez fournies sont correctes.<br \/>Suivez toutes les r\u00e8gles et instructions donn\u00e9es par le guide pendant les activit\u00e9s. Notre mission est de vous faire profiter de l&#039;activit\u00e9 en toute s\u00e9curit\u00e9. Vous \u00eates responsable de tout dommage pouvant survenir au mat\u00e9riel ou \u00e0 vous-m\u00eame. En r\u00e9servant une activit\u00e9 avec nous, vous vous engagez \u00e0 souscrire une assurance couvrant les dommages mat\u00e9riels et corporels.<br \/>Lors du processus de r\u00e9servation, faites-nous savoir si vous avez des blessures, des handicaps, des allergies alimentaires, etc.<br \/>Toutes nos activit\u00e9s d\u00e9pendent de la m\u00e9t\u00e9o, parfois dans des conditions extr\u00eames. Assurez-vous donc que votre \u00e9tat de sant\u00e9 vous permette de pratiquer des activit\u00e9s sportives dans des conditions climatiques extr\u00eames. Des adaptations peuvent \u00eatre apport\u00e9es en fonction de votre \u00e9tat de sant\u00e9 et de votre condition physique.<br \/>Apportez un passeport ou une carte d&#039;identit\u00e9 valide pour l&#039;activit\u00e9 et apportez votre permis de conduire pour la sortie en motoneige.<\/p>\t\t\t\t\t\t\t\t<\/div>\n\t\t\t\t<\/div>\n\t\t\t\t<div class=\"elementor-element elementor-element-121b476 elementor-widget elementor-widget-spacer\" data-id=\"121b476\" data-element_type=\"widget\" data-widget_type=\"spacer.default\">\n\t\t\t\t<div class=\"elementor-widget-container\">\n\t\t\t\t\t\t\t<div class=\"elementor-spacer\">\n\t\t\t<div class=\"elementor-spacer-inner\"><\/div>\n\t\t<\/div>\n\t\t\t\t\t\t<\/div>\n\t\t\t\t<\/div>\n\t\t\t\t\t<\/div>\n\t\t\t\t<\/div>\n\t\t\t\t\t<\/div>\n\t\t\t\t<\/div>\n\t\t\t\t<\/div>","protected":false},"excerpt":{"rendered":"<p>Conditions g\u00e9n\u00e9rales d&#039;utilisation de Boreal Pack Adventure. Informations sur l&#039;entreprise. Les activit\u00e9s sont propos\u00e9es par BP Adventure AB (num\u00e9ro d&#039;enregistrement\u00a0: 559489-3702), en collaboration avec OutVentures AB (num\u00e9ro d&#039;enregistrement\u00a0: 559241-7819). Les informations et images pr\u00e9sent\u00e9es sur le site web appartiennent \u00e0 l&#039;entreprise ou \u00e0 ses partenaires et ne peuvent \u00eatre copi\u00e9es sans autorisation. Adresse\u00a0: BP Adventure AB, Olofsfors 7956 [\u2026]<\/p>","protected":false},"author":2,"featured_media":0,"parent":0,"menu_order":0,"comment_status":"closed","ping_status":"closed","template":"","meta":{"footnotes":""},"class_list":["post-3038","page","type-page","status-publish","hentry"],"_links":{"self":[{"href":"https:\/\/borealpackadventure.com\/fr\/wp-json\/wp\/v2\/pages\/3038","targetHints":{"allow":["GET"]}}],"collection":[{"href":"https:\/\/borealpackadventure.com\/fr\/wp-json\/wp\/v2\/pages"}],"about":[{"href":"https:\/\/borealpackadventure.com\/fr\/wp-json\/wp\/v2\/types\/page"}],"author":[{"embeddable":true,"href":"https:\/\/borealpackadventure.com\/fr\/wp-json\/wp\/v2\/users\/2"}],"replies":[{"embeddable":true,"href":"https:\/\/borealpackadventure.com\/fr\/wp-json\/wp\/v2\/comments?post=3038"}],"version-history":[{"count":19,"href":"https:\/\/borealpackadventure.com\/fr\/wp-json\/wp\/v2\/pages\/3038\/revisions"}],"predecessor-version":[{"id":4348,"href":"https:\/\/borealpackadventure.com\/fr\/wp-json\/wp\/v2\/pages\/3038\/revisions\/4348"}],"wp:attachment":[{"href":"https:\/\/borealpackadventure.com\/fr\/wp-json\/wp\/v2\/media?parent=3038"}],"curies":[{"name":"wp","href":"https:\/\/api.w.org\/{rel}","templated":true}]}}