{"id":326,"date":"2025-04-23T11:38:42","date_gmt":"2025-04-23T11:38:42","guid":{"rendered":"https:\/\/borealpackadventure.com\/?page_id=326"},"modified":"2025-05-21T09:58:09","modified_gmt":"2025-05-21T09:58:09","slug":"activites-dete","status":"publish","type":"page","link":"https:\/\/borealpackadventure.com\/fr\/activites-dete\/","title":{"rendered":"Activit\u00e9s estivales"},"content":{"rendered":"<div data-elementor-type=\"wp-page\" data-elementor-id=\"326\" class=\"elementor elementor-326\" data-elementor-post-type=\"page\">\n\t\t\t\t<div class=\"elementor-element elementor-element-ffc5b70 e-flex e-con-boxed e-con e-parent\" data-id=\"ffc5b70\" data-element_type=\"container\" data-settings=\"{&quot;background_background&quot;:&quot;classic&quot;,&quot;jet_parallax_layout_list&quot;:[]}\">\n\t\t\t\t\t<div class=\"e-con-inner\">\n\t\t\t\t<div class=\"elementor-element elementor-element-46c600a elementor-widget elementor-widget-heading\" data-id=\"46c600a\" data-element_type=\"widget\" data-widget_type=\"heading.default\">\n\t\t\t\t<div class=\"elementor-widget-container\">\n\t\t\t\t\t<h1 class=\"elementor-heading-title elementor-size-default\">Activit\u00e9s estivales\n<\/h1>\t\t\t\t<\/div>\n\t\t\t\t<\/div>\n\t\t\t\t<div class=\"elementor-element elementor-element-184d613 elementor-widget elementor-widget-heading\" data-id=\"184d613\" data-element_type=\"widget\" data-widget_type=\"heading.default\">\n\t\t\t\t<div class=\"elementor-widget-container\">\n\t\t\t\t\t<h2 class=\"elementor-heading-title elementor-size-default\">\u00c0 la recherche d\u2019un moment unique &amp; sur-mesure ?\n<\/h2>\t\t\t\t<\/div>\n\t\t\t\t<\/div>\n\t\t\t\t<div class=\"elementor-element elementor-element-f27cd75 elementor-widget elementor-widget-spacer\" data-id=\"f27cd75\" data-element_type=\"widget\" data-widget_type=\"spacer.default\">\n\t\t\t\t<div class=\"elementor-widget-container\">\n\t\t\t\t\t\t\t<div class=\"elementor-spacer\">\n\t\t\t<div class=\"elementor-spacer-inner\"><\/div>\n\t\t<\/div>\n\t\t\t\t\t\t<\/div>\n\t\t\t\t<\/div>\n\t\t\t\t<div class=\"elementor-element elementor-element-223eac6 elementor-widget elementor-widget-button\" data-id=\"223eac6\" data-element_type=\"widget\" data-widget_type=\"button.default\">\n\t\t\t\t<div class=\"elementor-widget-container\">\n\t\t\t\t\t\t\t\t\t<div class=\"elementor-button-wrapper\">\n\t\t\t\t\t<a class=\"elementor-button elementor-button-link elementor-size-sm\" href=\"https:\/\/app.bookspot.io\/widget\/v2\/dialog\/new-order?key=f2500f76ea23a9d34a663b5fce923dfd271ad9a684c5158b500c81740dd58575&#038;productTypes=products,vouchers&#038;listView=products&#038;products=14190&#038;products=14189&#038;products=14243&#038;products=14120&#038;products=14256&#038;products=14118&#038;products=14119&#038;products=14117&#038;products=14185&#038;products=14184&#038;products=14183&#038;products=14182&#038;products=14186&#038;products=14126&#038;products=14255\" target=\"_blank\" rel=\"noopener\">\n\t\t\t\t\t\t<span class=\"elementor-button-content-wrapper\">\n\t\t\t\t\t\t\t\t\t<span class=\"elementor-button-text\">R\u00e9servez maintenant!<\/span>\n\t\t\t\t\t<\/span>\n\t\t\t\t\t<\/a>\n\t\t\t\t<\/div>\n\t\t\t\t\t\t\t\t<\/div>\n\t\t\t\t<\/div>\n\t\t\t\t\t<\/div>\n\t\t\t\t<\/div>\n\t\t<div class=\"elementor-element elementor-element-7dab6eb e-flex e-con-boxed e-con e-parent\" data-id=\"7dab6eb\" data-element_type=\"container\" data-settings=\"{&quot;background_background&quot;:&quot;classic&quot;,&quot;jet_parallax_layout_list&quot;:[]}\">\n\t\t\t\t\t<div class=\"e-con-inner\">\n\t\t<div class=\"elementor-element elementor-element-dd22680 e-con-full e-flex e-con e-child\" data-id=\"dd22680\" data-element_type=\"container\" data-settings=\"{&quot;jet_parallax_layout_list&quot;:[]}\">\n\t\t<div class=\"elementor-element elementor-element-efcf1a9 e-con-full e-flex e-con e-child\" data-id=\"efcf1a9\" data-element_type=\"container\" data-settings=\"{&quot;jet_parallax_layout_list&quot;:[]}\">\n\t\t<div class=\"elementor-element elementor-element-1a42c7c e-con-full e-flex e-con e-child\" data-id=\"1a42c7c\" data-element_type=\"container\" data-settings=\"{&quot;jet_parallax_layout_list&quot;:[]}\">\n\t\t<div class=\"elementor-element elementor-element-339b736 e-con-full e-flex e-con e-child\" data-id=\"339b736\" data-element_type=\"container\" data-settings=\"{&quot;jet_parallax_layout_list&quot;:[]}\">\n\t\t\t\t<div class=\"elementor-element elementor-element-7e48319 elementor-widget elementor-widget-jet-animated-text\" data-id=\"7e48319\" data-element_type=\"widget\" data-no-translation=\"\" data-widget_type=\"jet-animated-text.default\">\n\t\t\t\t<div class=\"elementor-widget-container\">\n\t\t\t\t\t<style>.elementor-element-7e48319{display:none !important}<\/style>\t\t\t\t<\/div>\n\t\t\t\t<\/div>\n\t\t\t\t<div class=\"elementor-element elementor-element-4e02f60 elementor-widget elementor-widget-jet-animated-text\" data-id=\"4e02f60\" data-element_type=\"widget\" data-no-translation=\"\" data-widget_type=\"jet-animated-text.default\">\n\t\t\t\t<div class=\"elementor-widget-container\">\n\t\t\t\t\t<div class=\"elementor-jet-animated-text jet-elements\">\n<div class=\"jet-animated-text jet-animated-text--effect-fx1\" data-settings='{&quot;effect&quot;:&quot;fx1&quot;,&quot;delay&quot;:3000}'>\n\t<div class=\"jet-animated-text__before-text\">\n\t<span>Ton<\/span>&nbsp;<span>aventure<\/span>&nbsp;<\/div>\n\t<div class=\"jet-animated-text__animated-text\">\n<div class=\"jet-animated-text__animated-text-item active visible\" dir=\"ltr\">\n\t<span>u<\/span><span>l<\/span><span>t<\/span><span>r<\/span><span>a<\/span><span>&nbsp;<\/span><span>p<\/span><span>r<\/span><span>i<\/span><span>v<\/span><span>\u00e9<\/span><span>e<\/span><span>&nbsp;<\/span><span>:<\/span><\/div>\n<div class=\"jet-animated-text__animated-text-item\" dir=\"ltr\">\n\t<span>p<\/span><span>o<\/span><span>u<\/span><span>r<\/span><span>&nbsp;<\/span><span>u<\/span><span>n<\/span><span>&nbsp;<\/span><span>m<\/span><span>o<\/span><span>m<\/span><span>e<\/span><span>n<\/span><span>t<\/span><span>&nbsp;<\/span><span>d<\/span><span>e<\/span><span>&nbsp;<\/span><span>q<\/span><span>u<\/span><span>a<\/span><span>l<\/span><span>i<\/span><span>t<\/span><span>\u00e9<\/span><span>&nbsp;<\/span><span>:<\/span><\/div>\n<div class=\"jet-animated-text__animated-text-item\" dir=\"ltr\">\n\t<span>d<\/span><span>e<\/span><span>&nbsp;<\/span><span>r<\/span><span>e<\/span><span>c<\/span><span>o<\/span><span>n<\/span><span>n<\/span><span>e<\/span><span>x<\/span><span>i<\/span><span>o<\/span><span>n<\/span><span>&nbsp;<\/span><span>\u00e0<\/span><span>&nbsp;<\/span><span>l<\/span><span>a<\/span><span>&nbsp;<\/span><span>n<\/span><span>a<\/span><span>t<\/span><span>u<\/span><span>r<\/span><span>e<\/span><span>&nbsp;<\/span><span>:<\/span><\/div>\n<div class=\"jet-animated-text__animated-text-item\" dir=\"ltr\">\n\t<span>e<\/span><span>x<\/span><span>c<\/span><span>l<\/span><span>u<\/span><span>s<\/span><span>i<\/span><span>v<\/span><span>e<\/span><span>&nbsp;<\/span><span>e<\/span><span>n<\/span><span>&nbsp;<\/span><span>L<\/span><span>a<\/span><span>p<\/span><span>o<\/span><span>n<\/span><span>i<\/span><span>e<\/span><span>&nbsp;<\/span><span>:<\/span><\/div>\n<div class=\"jet-animated-text__animated-text-item\" dir=\"ltr\">\n\t<span>a<\/span><span>r<\/span><span>c<\/span><span>t<\/span><span>i<\/span><span>q<\/span><span>u<\/span><span>e<\/span><span>&nbsp;<\/span><span>p<\/span><span>l<\/span><span>e<\/span><span>i<\/span><span>n<\/span><span>e<\/span><span>&nbsp;<\/span><span>d<\/span><span>e<\/span><span>&nbsp;<\/span><span>s<\/span><span>e<\/span><span>n<\/span><span>s<\/span><span>&nbsp;<\/span><span>:<\/span><\/div>\n<div class=\"jet-animated-text__animated-text-item\" dir=\"ltr\">\n\t<span>b<\/span><span>o<\/span><span>r<\/span><span>\u00e9<\/span><span>a<\/span><span>l<\/span><span>e<\/span><span>&nbsp;<\/span><span>c<\/span><span>o<\/span><span>s<\/span><span>y<\/span><span>&nbsp;<\/span><span>:<\/span><\/div>\n<\/div>\t<\/div><\/div>\t\t\t\t<\/div>\n\t\t\t\t<\/div>\n\t\t\t\t<div class=\"elementor-element elementor-element-0f2d6c7 elementor-widget elementor-widget-jet-animated-text\" data-id=\"0f2d6c7\" data-element_type=\"widget\" data-no-translation=\"\" data-widget_type=\"jet-animated-text.default\">\n\t\t\t\t<div class=\"elementor-widget-container\">\n\t\t\t\t\t<style>.elementor-element-0f2d6c7{display:none !important}<\/style>\t\t\t\t<\/div>\n\t\t\t\t<\/div>\n\t\t\t\t<\/div>\n\t\t\t\t<\/div>\n\t\t\t\t<div class=\"elementor-element elementor-element-447c758 elementor-widget elementor-widget-spacer\" data-id=\"447c758\" data-element_type=\"widget\" data-widget_type=\"spacer.default\">\n\t\t\t\t<div class=\"elementor-widget-container\">\n\t\t\t\t\t\t\t<div class=\"elementor-spacer\">\n\t\t\t<div class=\"elementor-spacer-inner\"><\/div>\n\t\t<\/div>\n\t\t\t\t\t\t<\/div>\n\t\t\t\t<\/div>\n\t\t<div class=\"elementor-element elementor-element-41d5e4d e-grid e-con-full e-con e-child\" data-id=\"41d5e4d\" data-element_type=\"container\" data-settings=\"{&quot;jet_parallax_layout_list&quot;:[]}\">\n\t\t\t\t<div class=\"elementor-element elementor-element-5863a2b elementor-cta--skin-cover elementor-cta--valign-bottom elementor-widget__width-inherit elementor-widget-tablet__width-initial elementor-widget-mobile__width-inherit elementor-animated-content elementor-bg-transform elementor-bg-transform-zoom-in elementor-widget elementor-widget-call-to-action\" data-id=\"5863a2b\" data-element_type=\"widget\" data-widget_type=\"call-to-action.default\">\n\t\t\t\t<div class=\"elementor-widget-container\">\n\t\t\t\t\t\t\t<a class=\"elementor-cta\" href=\"https:\/\/borealpackadventure.com\/fr\/aventure-husky-ete\/\">\n\t\t\t\t\t<div class=\"elementor-cta__bg-wrapper\">\n\t\t\t\t<div class=\"elementor-cta__bg elementor-bg\" style=\"background-image: url(https:\/\/borealpackadventure.com\/wp-content\/uploads\/2025\/04\/C05A8464-scaled.jpg);\" role=\"img\" aria-label=\"C05A8464\"><\/div>\n\t\t\t\t<div class=\"elementor-cta__bg-overlay\"><\/div>\n\t\t\t<\/div>\n\t\t\t\t\t\t\t<div class=\"elementor-cta__content\">\n\t\t\t\t\t\t\t\t\t<div class=\"elementor-content-item elementor-cta__content-item elementor-icon-wrapper elementor-cta__icon elementor-view-default elementor-animated-item--move-up\">\n\t\t\t\t\t\t<div class=\"elementor-icon\">\n\t\t\t\t\t\t\t\t\t\t\t\t\t<\/div>\n\t\t\t\t\t<\/div>\n\t\t\t\t\n\t\t\t\t\t\t\t\t\t<h3 class=\"elementor-cta__title elementor-cta__content-item elementor-content-item elementor-animated-item--move-up\">\n\t\t\t\t\t\tAventures avec huskies\t\t\t\t\t<\/h3>\n\t\t\t\t\n\t\t\t\t\n\t\t\t\t\t\t\t<\/div>\n\t\t\t\t\t\t<\/a>\n\t\t\t\t\t\t<\/div>\n\t\t\t\t<\/div>\n\t\t\t\t<div class=\"elementor-element elementor-element-a946bf6 elementor-cta--skin-cover elementor-cta--valign-bottom elementor-widget__width-inherit elementor-widget-tablet__width-initial elementor-widget-mobile__width-inherit elementor-animated-content elementor-bg-transform elementor-bg-transform-zoom-in elementor-widget elementor-widget-call-to-action\" data-id=\"a946bf6\" data-element_type=\"widget\" data-widget_type=\"call-to-action.default\">\n\t\t\t\t<div class=\"elementor-widget-container\">\n\t\t\t\t\t\t\t<a class=\"elementor-cta\" href=\"https:\/\/borealpackadventure.com\/fr\/aventure-en-plein-air-ete\/\">\n\t\t\t\t\t<div class=\"elementor-cta__bg-wrapper\">\n\t\t\t\t<div class=\"elementor-cta__bg elementor-bg\" style=\"background-image: url(https:\/\/borealpackadventure.com\/wp-content\/uploads\/2025\/04\/dji_fly_20250419_150742_0118_1745078899542_photo-min-scaled.jpg);\" role=\"img\" aria-label=\"dji_fly_20250419_150742_0118_1745078899542_photo-min\"><\/div>\n\t\t\t\t<div class=\"elementor-cta__bg-overlay\"><\/div>\n\t\t\t<\/div>\n\t\t\t\t\t\t\t<div class=\"elementor-cta__content\">\n\t\t\t\t\t\t\t\t\t<div class=\"elementor-content-item elementor-cta__content-item elementor-icon-wrapper elementor-cta__icon elementor-view-default elementor-animated-item--move-up\">\n\t\t\t\t\t\t<div class=\"elementor-icon\">\n\t\t\t\t\t\t\t\t\t\t\t\t\t<\/div>\n\t\t\t\t\t<\/div>\n\t\t\t\t\n\t\t\t\t\t\t\t\t\t<h3 class=\"elementor-cta__title elementor-cta__content-item elementor-content-item elementor-animated-item--move-up\">\n\t\t\t\t\t\tAventures en plein air\t\t\t\t\t<\/h3>\n\t\t\t\t\n\t\t\t\t\n\t\t\t\t\t\t\t<\/div>\n\t\t\t\t\t\t<\/a>\n\t\t\t\t\t\t<\/div>\n\t\t\t\t<\/div>\n\t\t\t\t<div class=\"elementor-element elementor-element-4f8016e elementor-cta--skin-cover elementor-cta--valign-bottom elementor-widget__width-inherit elementor-widget-tablet__width-initial elementor-widget-mobile__width-inherit elementor-animated-content elementor-bg-transform elementor-bg-transform-zoom-in elementor-widget elementor-widget-call-to-action\" data-id=\"4f8016e\" data-element_type=\"widget\" data-widget_type=\"call-to-action.default\">\n\t\t\t\t<div class=\"elementor-widget-container\">\n\t\t\t\t\t\t\t<a class=\"elementor-cta\" href=\"https:\/\/borealpackadventure.com\/fr\/recommandation-de-partenaire-ete\/\">\n\t\t\t\t\t<div class=\"elementor-cta__bg-wrapper\">\n\t\t\t\t<div class=\"elementor-cta__bg elementor-bg\" style=\"background-image: url(https:\/\/borealpackadventure.com\/wp-content\/uploads\/2024\/07\/dsc_7879-scaled.jpeg);\" role=\"img\" aria-label=\"DSC_7879\"><\/div>\n\t\t\t\t<div class=\"elementor-cta__bg-overlay\"><\/div>\n\t\t\t<\/div>\n\t\t\t\t\t\t\t<div class=\"elementor-cta__content\">\n\t\t\t\t\n\t\t\t\t\t\t\t\t\t<h2 class=\"elementor-cta__title elementor-cta__content-item elementor-content-item elementor-animated-item--move-up\">\n\t\t\t\t\t\tPartenaires et recommandations\t\t\t\t\t<\/h2>\n\t\t\t\t\n\t\t\t\t\n\t\t\t\t\t\t\t<\/div>\n\t\t\t\t\t\t<\/a>\n\t\t\t\t\t\t<\/div>\n\t\t\t\t<\/div>\n\t\t\t\t<\/div>\n\t\t\t\t<\/div>\n\t\t\t\t<\/div>\n\t\t\t\t\t<\/div>\n\t\t\t\t<\/div>\n\t\t<div class=\"elementor-element elementor-element-a96a08b e-flex e-con-boxed e-con e-parent\" data-id=\"a96a08b\" data-element_type=\"container\" data-settings=\"{&quot;background_background&quot;:&quot;classic&quot;,&quot;jet_parallax_layout_list&quot;:[]}\">\n\t\t\t\t\t<div class=\"e-con-inner\">\n\t\t\t\t<div class=\"elementor-element elementor-element-4d27af8 elementor-headline--style-highlight elementor-widget elementor-widget-animated-headline\" data-id=\"4d27af8\" data-element_type=\"widget\" data-settings=\"{&quot;marker&quot;:&quot;underline&quot;,&quot;highlighted_text&quot;:&quot;exploring&quot;,&quot;headline_style&quot;:&quot;highlight&quot;,&quot;loop&quot;:&quot;yes&quot;,&quot;highlight_animation_duration&quot;:1200,&quot;highlight_iteration_delay&quot;:8000}\" data-widget_type=\"animated-headline.default\">\n\t\t\t\t<div class=\"elementor-widget-container\">\n\t\t\t\t\t\t\t<h3 class=\"elementor-headline\">\n\t\t\t\t\t<span class=\"elementor-headline-plain-text elementor-headline-text-wrapper\">Continuez d'<\/span>\n\t\t\t\t<span class=\"elementor-headline-dynamic-wrapper elementor-headline-text-wrapper\">\n\t\t\t\t\t<span class=\"elementor-headline-dynamic-text elementor-headline-text-active\">explorer<\/span>\n\t\t\t\t<\/span>\n\t\t\t\t\t<span class=\"elementor-headline-plain-text elementor-headline-text-wrapper\">:<\/span>\n\t\t\t\t\t<\/h3>\n\t\t\t\t\t\t<\/div>\n\t\t\t\t<\/div>\n\t\t\t\t\t<\/div>\n\t\t\t\t<\/div>\n\t\t<div class=\"elementor-element elementor-element-6497337 e-grid e-con-full e-con e-child\" data-id=\"6497337\" data-element_type=\"container\" data-settings=\"{&quot;jet_parallax_layout_list&quot;:[],&quot;background_background&quot;:&quot;classic&quot;}\">\n\t\t\t\t<div class=\"elementor-element elementor-element-937ba6c elementor-cta--skin-cover elementor-cta--valign-bottom elementor-widget__width-inherit elementor-widget-tablet__width-initial elementor-widget-mobile__width-inherit elementor-animated-content elementor-bg-transform elementor-bg-transform-zoom-in elementor-widget elementor-widget-call-to-action\" data-id=\"937ba6c\" data-element_type=\"widget\" data-widget_type=\"call-to-action.default\">\n\t\t\t\t<div class=\"elementor-widget-container\">\n\t\t\t\t\t\t\t<a class=\"elementor-cta\" href=\"https:\/\/borealpackadventure.com\/fr\/activites-automnales\/\">\n\t\t\t\t\t<div class=\"elementor-cta__bg-wrapper\">\n\t\t\t\t<div class=\"elementor-cta__bg elementor-bg\" style=\"background-image: url(https:\/\/borealpackadventure.com\/wp-content\/uploads\/2024\/07\/dsc_3350.jpg);\" role=\"img\" aria-label=\"DSC_3350\"><\/div>\n\t\t\t\t<div class=\"elementor-cta__bg-overlay\"><\/div>\n\t\t\t<\/div>\n\t\t\t\t\t\t\t<div class=\"elementor-cta__content\">\n\t\t\t\t\n\t\t\t\t\t\t\t\t\t<h2 class=\"elementor-cta__title elementor-cta__content-item elementor-content-item elementor-animated-item--move-up\">\n\t\t\t\t\t\tactivit\u00e9s automnales\t\t\t\t\t<\/h2>\n\t\t\t\t\n\t\t\t\t\n\t\t\t\t\t\t\t<\/div>\n\t\t\t\t\t\t<\/a>\n\t\t\t\t\t\t<\/div>\n\t\t\t\t<\/div>\n\t\t\t\t<div class=\"elementor-element elementor-element-bb1b1c9 elementor-cta--skin-cover elementor-cta--valign-bottom elementor-widget__width-inherit elementor-widget-tablet__width-initial elementor-widget-mobile__width-inherit elementor-animated-content elementor-bg-transform elementor-bg-transform-zoom-in elementor-widget elementor-widget-call-to-action\" data-id=\"bb1b1c9\" data-element_type=\"widget\" data-widget_type=\"call-to-action.default\">\n\t\t\t\t<div class=\"elementor-widget-container\">\n\t\t\t\t\t\t\t<a class=\"elementor-cta\" href=\"https:\/\/borealpackadventure.com\/fr\/activites-hivernales\/\">\n\t\t\t\t\t<div class=\"elementor-cta__bg-wrapper\">\n\t\t\t\t<div class=\"elementor-cta__bg elementor-bg\" style=\"background-image: url(https:\/\/borealpackadventure.com\/wp-content\/uploads\/2025\/04\/dji_fly_20250412_103658_0008_1744447456187_photo-scaled.jpg);\" role=\"img\" aria-label=\"d\u00e9faut\"><\/div>\n\t\t\t\t<div class=\"elementor-cta__bg-overlay\"><\/div>\n\t\t\t<\/div>\n\t\t\t\t\t\t\t<div class=\"elementor-cta__content\">\n\t\t\t\t\n\t\t\t\t\t\t\t\t\t<h2 class=\"elementor-cta__title elementor-cta__content-item elementor-content-item elementor-animated-item--move-up\">\n\t\t\t\t\t\tactivit\u00e9s hivernales\t\t\t\t\t<\/h2>\n\t\t\t\t\n\t\t\t\t\n\t\t\t\t\t\t\t<\/div>\n\t\t\t\t\t\t<\/a>\n\t\t\t\t\t\t<\/div>\n\t\t\t\t<\/div>\n\t\t\t\t<\/div>\n\t\t\t\t<\/div>","protected":false},"excerpt":{"rendered":"<p>Summer activities Searching for a cozy or thrilling summer retreat? Book now! Ton&nbsp;aventure&nbsp; ultra&nbsp;priv\u00e9e&nbsp;: pour&nbsp;un&nbsp;moment&nbsp;de&nbsp;qualit\u00e9&nbsp;: de&nbsp;reconnexion&nbsp;\u00e0&nbsp;la&nbsp;nature&nbsp;: exclusive&nbsp;en&nbsp;Laponie&nbsp;: arctique&nbsp;pleine&nbsp;de&nbsp;sens&nbsp;: bor\u00e9ale&nbsp;cosy&nbsp;: Husky Adventures Outdoor Adventures Partners &#038; Recommendations Keep exploring : autumn activities winter activities<\/p>","protected":false},"author":1,"featured_media":0,"parent":0,"menu_order":0,"comment_status":"closed","ping_status":"closed","template":"","meta":{"footnotes":""},"class_list":["post-326","page","type-page","status-publish","hentry"],"_links":{"self":[{"href":"https:\/\/borealpackadventure.com\/fr\/wp-json\/wp\/v2\/pages\/326","targetHints":{"allow":["GET"]}}],"collection":[{"href":"https:\/\/borealpackadventure.com\/fr\/wp-json\/wp\/v2\/pages"}],"about":[{"href":"https:\/\/borealpackadventure.com\/fr\/wp-json\/wp\/v2\/types\/page"}],"author":[{"embeddable":true,"href":"https:\/\/borealpackadventure.com\/fr\/wp-json\/wp\/v2\/users\/1"}],"replies":[{"embeddable":true,"href":"https:\/\/borealpackadventure.com\/fr\/wp-json\/wp\/v2\/comments?post=326"}],"version-history":[{"count":106,"href":"https:\/\/borealpackadventure.com\/fr\/wp-json\/wp\/v2\/pages\/326\/revisions"}],"predecessor-version":[{"id":8030,"href":"https:\/\/borealpackadventure.com\/fr\/wp-json\/wp\/v2\/pages\/326\/revisions\/8030"}],"wp:attachment":[{"href":"https:\/\/borealpackadventure.com\/fr\/wp-json\/wp\/v2\/media?parent=326"}],"curies":[{"name":"wp","href":"https:\/\/api.w.org\/{rel}","templated":true}]}}