{"id":359,"date":"2025-04-23T11:55:17","date_gmt":"2025-04-23T11:55:17","guid":{"rendered":"https:\/\/borealpackadventure.com\/?page_id=359"},"modified":"2025-05-17T12:37:01","modified_gmt":"2025-05-17T12:37:01","slug":"activites-automnales","status":"publish","type":"page","link":"https:\/\/borealpackadventure.com\/fr\/activites-automnales\/","title":{"rendered":"Activit\u00e9s automnales"},"content":{"rendered":"<div data-elementor-type=\"wp-page\" data-elementor-id=\"359\" class=\"elementor elementor-359\" data-elementor-post-type=\"page\">\n\t\t\t\t<div class=\"elementor-element elementor-element-0af7d25 e-flex e-con-boxed e-con e-parent\" data-id=\"0af7d25\" data-element_type=\"container\" data-settings=\"{&quot;background_background&quot;:&quot;classic&quot;,&quot;jet_parallax_layout_list&quot;:[]}\">\n\t\t\t\t\t<div class=\"e-con-inner\">\n\t\t\t\t<div class=\"elementor-element elementor-element-2d09595 elementor-widget elementor-widget-heading\" data-id=\"2d09595\" data-element_type=\"widget\" data-widget_type=\"heading.default\">\n\t\t\t\t<div class=\"elementor-widget-container\">\n\t\t\t\t\t<h2 class=\"elementor-heading-title elementor-size-default\">Activit\u00e9s automnales\n<\/h2>\t\t\t\t<\/div>\n\t\t\t\t<\/div>\n\t\t\t\t<div class=\"elementor-element elementor-element-598e62f elementor-widget elementor-widget-heading\" data-id=\"598e62f\" data-element_type=\"widget\" data-widget_type=\"heading.default\">\n\t\t\t\t<div class=\"elementor-widget-container\">\n\t\t\t\t\t<h2 class=\"elementor-heading-title elementor-size-default\">\u00c0 la recherche d\u2019un moment unique &amp; sur-mesure ?\n\n<\/h2>\t\t\t\t<\/div>\n\t\t\t\t<\/div>\n\t\t\t\t<div class=\"elementor-element elementor-element-3b36d0f elementor-widget elementor-widget-spacer\" data-id=\"3b36d0f\" data-element_type=\"widget\" data-widget_type=\"spacer.default\">\n\t\t\t\t<div class=\"elementor-widget-container\">\n\t\t\t\t\t\t\t<div class=\"elementor-spacer\">\n\t\t\t<div class=\"elementor-spacer-inner\"><\/div>\n\t\t<\/div>\n\t\t\t\t\t\t<\/div>\n\t\t\t\t<\/div>\n\t\t\t\t<div class=\"elementor-element elementor-element-ccfe9db elementor-widget elementor-widget-button\" data-id=\"ccfe9db\" data-element_type=\"widget\" data-widget_type=\"button.default\">\n\t\t\t\t<div class=\"elementor-widget-container\">\n\t\t\t\t\t\t\t\t\t<div class=\"elementor-button-wrapper\">\n\t\t\t\t\t<a class=\"elementor-button elementor-button-link elementor-size-sm\" href=\"https:\/\/app.bookspot.io\/widget\/v2\/dialog\/new-order?key=f2500f76ea23a9d34a663b5fce923dfd271ad9a684c5158b500c81740dd58575&#038;productTypes=products,vouchers&#038;listView=products&#038;products=14190&#038;products=14189&#038;products=14120&#038;products=14256&#038;products=14118&#038;products=14117&#038;products=14185&#038;products=14184&#038;products=14186&#038;products=14126&#038;products=14255\" target=\"_blank\" rel=\"noopener\">\n\t\t\t\t\t\t<span class=\"elementor-button-content-wrapper\">\n\t\t\t\t\t\t\t\t\t<span class=\"elementor-button-text\">R\u00e9servez maintenant!<\/span>\n\t\t\t\t\t<\/span>\n\t\t\t\t\t<\/a>\n\t\t\t\t<\/div>\n\t\t\t\t\t\t\t\t<\/div>\n\t\t\t\t<\/div>\n\t\t\t\t\t<\/div>\n\t\t\t\t<\/div>\n\t\t<div class=\"elementor-element elementor-element-531c0ef e-flex e-con-boxed e-con e-parent\" data-id=\"531c0ef\" data-element_type=\"container\" data-settings=\"{&quot;background_background&quot;:&quot;classic&quot;,&quot;jet_parallax_layout_list&quot;:[]}\">\n\t\t\t\t\t<div class=\"e-con-inner\">\n\t\t<div class=\"elementor-element elementor-element-ab4c00b e-con-full e-flex e-con e-child\" data-id=\"ab4c00b\" data-element_type=\"container\" data-settings=\"{&quot;jet_parallax_layout_list&quot;:[]}\">\n\t\t<div class=\"elementor-element elementor-element-229e8fb e-con-full e-flex e-con e-child\" data-id=\"229e8fb\" data-element_type=\"container\" data-settings=\"{&quot;jet_parallax_layout_list&quot;:[]}\">\n\t\t<div class=\"elementor-element elementor-element-794ad5b e-con-full e-flex e-con e-child\" data-id=\"794ad5b\" data-element_type=\"container\" data-settings=\"{&quot;jet_parallax_layout_list&quot;:[]}\">\n\t\t\t\t<div class=\"elementor-element elementor-element-65dd0f3 elementor-widget elementor-widget-jet-animated-text\" data-id=\"65dd0f3\" data-element_type=\"widget\" data-no-translation=\"\" data-widget_type=\"jet-animated-text.default\">\n\t\t\t\t<div class=\"elementor-widget-container\">\n\t\t\t\t\t<style>.elementor-element-65dd0f3{display:none !important}<\/style>\t\t\t\t<\/div>\n\t\t\t\t<\/div>\n\t\t\t\t<div class=\"elementor-element elementor-element-21e29ed elementor-widget elementor-widget-jet-animated-text\" data-id=\"21e29ed\" data-element_type=\"widget\" data-no-translation=\"\" data-widget_type=\"jet-animated-text.default\">\n\t\t\t\t<div class=\"elementor-widget-container\">\n\t\t\t\t\t<div class=\"elementor-jet-animated-text jet-elements\">\n<div class=\"jet-animated-text jet-animated-text--effect-fx1\" data-settings='{&quot;effect&quot;:&quot;fx1&quot;,&quot;delay&quot;:3000}'>\n\t<div class=\"jet-animated-text__before-text\">\n\t<span>Ton<\/span>&nbsp;<span>aventure<\/span>&nbsp;<\/div>\n\t<div class=\"jet-animated-text__animated-text\">\n<div class=\"jet-animated-text__animated-text-item active visible\" dir=\"ltr\">\n\t<span>u<\/span><span>l<\/span><span>t<\/span><span>r<\/span><span>a<\/span><span>&nbsp;<\/span><span>p<\/span><span>r<\/span><span>i<\/span><span>v<\/span><span>\u00e9<\/span><span>e<\/span><span>&nbsp;<\/span><span>:<\/span><\/div>\n<div class=\"jet-animated-text__animated-text-item\" dir=\"ltr\">\n\t<span>p<\/span><span>o<\/span><span>u<\/span><span>r<\/span><span>&nbsp;<\/span><span>u<\/span><span>n<\/span><span>&nbsp;<\/span><span>m<\/span><span>o<\/span><span>m<\/span><span>e<\/span><span>n<\/span><span>t<\/span><span>&nbsp;<\/span><span>d<\/span><span>e<\/span><span>&nbsp;<\/span><span>q<\/span><span>u<\/span><span>a<\/span><span>l<\/span><span>i<\/span><span>t<\/span><span>\u00e9<\/span><span>&nbsp;<\/span><span>:<\/span><\/div>\n<div class=\"jet-animated-text__animated-text-item\" dir=\"ltr\">\n\t<span>d<\/span><span>e<\/span><span>&nbsp;<\/span><span>r<\/span><span>e<\/span><span>c<\/span><span>o<\/span><span>n<\/span><span>n<\/span><span>e<\/span><span>x<\/span><span>i<\/span><span>o<\/span><span>n<\/span><span>&nbsp;<\/span><span>\u00e0<\/span><span>&nbsp;<\/span><span>l<\/span><span>a<\/span><span>&nbsp;<\/span><span>n<\/span><span>a<\/span><span>t<\/span><span>u<\/span><span>r<\/span><span>e<\/span><span>&nbsp;<\/span><span>:<\/span><\/div>\n<div class=\"jet-animated-text__animated-text-item\" dir=\"ltr\">\n\t<span>e<\/span><span>x<\/span><span>c<\/span><span>l<\/span><span>u<\/span><span>s<\/span><span>i<\/span><span>v<\/span><span>e<\/span><span>&nbsp;<\/span><span>e<\/span><span>n<\/span><span>&nbsp;<\/span><span>L<\/span><span>a<\/span><span>p<\/span><span>o<\/span><span>n<\/span><span>i<\/span><span>e<\/span><span>&nbsp;<\/span><span>:<\/span><\/div>\n<div class=\"jet-animated-text__animated-text-item\" dir=\"ltr\">\n\t<span>a<\/span><span>r<\/span><span>c<\/span><span>t<\/span><span>i<\/span><span>q<\/span><span>u<\/span><span>e<\/span><span>&nbsp;<\/span><span>p<\/span><span>l<\/span><span>e<\/span><span>i<\/span><span>n<\/span><span>e<\/span><span>&nbsp;<\/span><span>d<\/span><span>e<\/span><span>&nbsp;<\/span><span>s<\/span><span>e<\/span><span>n<\/span><span>s<\/span><span>&nbsp;<\/span><span>:<\/span><\/div>\n<div class=\"jet-animated-text__animated-text-item\" dir=\"ltr\">\n\t<span>b<\/span><span>o<\/span><span>r<\/span><span>\u00e9<\/span><span>a<\/span><span>l<\/span><span>e<\/span><span>&nbsp;<\/span><span>c<\/span><span>o<\/span><span>s<\/span><span>y<\/span><span>&nbsp;<\/span><span>:<\/span><\/div>\n<\/div>\t<\/div><\/div>\t\t\t\t<\/div>\n\t\t\t\t<\/div>\n\t\t\t\t<div class=\"elementor-element elementor-element-acde4a4 elementor-widget elementor-widget-jet-animated-text\" data-id=\"acde4a4\" data-element_type=\"widget\" data-no-translation=\"\" data-widget_type=\"jet-animated-text.default\">\n\t\t\t\t<div class=\"elementor-widget-container\">\n\t\t\t\t\t<style>.elementor-element-acde4a4{display:none !important}<\/style>\t\t\t\t<\/div>\n\t\t\t\t<\/div>\n\t\t\t\t<\/div>\n\t\t\t\t<div class=\"elementor-element elementor-element-ea12e76 elementor-widget elementor-widget-spacer\" data-id=\"ea12e76\" data-element_type=\"widget\" data-widget_type=\"spacer.default\">\n\t\t\t\t<div class=\"elementor-widget-container\">\n\t\t\t\t\t\t\t<div class=\"elementor-spacer\">\n\t\t\t<div class=\"elementor-spacer-inner\"><\/div>\n\t\t<\/div>\n\t\t\t\t\t\t<\/div>\n\t\t\t\t<\/div>\n\t\t<div class=\"elementor-element elementor-element-db213a9 e-grid e-con-full e-con e-child\" data-id=\"db213a9\" data-element_type=\"container\" data-settings=\"{&quot;jet_parallax_layout_list&quot;:[]}\">\n\t\t\t\t<div class=\"elementor-element elementor-element-1e14e45 elementor-cta--skin-cover elementor-cta--valign-bottom elementor-widget__width-inherit elementor-widget-tablet__width-initial elementor-widget-mobile__width-inherit elementor-animated-content elementor-bg-transform elementor-bg-transform-zoom-in elementor-widget elementor-widget-call-to-action\" data-id=\"1e14e45\" data-element_type=\"widget\" data-widget_type=\"call-to-action.default\">\n\t\t\t\t<div class=\"elementor-widget-container\">\n\t\t\t\t\t\t\t<a class=\"elementor-cta\" href=\"https:\/\/borealpackadventure.com\/fr\/aventure-husky-automne\/\">\n\t\t\t\t\t<div class=\"elementor-cta__bg-wrapper\">\n\t\t\t\t<div class=\"elementor-cta__bg elementor-bg\" style=\"background-image: url(https:\/\/borealpackadventure.com\/wp-content\/uploads\/2025\/04\/6da5500d-da8a-4d95-a2fe-f10726a48472.jpg);\" role=\"img\" aria-label=\"6da5500d-da8a-4d95-a2fe-f10726a48472\"><\/div>\n\t\t\t\t<div class=\"elementor-cta__bg-overlay\"><\/div>\n\t\t\t<\/div>\n\t\t\t\t\t\t\t<div class=\"elementor-cta__content\">\n\t\t\t\t\t\t\t\t\t<div class=\"elementor-content-item elementor-cta__content-item elementor-icon-wrapper elementor-cta__icon elementor-view-default elementor-animated-item--move-up\">\n\t\t\t\t\t\t<div class=\"elementor-icon\">\n\t\t\t\t\t\t\t\t\t\t\t\t\t<\/div>\n\t\t\t\t\t<\/div>\n\t\t\t\t\n\t\t\t\t\t\t\t\t\t<h3 class=\"elementor-cta__title elementor-cta__content-item elementor-content-item elementor-animated-item--move-up\">\n\t\t\t\t\t\tAventures avec huskies\t\t\t\t\t<\/h3>\n\t\t\t\t\n\t\t\t\t\n\t\t\t\t\t\t\t<\/div>\n\t\t\t\t\t\t<\/a>\n\t\t\t\t\t\t<\/div>\n\t\t\t\t<\/div>\n\t\t\t\t<div class=\"elementor-element elementor-element-96ae6ca elementor-cta--skin-cover elementor-cta--valign-bottom elementor-widget__width-inherit elementor-widget-tablet__width-initial elementor-widget-mobile__width-inherit elementor-animated-content elementor-bg-transform elementor-bg-transform-zoom-in elementor-widget elementor-widget-call-to-action\" data-id=\"96ae6ca\" data-element_type=\"widget\" data-widget_type=\"call-to-action.default\">\n\t\t\t\t<div class=\"elementor-widget-container\">\n\t\t\t\t\t\t\t<a class=\"elementor-cta\" href=\"https:\/\/borealpackadventure.com\/fr\/aventure-en-plein-air-automne\/\">\n\t\t\t\t\t<div class=\"elementor-cta__bg-wrapper\">\n\t\t\t\t<div class=\"elementor-cta__bg elementor-bg\" style=\"background-image: url(https:\/\/borealpackadventure.com\/wp-content\/uploads\/2025\/04\/dji_fly_20250419_150742_0118_1745078899542_photo-min-scaled.jpg);\" role=\"img\" aria-label=\"dji_fly_20250419_150742_0118_1745078899542_photo-min\"><\/div>\n\t\t\t\t<div class=\"elementor-cta__bg-overlay\"><\/div>\n\t\t\t<\/div>\n\t\t\t\t\t\t\t<div class=\"elementor-cta__content\">\n\t\t\t\t\t\t\t\t\t<div class=\"elementor-content-item elementor-cta__content-item elementor-icon-wrapper elementor-cta__icon elementor-view-default elementor-animated-item--move-up\">\n\t\t\t\t\t\t<div class=\"elementor-icon\">\n\t\t\t\t\t\t\t\t\t\t\t\t\t<\/div>\n\t\t\t\t\t<\/div>\n\t\t\t\t\n\t\t\t\t\t\t\t\t\t<h3 class=\"elementor-cta__title elementor-cta__content-item elementor-content-item elementor-animated-item--move-up\">\n\t\t\t\t\t\tAventures en plein air\t\t\t\t\t<\/h3>\n\t\t\t\t\n\t\t\t\t\n\t\t\t\t\t\t\t<\/div>\n\t\t\t\t\t\t<\/a>\n\t\t\t\t\t\t<\/div>\n\t\t\t\t<\/div>\n\t\t\t\t<div class=\"elementor-element elementor-element-ce84508 elementor-cta--skin-cover elementor-cta--valign-bottom elementor-widget__width-inherit elementor-widget-tablet__width-initial elementor-widget-mobile__width-inherit elementor-animated-content elementor-bg-transform elementor-bg-transform-zoom-in elementor-widget elementor-widget-call-to-action\" data-id=\"ce84508\" data-element_type=\"widget\" data-widget_type=\"call-to-action.default\">\n\t\t\t\t<div class=\"elementor-widget-container\">\n\t\t\t\t\t\t\t<a class=\"elementor-cta\" href=\"https:\/\/borealpackadventure.com\/fr\/recommandation-de-partenaire-automne\/\">\n\t\t\t\t\t<div class=\"elementor-cta__bg-wrapper\">\n\t\t\t\t<div class=\"elementor-cta__bg elementor-bg\" style=\"background-image: url(https:\/\/borealpackadventure.com\/wp-content\/uploads\/2024\/07\/dsc_7879-scaled.jpeg);\" role=\"img\" aria-label=\"DSC_7879\"><\/div>\n\t\t\t\t<div class=\"elementor-cta__bg-overlay\"><\/div>\n\t\t\t<\/div>\n\t\t\t\t\t\t\t<div class=\"elementor-cta__content\">\n\t\t\t\t\n\t\t\t\t\t\t\t\t\t<h2 class=\"elementor-cta__title elementor-cta__content-item elementor-content-item elementor-animated-item--move-up\">\n\t\t\t\t\t\tPartenaires et recommandations\t\t\t\t\t<\/h2>\n\t\t\t\t\n\t\t\t\t\n\t\t\t\t\t\t\t<\/div>\n\t\t\t\t\t\t<\/a>\n\t\t\t\t\t\t<\/div>\n\t\t\t\t<\/div>\n\t\t\t\t<\/div>\n\t\t\t\t<\/div>\n\t\t\t\t<\/div>\n\t\t\t\t\t<\/div>\n\t\t\t\t<\/div>\n\t\t<div class=\"elementor-element elementor-element-1cade55 e-flex e-con-boxed e-con e-parent\" data-id=\"1cade55\" data-element_type=\"container\" data-settings=\"{&quot;background_background&quot;:&quot;classic&quot;,&quot;jet_parallax_layout_list&quot;:[]}\">\n\t\t\t\t\t<div class=\"e-con-inner\">\n\t\t\t\t<div class=\"elementor-element elementor-element-17c42f3 elementor-headline--style-highlight elementor-widget elementor-widget-animated-headline\" data-id=\"17c42f3\" data-element_type=\"widget\" data-settings=\"{&quot;marker&quot;:&quot;underline&quot;,&quot;highlighted_text&quot;:&quot;exploring&quot;,&quot;headline_style&quot;:&quot;highlight&quot;,&quot;loop&quot;:&quot;yes&quot;,&quot;highlight_animation_duration&quot;:1200,&quot;highlight_iteration_delay&quot;:8000}\" data-widget_type=\"animated-headline.default\">\n\t\t\t\t<div class=\"elementor-widget-container\">\n\t\t\t\t\t\t\t<h3 class=\"elementor-headline\">\n\t\t\t\t\t<span class=\"elementor-headline-plain-text elementor-headline-text-wrapper\">Continuez d'<\/span>\n\t\t\t\t<span class=\"elementor-headline-dynamic-wrapper elementor-headline-text-wrapper\">\n\t\t\t\t\t<span class=\"elementor-headline-dynamic-text elementor-headline-text-active\">explorer<\/span>\n\t\t\t\t<\/span>\n\t\t\t\t\t<span class=\"elementor-headline-plain-text elementor-headline-text-wrapper\">:<\/span>\n\t\t\t\t\t<\/h3>\n\t\t\t\t\t\t<\/div>\n\t\t\t\t<\/div>\n\t\t\t\t\t<\/div>\n\t\t\t\t<\/div>\n\t\t<div class=\"elementor-element elementor-element-7085403 e-grid e-con-full e-con e-child\" data-id=\"7085403\" data-element_type=\"container\" data-settings=\"{&quot;jet_parallax_layout_list&quot;:[],&quot;background_background&quot;:&quot;classic&quot;}\">\n\t\t\t\t<div class=\"elementor-element elementor-element-ae5dcb4 elementor-cta--skin-cover elementor-cta--valign-bottom elementor-widget__width-inherit elementor-widget-tablet__width-initial elementor-widget-mobile__width-inherit elementor-animated-content elementor-bg-transform elementor-bg-transform-zoom-in elementor-widget elementor-widget-call-to-action\" data-id=\"ae5dcb4\" data-element_type=\"widget\" data-widget_type=\"call-to-action.default\">\n\t\t\t\t<div class=\"elementor-widget-container\">\n\t\t\t\t\t\t\t<a class=\"elementor-cta\" href=\"https:\/\/borealpackadventure.com\/fr\/activites-dete\/\">\n\t\t\t\t\t<div class=\"elementor-cta__bg-wrapper\">\n\t\t\t\t<div class=\"elementor-cta__bg elementor-bg\" style=\"background-image: url(https:\/\/borealpackadventure.com\/wp-content\/uploads\/2025\/05\/IMG_8769-scaled.jpg);\" role=\"img\" aria-label=\"IMG_8769\"><\/div>\n\t\t\t\t<div class=\"elementor-cta__bg-overlay\"><\/div>\n\t\t\t<\/div>\n\t\t\t\t\t\t\t<div class=\"elementor-cta__content\">\n\t\t\t\t\n\t\t\t\t\t\t\t\t\t<h2 class=\"elementor-cta__title elementor-cta__content-item elementor-content-item elementor-animated-item--move-up\">\n\t\t\t\t\t\tactivit\u00e9s d&#039;\u00e9t\u00e9\t\t\t\t\t<\/h2>\n\t\t\t\t\n\t\t\t\t\n\t\t\t\t\t\t\t<\/div>\n\t\t\t\t\t\t<\/a>\n\t\t\t\t\t\t<\/div>\n\t\t\t\t<\/div>\n\t\t\t\t<div class=\"elementor-element elementor-element-067907b elementor-cta--skin-cover elementor-cta--valign-bottom elementor-widget__width-inherit elementor-widget-tablet__width-initial elementor-widget-mobile__width-inherit elementor-animated-content elementor-bg-transform elementor-bg-transform-zoom-in elementor-widget elementor-widget-call-to-action\" data-id=\"067907b\" data-element_type=\"widget\" data-widget_type=\"call-to-action.default\">\n\t\t\t\t<div class=\"elementor-widget-container\">\n\t\t\t\t\t\t\t<a class=\"elementor-cta\" href=\"https:\/\/borealpackadventure.com\/fr\/activites-hivernales\/\">\n\t\t\t\t\t<div class=\"elementor-cta__bg-wrapper\">\n\t\t\t\t<div class=\"elementor-cta__bg elementor-bg\" style=\"background-image: url(https:\/\/borealpackadventure.com\/wp-content\/uploads\/2025\/04\/dji_fly_20250412_103658_0008_1744447456187_photo-scaled.jpg);\" role=\"img\" aria-label=\"d\u00e9faut\"><\/div>\n\t\t\t\t<div class=\"elementor-cta__bg-overlay\"><\/div>\n\t\t\t<\/div>\n\t\t\t\t\t\t\t<div class=\"elementor-cta__content\">\n\t\t\t\t\n\t\t\t\t\t\t\t\t\t<h2 class=\"elementor-cta__title elementor-cta__content-item elementor-content-item elementor-animated-item--move-up\">\n\t\t\t\t\t\tactivit\u00e9s hivernales\t\t\t\t\t<\/h2>\n\t\t\t\t\n\t\t\t\t\n\t\t\t\t\t\t\t<\/div>\n\t\t\t\t\t\t<\/a>\n\t\t\t\t\t\t<\/div>\n\t\t\t\t<\/div>\n\t\t\t\t<\/div>\n\t\t\t\t<\/div>","protected":false},"excerpt":{"rendered":"<p>Autumn activities Searching for a cozy or thrilling autumn experience ? Book now! Ton&nbsp;aventure&nbsp; ultra&nbsp;priv\u00e9e&nbsp;: pour&nbsp;un&nbsp;moment&nbsp;de&nbsp;qualit\u00e9&nbsp;: de&nbsp;reconnexion&nbsp;\u00e0&nbsp;la&nbsp;nature&nbsp;: exclusive&nbsp;en&nbsp;Laponie&nbsp;: arctique&nbsp;pleine&nbsp;de&nbsp;sens&nbsp;: bor\u00e9ale&nbsp;cosy&nbsp;: Husky Adventures Outdoor Adventures Partners &#038; Recommendations Keep exploring : summer activities winter activities<\/p>","protected":false},"author":1,"featured_media":0,"parent":0,"menu_order":0,"comment_status":"closed","ping_status":"closed","template":"","meta":{"footnotes":""},"class_list":["post-359","page","type-page","status-publish","hentry"],"_links":{"self":[{"href":"https:\/\/borealpackadventure.com\/fr\/wp-json\/wp\/v2\/pages\/359","targetHints":{"allow":["GET"]}}],"collection":[{"href":"https:\/\/borealpackadventure.com\/fr\/wp-json\/wp\/v2\/pages"}],"about":[{"href":"https:\/\/borealpackadventure.com\/fr\/wp-json\/wp\/v2\/types\/page"}],"author":[{"embeddable":true,"href":"https:\/\/borealpackadventure.com\/fr\/wp-json\/wp\/v2\/users\/1"}],"replies":[{"embeddable":true,"href":"https:\/\/borealpackadventure.com\/fr\/wp-json\/wp\/v2\/comments?post=359"}],"version-history":[{"count":109,"href":"https:\/\/borealpackadventure.com\/fr\/wp-json\/wp\/v2\/pages\/359\/revisions"}],"predecessor-version":[{"id":7141,"href":"https:\/\/borealpackadventure.com\/fr\/wp-json\/wp\/v2\/pages\/359\/revisions\/7141"}],"wp:attachment":[{"href":"https:\/\/borealpackadventure.com\/fr\/wp-json\/wp\/v2\/media?parent=359"}],"curies":[{"name":"wp","href":"https:\/\/api.w.org\/{rel}","templated":true}]}}