{"id":2329,"date":"2025-05-01T10:14:02","date_gmt":"2025-05-01T10:14:02","guid":{"rendered":"https:\/\/borealpackadventure.com\/?page_id=2329"},"modified":"2025-05-15T11:10:39","modified_gmt":"2025-05-15T11:10:39","slug":"aktiviteter","status":"publish","type":"page","link":"https:\/\/borealpackadventure.com\/sv\/aktiviteter\/","title":{"rendered":"Aktiviteter"},"content":{"rendered":"<div data-elementor-type=\"wp-page\" data-elementor-id=\"2329\" class=\"elementor elementor-2329\" data-elementor-post-type=\"page\">\n\t\t\t\t<div class=\"elementor-element elementor-element-0af7d25 e-flex e-con-boxed e-con e-parent\" data-id=\"0af7d25\" data-element_type=\"container\" data-settings=\"{&quot;background_background&quot;:&quot;classic&quot;,&quot;jet_parallax_layout_list&quot;:[]}\">\n\t\t\t\t\t<div class=\"e-con-inner\">\n\t\t\t\t<div class=\"elementor-element elementor-element-2d09595 elementor-widget elementor-widget-heading\" data-id=\"2d09595\" data-element_type=\"widget\" data-widget_type=\"heading.default\">\n\t\t\t\t<div class=\"elementor-widget-container\">\n\t\t\t\t\t<h2 class=\"elementor-heading-title elementor-size-default\">Aktiviteter\n<\/h2>\t\t\t\t<\/div>\n\t\t\t\t<\/div>\n\t\t\t\t<div class=\"elementor-element elementor-element-598e62f elementor-widget elementor-widget-heading\" data-id=\"598e62f\" data-element_type=\"widget\" data-widget_type=\"heading.default\">\n\t\t\t\t<div class=\"elementor-widget-container\">\n\t\t\t\t\t<h2 class=\"elementor-heading-title elementor-size-default\">Letar du efter en mysig eller sp\u00e4nnande upplevelse?\n\n<\/h2>\t\t\t\t<\/div>\n\t\t\t\t<\/div>\n\t\t\t\t<div class=\"elementor-element elementor-element-886801f elementor-widget elementor-widget-text-editor\" data-id=\"886801f\" data-element_type=\"widget\" data-widget_type=\"text-editor.default\">\n\t\t\t\t<div class=\"elementor-widget-container\">\n\t\t\t\t\t\t\t\t\t\u00c5terupplev naturen och uppt\u00e4ck privata semestrar i svenska Lappland.\t\t\t\t\t\t\t\t<\/div>\n\t\t\t\t<\/div>\n\t\t\t\t\t<\/div>\n\t\t\t\t<\/div>\n\t\t<div class=\"elementor-element elementor-element-531c0ef e-flex e-con-boxed e-con e-parent\" data-id=\"531c0ef\" data-element_type=\"container\" data-settings=\"{&quot;background_background&quot;:&quot;classic&quot;,&quot;jet_parallax_layout_list&quot;:[]}\">\n\t\t\t\t\t<div class=\"e-con-inner\">\n\t\t<div class=\"elementor-element elementor-element-ab4c00b e-con-full e-flex e-con e-child\" data-id=\"ab4c00b\" data-element_type=\"container\" data-settings=\"{&quot;jet_parallax_layout_list&quot;:[]}\">\n\t\t<div class=\"elementor-element elementor-element-229e8fb e-con-full e-flex e-con e-child\" data-id=\"229e8fb\" data-element_type=\"container\" data-settings=\"{&quot;jet_parallax_layout_list&quot;:[]}\">\n\t\t<div class=\"elementor-element elementor-element-5e84d89 e-con-full e-flex e-con e-child\" data-id=\"5e84d89\" data-element_type=\"container\" data-settings=\"{&quot;jet_parallax_layout_list&quot;:[]}\">\n\t\t\t\t<div class=\"elementor-element elementor-element-b815d7d elementor-widget elementor-widget-jet-animated-text\" data-id=\"b815d7d\" data-element_type=\"widget\" data-no-translation=\"\" data-widget_type=\"jet-animated-text.default\">\n\t\t\t\t<div class=\"elementor-widget-container\">\n\t\t\t\t\t<style>.elementor-element-b815d7d{display:none !important}<\/style>\t\t\t\t<\/div>\n\t\t\t\t<\/div>\n\t\t\t\t<div class=\"elementor-element elementor-element-8e36b6f elementor-widget elementor-widget-jet-animated-text\" data-id=\"8e36b6f\" data-element_type=\"widget\" data-no-translation=\"\" data-widget_type=\"jet-animated-text.default\">\n\t\t\t\t<div class=\"elementor-widget-container\">\n\t\t\t\t\t<style>.elementor-element-8e36b6f{display:none !important}<\/style>\t\t\t\t<\/div>\n\t\t\t\t<\/div>\n\t\t\t\t<div class=\"elementor-element elementor-element-cb408f8 elementor-widget elementor-widget-jet-animated-text\" data-id=\"cb408f8\" data-element_type=\"widget\" data-no-translation=\"\" data-widget_type=\"jet-animated-text.default\">\n\t\t\t\t<div class=\"elementor-widget-container\">\n\t\t\t\t\t<div class=\"elementor-jet-animated-text jet-elements\">\n<div class=\"jet-animated-text jet-animated-text--effect-fx1\" data-settings='{&quot;effect&quot;:&quot;fx1&quot;,&quot;delay&quot;:3000}'>\n\t<div class=\"jet-animated-text__before-text\">\n\t<span>Ditt<\/span>&nbsp;<\/div>\n\t<div class=\"jet-animated-text__animated-text\">\n<div class=\"jet-animated-text__animated-text-item active visible\" dir=\"ltr\">\n\t<span>u<\/span><span>l<\/span><span>t<\/span><span>r<\/span><span>a<\/span><span>p<\/span><span>r<\/span><span>i<\/span><span>v<\/span><span>a<\/span><span>t<\/span><span>a<\/span><span>&nbsp;<\/span><span>\u00e4<\/span><span>v<\/span><span>e<\/span><span>n<\/span><span>t<\/span><span>y<\/span><span>r<\/span><span>:<\/span><\/div>\n<div class=\"jet-animated-text__animated-text-item\" dir=\"ltr\">\n\t<span>m<\/span><span>e<\/span><span>n<\/span><span>i<\/span><span>n<\/span><span>g<\/span><span>s<\/span><span>f<\/span><span>u<\/span><span>l<\/span><span>l<\/span><span>a<\/span><span>&nbsp;<\/span><span>a<\/span><span>r<\/span><span>k<\/span><span>t<\/span><span>i<\/span><span>s<\/span><span>k<\/span><span>a<\/span><span>&nbsp;<\/span><span>\u00e4<\/span><span>v<\/span><span>e<\/span><span>n<\/span><span>t<\/span><span>y<\/span><span>r<\/span><span>:<\/span><\/div>\n<div class=\"jet-animated-text__animated-text-item\" dir=\"ltr\">\n\t<span>\u00e5<\/span><span>t<\/span><span>e<\/span><span>r<\/span><span>k<\/span><span>o<\/span><span>p<\/span><span>p<\/span><span>l<\/span><span>i<\/span><span>n<\/span><span>g<\/span><span>s<\/span><span>\u00e4<\/span><span>v<\/span><span>e<\/span><span>n<\/span><span>t<\/span><span>y<\/span><span>r<\/span><span>&nbsp;<\/span><span>m<\/span><span>e<\/span><span>d<\/span><span>&nbsp;<\/span><span>n<\/span><span>a<\/span><span>t<\/span><span>u<\/span><span>r<\/span><span>e<\/span><span>n<\/span><span>:<\/span><\/div>\n<div class=\"jet-animated-text__animated-text-item\" dir=\"ltr\">\n\t<span>m<\/span><span>y<\/span><span>s<\/span><span>i<\/span><span>g<\/span><span>a<\/span><span>&nbsp;<\/span><span>b<\/span><span>o<\/span><span>r<\/span><span>e<\/span><span>a<\/span><span>l<\/span><span>a<\/span><span>&nbsp;<\/span><span>\u00e4<\/span><span>v<\/span><span>e<\/span><span>n<\/span><span>t<\/span><span>y<\/span><span>r<\/span><span>:<\/span><\/div>\n<div class=\"jet-animated-text__animated-text-item\" dir=\"ltr\">\n\t<span>e<\/span><span>x<\/span><span>k<\/span><span>l<\/span><span>u<\/span><span>s<\/span><span>i<\/span><span>v<\/span><span>a<\/span><span>&nbsp;<\/span><span>L<\/span><span>a<\/span><span>p<\/span><span>p<\/span><span>l<\/span><span>a<\/span><span>n<\/span><span>d<\/span><span>s<\/span><span>\u00e4<\/span><span>v<\/span><span>e<\/span><span>n<\/span><span>t<\/span><span>y<\/span><span>r<\/span><span>:<\/span><\/div>\n<div class=\"jet-animated-text__animated-text-item\" dir=\"ltr\">\n\t<span>k<\/span><span>v<\/span><span>a<\/span><span>l<\/span><span>i<\/span><span>t<\/span><span>e<\/span><span>t<\/span><span>s<\/span><span>\u00e4<\/span><span>v<\/span><span>e<\/span><span>n<\/span><span>t<\/span><span>y<\/span><span>r<\/span><span>:<\/span><\/div>\n<\/div>\t<\/div><\/div>\t\t\t\t<\/div>\n\t\t\t\t<\/div>\n\t\t\t\t<\/div>\n\t\t\t\t<div class=\"elementor-element elementor-element-ea12e76 elementor-widget elementor-widget-spacer\" data-id=\"ea12e76\" data-element_type=\"widget\" data-widget_type=\"spacer.default\">\n\t\t\t\t<div class=\"elementor-widget-container\">\n\t\t\t\t\t\t\t<div class=\"elementor-spacer\">\n\t\t\t<div class=\"elementor-spacer-inner\"><\/div>\n\t\t<\/div>\n\t\t\t\t\t\t<\/div>\n\t\t\t\t<\/div>\n\t\t<div class=\"elementor-element elementor-element-db213a9 e-grid e-con-full e-con e-child\" data-id=\"db213a9\" data-element_type=\"container\" data-settings=\"{&quot;jet_parallax_layout_list&quot;:[]}\">\n\t\t\t\t<div class=\"elementor-element elementor-element-1e14e45 elementor-cta--skin-cover elementor-cta--valign-bottom elementor-widget__width-inherit elementor-widget-tablet__width-initial elementor-widget-mobile__width-inherit elementor-animated-content elementor-bg-transform elementor-bg-transform-zoom-in elementor-widget elementor-widget-call-to-action\" data-id=\"1e14e45\" data-element_type=\"widget\" data-widget_type=\"call-to-action.default\">\n\t\t\t\t<div class=\"elementor-widget-container\">\n\t\t\t\t\t\t\t<a class=\"elementor-cta\" href=\"https:\/\/borealpackadventure.com\/sv\/sommaraktiviteter\/\">\n\t\t\t\t\t<div class=\"elementor-cta__bg-wrapper\">\n\t\t\t\t<div class=\"elementor-cta__bg elementor-bg\" style=\"background-image: url(https:\/\/borealpackadventure.com\/wp-content\/uploads\/2025\/05\/IMG_8769-scaled.jpg);\" role=\"img\" aria-label=\"IMG_8769\"><\/div>\n\t\t\t\t<div class=\"elementor-cta__bg-overlay\"><\/div>\n\t\t\t<\/div>\n\t\t\t\t\t\t\t<div class=\"elementor-cta__content\">\n\t\t\t\t\t\t\t\t\t<div class=\"elementor-content-item elementor-cta__content-item elementor-icon-wrapper elementor-cta__icon elementor-view-default elementor-animated-item--move-up\">\n\t\t\t\t\t\t<div class=\"elementor-icon\">\n\t\t\t\t\t\t\t\t\t\t\t\t\t<\/div>\n\t\t\t\t\t<\/div>\n\t\t\t\t\n\t\t\t\t\t\t\t\t\t<h3 class=\"elementor-cta__title elementor-cta__content-item elementor-content-item elementor-animated-item--move-up\">\n\t\t\t\t\t\tSommar\u00e4ventyr\t\t\t\t\t<\/h3>\n\t\t\t\t\n\t\t\t\t\n\t\t\t\t\t\t\t<\/div>\n\t\t\t\t\t\t<\/a>\n\t\t\t\t\t\t<\/div>\n\t\t\t\t<\/div>\n\t\t\t\t<div class=\"elementor-element elementor-element-96ae6ca elementor-cta--skin-cover elementor-cta--valign-bottom elementor-widget__width-inherit elementor-widget-tablet__width-initial elementor-widget-mobile__width-inherit elementor-animated-content elementor-bg-transform elementor-bg-transform-zoom-in elementor-widget elementor-widget-call-to-action\" data-id=\"96ae6ca\" data-element_type=\"widget\" data-widget_type=\"call-to-action.default\">\n\t\t\t\t<div class=\"elementor-widget-container\">\n\t\t\t\t\t\t\t<a class=\"elementor-cta\" href=\"https:\/\/borealpackadventure.com\/sv\/vinteraktiviteter\/\">\n\t\t\t\t\t<div class=\"elementor-cta__bg-wrapper\">\n\t\t\t\t<div class=\"elementor-cta__bg elementor-bg\" style=\"background-image: url(https:\/\/borealpackadventure.com\/wp-content\/uploads\/2025\/04\/dji_fly_20250412_103658_0008_1744447456187_photo-scaled.jpg);\" role=\"img\" aria-label=\"standard\"><\/div>\n\t\t\t\t<div class=\"elementor-cta__bg-overlay\"><\/div>\n\t\t\t<\/div>\n\t\t\t\t\t\t\t<div class=\"elementor-cta__content\">\n\t\t\t\t\t\t\t\t\t<div class=\"elementor-content-item elementor-cta__content-item elementor-icon-wrapper elementor-cta__icon elementor-view-default elementor-animated-item--move-up\">\n\t\t\t\t\t\t<div class=\"elementor-icon\">\n\t\t\t\t\t\t\t\t\t\t\t\t\t<\/div>\n\t\t\t\t\t<\/div>\n\t\t\t\t\n\t\t\t\t\t\t\t\t\t<h3 class=\"elementor-cta__title elementor-cta__content-item elementor-content-item elementor-animated-item--move-up\">\n\t\t\t\t\t\tvinter\u00e4ventyr\t\t\t\t\t<\/h3>\n\t\t\t\t\n\t\t\t\t\n\t\t\t\t\t\t\t<\/div>\n\t\t\t\t\t\t<\/a>\n\t\t\t\t\t\t<\/div>\n\t\t\t\t<\/div>\n\t\t\t\t<div class=\"elementor-element elementor-element-ce84508 elementor-cta--skin-cover elementor-cta--valign-bottom elementor-widget__width-inherit elementor-widget-tablet__width-initial elementor-widget-mobile__width-inherit elementor-animated-content elementor-bg-transform elementor-bg-transform-zoom-in elementor-widget elementor-widget-call-to-action\" data-id=\"ce84508\" data-element_type=\"widget\" data-widget_type=\"call-to-action.default\">\n\t\t\t\t<div class=\"elementor-widget-container\">\n\t\t\t\t\t\t\t<a class=\"elementor-cta\" href=\"https:\/\/borealpackadventure.com\/sv\/hostaktiviteter\/\">\n\t\t\t\t\t<div class=\"elementor-cta__bg-wrapper\">\n\t\t\t\t<div class=\"elementor-cta__bg elementor-bg\" style=\"background-image: url(https:\/\/borealpackadventure.com\/wp-content\/uploads\/2024\/07\/dsc_3350.jpg);\" role=\"img\" aria-label=\"DSC_3350\"><\/div>\n\t\t\t\t<div class=\"elementor-cta__bg-overlay\"><\/div>\n\t\t\t<\/div>\n\t\t\t\t\t\t\t<div class=\"elementor-cta__content\">\n\t\t\t\t\n\t\t\t\t\t\t\t\t\t<h2 class=\"elementor-cta__title elementor-cta__content-item elementor-content-item elementor-animated-item--move-up\">\n\t\t\t\t\t\th\u00f6st\u00e4ventyr\t\t\t\t\t<\/h2>\n\t\t\t\t\n\t\t\t\t\n\t\t\t\t\t\t\t<\/div>\n\t\t\t\t\t\t<\/a>\n\t\t\t\t\t\t<\/div>\n\t\t\t\t<\/div>\n\t\t\t\t<\/div>\n\t\t\t\t<\/div>\n\t\t\t\t<\/div>\n\t\t\t\t\t<\/div>\n\t\t\t\t<\/div>\n\t\t<div class=\"elementor-element elementor-element-61d1a3e e-flex e-con-boxed e-con e-parent\" data-id=\"61d1a3e\" data-element_type=\"container\" data-settings=\"{&quot;background_background&quot;:&quot;classic&quot;,&quot;jet_parallax_layout_list&quot;:[]}\">\n\t\t\t\t\t<div class=\"e-con-inner\">\n\t\t<div class=\"elementor-element elementor-element-27880e1 e-con-full e-flex e-con e-child\" data-id=\"27880e1\" data-element_type=\"container\" data-settings=\"{&quot;jet_parallax_layout_list&quot;:[]}\">\n\t\t<div class=\"elementor-element elementor-element-5a88223 e-con-full e-flex e-con e-child\" data-id=\"5a88223\" data-element_type=\"container\" data-settings=\"{&quot;jet_parallax_layout_list&quot;:[]}\">\n\t\t\t\t<div class=\"elementor-element elementor-element-e21d454 elementor-headline--style-highlight elementor-widget elementor-widget-animated-headline\" data-id=\"e21d454\" data-element_type=\"widget\" data-settings=\"{&quot;highlighted_text&quot;:&quot;Swedish Lapland&quot;,&quot;headline_style&quot;:&quot;highlight&quot;,&quot;marker&quot;:&quot;circle&quot;,&quot;loop&quot;:&quot;yes&quot;,&quot;highlight_animation_duration&quot;:1200,&quot;highlight_iteration_delay&quot;:8000}\" data-widget_type=\"animated-headline.default\">\n\t\t\t\t<div class=\"elementor-widget-container\">\n\t\t\t\t\t\t\t<h3 class=\"elementor-headline\">\n\t\t\t\t\t<span class=\"elementor-headline-plain-text elementor-headline-text-wrapper\">Utforska<\/span>\n\t\t\t\t<span class=\"elementor-headline-dynamic-wrapper elementor-headline-text-wrapper\">\n\t\t\t\t\t<span class=\"elementor-headline-dynamic-text elementor-headline-text-active\">Svenska Lappland<\/span>\n\t\t\t\t<\/span>\n\t\t\t\t\t<span class=\"elementor-headline-plain-text elementor-headline-text-wrapper\">med oss<\/span>\n\t\t\t\t\t<\/h3>\n\t\t\t\t\t\t<\/div>\n\t\t\t\t<\/div>\n\t\t\t\t<div class=\"elementor-element elementor-element-9089b62 elementor-widget elementor-widget-heading\" data-id=\"9089b62\" data-element_type=\"widget\" data-widget_type=\"heading.default\">\n\t\t\t\t<div class=\"elementor-widget-container\">\n\t\t\t\t\t<h2 class=\"elementor-heading-title elementor-size-default\">Privata utomhusaktiviteter, kvalitetstid, personlig uppm\u00e4rksamhet och erfarna guider\n\n<\/h2>\t\t\t\t<\/div>\n\t\t\t\t<\/div>\n\t\t\t\t<div class=\"elementor-element elementor-element-d80e792 elementor-widget elementor-widget-text-editor\" data-id=\"d80e792\" data-element_type=\"widget\" data-widget_type=\"text-editor.default\">\n\t\t\t\t<div class=\"elementor-widget-container\">\n\t\t\t\t\t\t\t\t\t<p>Vi tror att resor handlar om att skapa minnen som varar livet ut. V\u00e5ra aktiviteter \u00e4r alltid privata f\u00f6r att erbjuda dig b\u00e4sta m\u00f6jliga avkoppling under dina aktiviteter. Uppt\u00e4ck den arktiska livsstilen \u00e5ret runt, med din naturguide genom privata turer, vilket garanterar en inkluderande och uppslukande upplevelse.<\/p><p>V\u00e5r lilla huskyflock befinner sig inte s\u00e5 l\u00e5ngt fr\u00e5n polcirkeln, i den djupa skogen i svenska Lappland. V\u00e5ra turer och aktiviteter \u00e4ger rum i det omr\u00e5det, runt \u00d6verkalix!<\/p>\t\t\t\t\t\t\t\t<\/div>\n\t\t\t\t<\/div>\n\t\t\t\t<\/div>\n\t\t\t\t<\/div>\n\t\t\t\t\t<\/div>\n\t\t\t\t<\/div>\n\t\t\t\t<\/div>","protected":false},"excerpt":{"rendered":"<p>Aktiviteter Letar du efter en mysig eller sp\u00e4nnande upplevelse? \u00c5terknyt kontakten med naturen och uppt\u00e4ck privata semestrar i svenska Lappland. Din ultraprivata kvalitetstid, \u00e5terf\u00f6rening med naturen, exklusivt Lappland, meningsfullt arktiskt mysigt borealt \u00e4ventyr: Sommar\u00e4ventyr, vinter\u00e4ventyr, h\u00f6st\u00e4ventyr. Utforska svenska Lappland med oss. Privata utomhusaktiviteter, kvalitetstid, personlig uppm\u00e4rksamhet och erfarna guider. Vi tror att resor handlar om att skapa [\u2026]<\/p>","protected":false},"author":2,"featured_media":0,"parent":0,"menu_order":0,"comment_status":"closed","ping_status":"closed","template":"","meta":{"footnotes":""},"class_list":["post-2329","page","type-page","status-publish","hentry"],"_links":{"self":[{"href":"https:\/\/borealpackadventure.com\/sv\/wp-json\/wp\/v2\/pages\/2329","targetHints":{"allow":["GET"]}}],"collection":[{"href":"https:\/\/borealpackadventure.com\/sv\/wp-json\/wp\/v2\/pages"}],"about":[{"href":"https:\/\/borealpackadventure.com\/sv\/wp-json\/wp\/v2\/types\/page"}],"author":[{"embeddable":true,"href":"https:\/\/borealpackadventure.com\/sv\/wp-json\/wp\/v2\/users\/2"}],"replies":[{"embeddable":true,"href":"https:\/\/borealpackadventure.com\/sv\/wp-json\/wp\/v2\/comments?post=2329"}],"version-history":[{"count":37,"href":"https:\/\/borealpackadventure.com\/sv\/wp-json\/wp\/v2\/pages\/2329\/revisions"}],"predecessor-version":[{"id":4422,"href":"https:\/\/borealpackadventure.com\/sv\/wp-json\/wp\/v2\/pages\/2329\/revisions\/4422"}],"wp:attachment":[{"href":"https:\/\/borealpackadventure.com\/sv\/wp-json\/wp\/v2\/media?parent=2329"}],"curies":[{"name":"wp","href":"https:\/\/api.w.org\/{rel}","templated":true}]}}