{"id":2575,"date":"2025-05-01T16:31:09","date_gmt":"2025-05-01T16:31:09","guid":{"rendered":"https:\/\/borealpackadventure.com\/?page_id=2575"},"modified":"2025-11-08T21:59:15","modified_gmt":"2025-11-08T21:59:15","slug":"var-huskyfamilj","status":"publish","type":"page","link":"https:\/\/borealpackadventure.com\/sv\/var-huskyfamilj\/","title":{"rendered":"V\u00e5r huskyfamilj"},"content":{"rendered":"<div data-elementor-type=\"wp-page\" data-elementor-id=\"2575\" class=\"elementor elementor-2575\" data-elementor-post-type=\"page\">\n\t\t\t\t<div class=\"elementor-element elementor-element-15e8515 e-flex e-con-boxed e-con e-parent\" data-id=\"15e8515\" data-element_type=\"container\" data-settings=\"{&quot;background_background&quot;:&quot;classic&quot;,&quot;jet_parallax_layout_list&quot;:[]}\">\n\t\t\t\t\t<div class=\"e-con-inner\">\n\t\t\t\t<div class=\"elementor-element elementor-element-915552d elementor-widget elementor-widget-heading\" data-id=\"915552d\" data-element_type=\"widget\" data-widget_type=\"heading.default\">\n\t\t\t\t<div class=\"elementor-widget-container\">\n\t\t\t\t\t<h2 class=\"elementor-heading-title elementor-size-default\">V\u00e5r huskyfamilj <\/h2>\t\t\t\t<\/div>\n\t\t\t\t<\/div>\n\t\t\t\t\t<\/div>\n\t\t\t\t<\/div>\n\t\t<div class=\"elementor-element elementor-element-9f37241 e-flex e-con-boxed e-con e-parent\" data-id=\"9f37241\" data-element_type=\"container\" data-settings=\"{&quot;background_background&quot;:&quot;classic&quot;,&quot;jet_parallax_layout_list&quot;:[]}\">\n\t\t\t\t\t<div class=\"e-con-inner\">\n\t\t<div class=\"elementor-element elementor-element-ce5831d e-con-full e-flex e-con e-child\" data-id=\"ce5831d\" data-element_type=\"container\" data-settings=\"{&quot;jet_parallax_layout_list&quot;:[]}\">\n\t\t<div class=\"elementor-element elementor-element-8d0f8db e-con-full e-flex e-con e-child\" data-id=\"8d0f8db\" data-element_type=\"container\" data-settings=\"{&quot;jet_parallax_layout_list&quot;:[]}\">\n\t\t\t\t<div class=\"elementor-element elementor-element-6d36f85 elementor-widget elementor-widget-heading\" data-id=\"6d36f85\" data-element_type=\"widget\" data-widget_type=\"heading.default\">\n\t\t\t\t<div class=\"elementor-widget-container\">\n\t\t\t\t\t<h2 class=\"elementor-heading-title elementor-size-default\">L\u00e4s mer om medlemmarna i Boreal Pack:<\/h2>\t\t\t\t<\/div>\n\t\t\t\t<\/div>\n\t\t\t\t<div class=\"elementor-element elementor-element-314cefb elementor-widget elementor-widget-text-editor\" data-id=\"314cefb\" data-element_type=\"widget\" data-widget_type=\"text-editor.default\">\n\t\t\t\t<div class=\"elementor-widget-container\">\n\t\t\t\t\t\t\t\t\t<p><em>(klicka p\u00e5 bilden)<\/em><\/p>\t\t\t\t\t\t\t\t<\/div>\n\t\t\t\t<\/div>\n\t\t<div class=\"elementor-element elementor-element-624a808 e-grid e-con-full e-con e-child\" data-id=\"624a808\" data-element_type=\"container\" data-settings=\"{&quot;jet_parallax_layout_list&quot;:[]}\">\n\t\t<div class=\"elementor-element elementor-element-3e7b782 e-con-full hover-container e-flex e-con e-child\" data-id=\"3e7b782\" data-element_type=\"container\" data-settings=\"{&quot;background_background&quot;:&quot;classic&quot;,&quot;jet_parallax_layout_list&quot;:[]}\">\n\t\t<div class=\"elementor-element elementor-element-597a120 e-con-full box-survol e-flex e-con e-child\" data-id=\"597a120\" data-element_type=\"container\" data-settings=\"{&quot;jet_parallax_layout_list&quot;:[]}\">\n\t\t\t\t<div class=\"elementor-element elementor-element-254ee88 text elementor-widget elementor-widget-heading\" data-id=\"254ee88\" data-element_type=\"widget\" data-widget_type=\"heading.default\">\n\t\t\t\t<div class=\"elementor-widget-container\">\n\t\t\t\t\t<h2 class=\"elementor-heading-title elementor-size-default\">Fl\u00f3ki<\/h2>\t\t\t\t<\/div>\n\t\t\t\t<\/div>\n\t\t\t\t<div class=\"elementor-element elementor-element-dadfcb4 text elementor-widget elementor-widget-heading\" data-id=\"dadfcb4\" data-element_type=\"widget\" data-widget_type=\"heading.default\">\n\t\t\t\t<div class=\"elementor-widget-container\">\n\t\t\t\t\t<h2 class=\"elementor-heading-title elementor-size-default\">&quot;Flokett&quot;<\/h2>\t\t\t\t<\/div>\n\t\t\t\t<\/div>\n\t\t\t\t<div class=\"elementor-element elementor-element-c820566 elementor-widget__width-initial arrow-survol elementor-widget elementor-widget-text-editor\" data-id=\"c820566\" data-element_type=\"widget\" data-widget_type=\"text-editor.default\">\n\t\t\t\t<div class=\"elementor-widget-container\">\n\t\t\t\t\t\t\t\t\t<p>Flokette \u00e4r v\u00e5r s\u00f6ta mini fluffiga bj\u00f6rn.<\/p><p>Han \u00e4r en lugn och ensam pojke som beh\u00f6ver sitt eget utrymme, men han kommer att vara fast vid dig om du har lite godis i fickan.<\/p><p>Han kanske inte kommer att kramas s\u00e5 mycket med dig, men han \u00e4r alltid redo f\u00f6r alla slags \u00e4ventyr!<\/p>\t\t\t\t\t\t\t\t<\/div>\n\t\t\t\t<\/div>\n\t\t\t\t<\/div>\n\t\t\t\t<\/div>\n\t\t<div class=\"elementor-element elementor-element-691940f e-con-full hover-container e-flex e-con e-child\" data-id=\"691940f\" data-element_type=\"container\" data-settings=\"{&quot;background_background&quot;:&quot;classic&quot;,&quot;jet_parallax_layout_list&quot;:[]}\">\n\t\t<div class=\"elementor-element elementor-element-0878375 e-con-full box-survol e-flex e-con e-child\" data-id=\"0878375\" data-element_type=\"container\" data-settings=\"{&quot;jet_parallax_layout_list&quot;:[]}\">\n\t\t\t\t<div class=\"elementor-element elementor-element-8bd061d text elementor-widget elementor-widget-heading\" data-id=\"8bd061d\" data-element_type=\"widget\" data-widget_type=\"heading.default\">\n\t\t\t\t<div class=\"elementor-widget-container\">\n\t\t\t\t\t<h2 class=\"elementor-heading-title elementor-size-default\">Louna<\/h2>\t\t\t\t<\/div>\n\t\t\t\t<\/div>\n\t\t\t\t<div class=\"elementor-element elementor-element-c2bc108 text elementor-widget elementor-widget-heading\" data-id=\"c2bc108\" data-element_type=\"widget\" data-widget_type=\"heading.default\">\n\t\t\t\t<div class=\"elementor-widget-container\">\n\t\t\t\t\t<h2 class=\"elementor-heading-title elementor-size-default\">&quot;Loulou&quot;<\/h2>\t\t\t\t<\/div>\n\t\t\t\t<\/div>\n\t\t\t\t<div class=\"elementor-element elementor-element-088f028 elementor-widget__width-initial arrow-survol elementor-widget elementor-widget-text-editor\" data-id=\"088f028\" data-element_type=\"widget\" data-widget_type=\"text-editor.default\">\n\t\t\t\t<div class=\"elementor-widget-container\">\n\t\t\t\t\t\t\t\t\t<p>Flockens prinsessa, eller borde jag s\u00e4ga drottningen!<\/p><p>Hon kommer att vara den f\u00f6rsta som v\u00e4lkomnar dig och ber om en kram.<\/p><p>Louna \u00e4r alltid \u00f6mt\u00e5lig och den mest sn\u00e4lla mot barn. Hon vet hur s\u00f6t hon \u00e4r, och beter sig som det: som en sann drottning!<\/p>\t\t\t\t\t\t\t\t<\/div>\n\t\t\t\t<\/div>\n\t\t\t\t<\/div>\n\t\t\t\t<\/div>\n\t\t<div class=\"elementor-element elementor-element-7176c17 e-con-full hover-container e-flex e-con e-child\" data-id=\"7176c17\" data-element_type=\"container\" data-settings=\"{&quot;background_background&quot;:&quot;classic&quot;,&quot;jet_parallax_layout_list&quot;:[]}\">\n\t\t<div class=\"elementor-element elementor-element-c6e3c37 e-con-full box-survol e-flex e-con e-child\" data-id=\"c6e3c37\" data-element_type=\"container\" data-settings=\"{&quot;jet_parallax_layout_list&quot;:[]}\">\n\t\t\t\t<div class=\"elementor-element elementor-element-0f53177 text elementor-widget elementor-widget-heading\" data-id=\"0f53177\" data-element_type=\"widget\" data-widget_type=\"heading.default\">\n\t\t\t\t<div class=\"elementor-widget-container\">\n\t\t\t\t\t<h2 class=\"elementor-heading-title elementor-size-default\">Tonkawa<\/h2>\t\t\t\t<\/div>\n\t\t\t\t<\/div>\n\t\t\t\t<div class=\"elementor-element elementor-element-26c515d text elementor-widget elementor-widget-heading\" data-id=\"26c515d\" data-element_type=\"widget\" data-widget_type=\"heading.default\">\n\t\t\t\t<div class=\"elementor-widget-container\">\n\t\t\t\t\t<h2 class=\"elementor-heading-title elementor-size-default\">&quot;Titou&quot;<\/h2>\t\t\t\t<\/div>\n\t\t\t\t<\/div>\n\t\t\t\t<div class=\"elementor-element elementor-element-3d5e842 elementor-widget__width-initial arrow-survol elementor-widget elementor-widget-text-editor\" data-id=\"3d5e842\" data-element_type=\"widget\" data-widget_type=\"text-editor.default\">\n\t\t\t\t<div class=\"elementor-widget-container\">\n\t\t\t\t\t\t\t\t\t<p>Tonka \u00e4r en otrolig hund, v\u00e4ldigt s\u00f6t och lite blyg!<\/p><p>Han sjunger och sk\u00e4ller alltid f\u00f6r att v\u00e4lkomna dig, och kommer att vara din b\u00e4sta vandringskamrat. Hans personlighet \u00e4r definitionen av att &quot;vinna f\u00f6rtroende&quot; men du kan vinna hans hj\u00e4rta med en rej\u00e4l rumpkn\u00e4ppning!<\/p>\t\t\t\t\t\t\t\t<\/div>\n\t\t\t\t<\/div>\n\t\t\t\t<\/div>\n\t\t\t\t<\/div>\n\t\t<div class=\"elementor-element elementor-element-58c0368 e-con-full hover-container e-flex e-con e-child\" data-id=\"58c0368\" data-element_type=\"container\" data-settings=\"{&quot;background_background&quot;:&quot;classic&quot;,&quot;jet_parallax_layout_list&quot;:[]}\">\n\t\t<div class=\"elementor-element elementor-element-879a23c e-con-full box-survol e-flex e-con e-child\" data-id=\"879a23c\" data-element_type=\"container\" data-settings=\"{&quot;jet_parallax_layout_list&quot;:[]}\">\n\t\t\t\t<div class=\"elementor-element elementor-element-c812442 text elementor-widget elementor-widget-heading\" data-id=\"c812442\" data-element_type=\"widget\" data-widget_type=\"heading.default\">\n\t\t\t\t<div class=\"elementor-widget-container\">\n\t\t\t\t\t<h2 class=\"elementor-heading-title elementor-size-default\">Sky<\/h2>\t\t\t\t<\/div>\n\t\t\t\t<\/div>\n\t\t\t\t<div class=\"elementor-element elementor-element-b3aa929 text elementor-widget elementor-widget-heading\" data-id=\"b3aa929\" data-element_type=\"widget\" data-widget_type=\"heading.default\">\n\t\t\t\t<div class=\"elementor-widget-container\">\n\t\t\t\t\t<h2 class=\"elementor-heading-title elementor-size-default\">&quot;Cailloux&quot;<\/h2>\t\t\t\t<\/div>\n\t\t\t\t<\/div>\n\t\t\t\t<div class=\"elementor-element elementor-element-7aee557 elementor-widget__width-initial arrow-survol elementor-widget elementor-widget-text-editor\" data-id=\"7aee557\" data-element_type=\"widget\" data-widget_type=\"text-editor.default\">\n\t\t\t\t<div class=\"elementor-widget-container\">\n\t\t\t\t\t\t\t\t\t<p>Den s\u00f6ta tassen, alltid redo f\u00f6r allt.<\/p><p>Hon kan hoppa som en k\u00e4nguru n\u00e4r hon \u00e4r glad, lika mycket som hon kan ligga n\u00e4ra dig och gosa med hela din familj!<\/p><p>Var f\u00f6rsiktig om hon kommer att be dig om lite kram med sitt s\u00f6ta ansikte, var inte r\u00e4dd att avbryta hennes massage, annars kommer hon att ge dig sin tass f\u00f6r att be dig forts\u00e4tta!<\/p>\t\t\t\t\t\t\t\t<\/div>\n\t\t\t\t<\/div>\n\t\t\t\t<\/div>\n\t\t\t\t<\/div>\n\t\t<div class=\"elementor-element elementor-element-544adb3 e-con-full hover-container e-flex e-con e-child\" data-id=\"544adb3\" data-element_type=\"container\" data-settings=\"{&quot;background_background&quot;:&quot;classic&quot;,&quot;jet_parallax_layout_list&quot;:[]}\">\n\t\t<div class=\"elementor-element elementor-element-629e209 e-con-full box-survol e-flex e-con e-child\" data-id=\"629e209\" data-element_type=\"container\" data-settings=\"{&quot;jet_parallax_layout_list&quot;:[]}\">\n\t\t\t\t<div class=\"elementor-element elementor-element-bc2e511 text elementor-widget elementor-widget-heading\" data-id=\"bc2e511\" data-element_type=\"widget\" data-widget_type=\"heading.default\">\n\t\t\t\t<div class=\"elementor-widget-container\">\n\t\t\t\t\t<h2 class=\"elementor-heading-title elementor-size-default\">Arktika<\/h2>\t\t\t\t<\/div>\n\t\t\t\t<\/div>\n\t\t\t\t<div class=\"elementor-element elementor-element-cf11222 text elementor-widget elementor-widget-heading\" data-id=\"cf11222\" data-element_type=\"widget\" data-widget_type=\"heading.default\">\n\t\t\t\t<div class=\"elementor-widget-container\">\n\t\t\t\t\t<h2 class=\"elementor-heading-title elementor-size-default\">&quot;La Tik&quot;\n\n<\/h2>\t\t\t\t<\/div>\n\t\t\t\t<\/div>\n\t\t\t\t<div class=\"elementor-element elementor-element-c8e5457 elementor-widget__width-initial arrow-survol elementor-widget elementor-widget-text-editor\" data-id=\"c8e5457\" data-element_type=\"widget\" data-widget_type=\"text-editor.default\">\n\t\t\t\t<div class=\"elementor-widget-container\">\n\t\t\t\t\t\t\t\t\t<p>Den s\u00f6ta som pratar!<\/p><p>Mycket tyst och diskret i v\u00e5r vardag, hon blir en sann s\u00e5ngerska n\u00e4r vi g\u00f6r oss redo f\u00f6r alla slags \u00e4ventyr!<\/p><p>Hennes personlighet \u00e4r s\u00e5 mycket mer \u00e4n att hon l\u00e5ter dig t\u00e4nka\u2026 Hon kan se avl\u00e4gsen ut ibland, men hon \u00e4r alltid redo f\u00f6r att bli illa till mods!<\/p>\t\t\t\t\t\t\t\t<\/div>\n\t\t\t\t<\/div>\n\t\t\t\t<\/div>\n\t\t\t\t<\/div>\n\t\t<div class=\"elementor-element elementor-element-1b0cd83 e-con-full hover-container e-flex e-con e-child\" data-id=\"1b0cd83\" data-element_type=\"container\" data-settings=\"{&quot;background_background&quot;:&quot;classic&quot;,&quot;jet_parallax_layout_list&quot;:[]}\">\n\t\t<div class=\"elementor-element elementor-element-25fe33e e-con-full box-survol e-flex e-con e-child\" data-id=\"25fe33e\" data-element_type=\"container\" data-settings=\"{&quot;jet_parallax_layout_list&quot;:[]}\">\n\t\t\t\t<div class=\"elementor-element elementor-element-1317605 text elementor-widget elementor-widget-heading\" data-id=\"1317605\" data-element_type=\"widget\" data-widget_type=\"heading.default\">\n\t\t\t\t<div class=\"elementor-widget-container\">\n\t\t\t\t\t<h2 class=\"elementor-heading-title elementor-size-default\">Lumi<\/h2>\t\t\t\t<\/div>\n\t\t\t\t<\/div>\n\t\t\t\t<div class=\"elementor-element elementor-element-7715068 text elementor-widget elementor-widget-heading\" data-id=\"7715068\" data-element_type=\"widget\" data-widget_type=\"heading.default\">\n\t\t\t\t<div class=\"elementor-widget-container\">\n\t\t\t\t\t<h2 class=\"elementor-heading-title elementor-size-default\">&quot;Lulu&quot;<\/h2>\t\t\t\t<\/div>\n\t\t\t\t<\/div>\n\t\t\t\t<div class=\"elementor-element elementor-element-a8f79f9 elementor-widget__width-initial arrow-survol elementor-widget elementor-widget-text-editor\" data-id=\"a8f79f9\" data-element_type=\"widget\" data-widget_type=\"text-editor.default\">\n\t\t\t\t<div class=\"elementor-widget-container\">\n\t\t\t\t\t\t\t\t\t<p>Hon \u00e4r det sista tillskottet i flocken, hennes m\u00f6rka \u00f6gon \u00e4r motsatsen till hennes f\u00e4rgglada gl\u00e4dje! Hon ser ut (och \u00e4r) den s\u00f6taste du n\u00e5gonsin kommer att tr\u00e4ffa, men var f\u00f6rsiktig bakom hennes oskyldiga ansikte, hon \u00e4r ocks\u00e5 den m\u00e4ktigaste damen i v\u00e5r flock, alltid redo att dra dig under v\u00e5r promenad!<\/p><p>Var f\u00f6rsiktig igen, hon kommer att stj\u00e4la ditt hj\u00e4rta ganska snabbt med alla sina kyssar och kramar\u2026<\/p>\t\t\t\t\t\t\t\t<\/div>\n\t\t\t\t<\/div>\n\t\t\t\t<\/div>\n\t\t\t\t<\/div>\n\t\t\t\t<\/div>\n\t\t\t\t<\/div>\n\t\t\t\t<\/div>\n\t\t\t\t\t<\/div>\n\t\t\t\t<\/div>\n\t\t\t\t<\/div>","protected":false},"excerpt":{"rendered":"<p>V\u00e5r huskyfamilj L\u00e4s mer om medlemmarna i Borealflocken: (klicka p\u00e5 bilden) Fl\u00f3ki \u201cFlokette\u201d Flokette \u00e4r v\u00e5r s\u00f6ta lilla fluffiga bj\u00f6rn. Han \u00e4r en lugn och ensam pojke som beh\u00f6ver sitt personliga utrymme, men han kommer att vara fast vid dig om du har n\u00e5got godis i fickan. Han kommer kanske inte att dela med sig [\u2026]<\/p>","protected":false},"author":2,"featured_media":0,"parent":0,"menu_order":0,"comment_status":"closed","ping_status":"closed","template":"","meta":{"footnotes":""},"class_list":["post-2575","page","type-page","status-publish","hentry"],"_links":{"self":[{"href":"https:\/\/borealpackadventure.com\/sv\/wp-json\/wp\/v2\/pages\/2575","targetHints":{"allow":["GET"]}}],"collection":[{"href":"https:\/\/borealpackadventure.com\/sv\/wp-json\/wp\/v2\/pages"}],"about":[{"href":"https:\/\/borealpackadventure.com\/sv\/wp-json\/wp\/v2\/types\/page"}],"author":[{"embeddable":true,"href":"https:\/\/borealpackadventure.com\/sv\/wp-json\/wp\/v2\/users\/2"}],"replies":[{"embeddable":true,"href":"https:\/\/borealpackadventure.com\/sv\/wp-json\/wp\/v2\/comments?post=2575"}],"version-history":[{"count":106,"href":"https:\/\/borealpackadventure.com\/sv\/wp-json\/wp\/v2\/pages\/2575\/revisions"}],"predecessor-version":[{"id":8908,"href":"https:\/\/borealpackadventure.com\/sv\/wp-json\/wp\/v2\/pages\/2575\/revisions\/8908"}],"wp:attachment":[{"href":"https:\/\/borealpackadventure.com\/sv\/wp-json\/wp\/v2\/media?parent=2575"}],"curies":[{"name":"wp","href":"https:\/\/api.w.org\/{rel}","templated":true}]}}