{"id":3038,"date":"2025-05-02T12:58:02","date_gmt":"2025-05-02T12:58:02","guid":{"rendered":"https:\/\/borealpackadventure.com\/?page_id=3038"},"modified":"2025-05-16T08:52:17","modified_gmt":"2025-05-16T08:52:17","slug":"villkor","status":"publish","type":"page","link":"https:\/\/borealpackadventure.com\/sv\/villkor\/","title":{"rendered":"Villkor"},"content":{"rendered":"<div data-elementor-type=\"wp-page\" data-elementor-id=\"3038\" class=\"elementor elementor-3038\" data-elementor-post-type=\"page\">\n\t\t\t\t<div class=\"elementor-element elementor-element-15e8515 e-flex e-con-boxed e-con e-parent\" data-id=\"15e8515\" data-element_type=\"container\" data-settings=\"{&quot;background_background&quot;:&quot;classic&quot;,&quot;jet_parallax_layout_list&quot;:[]}\">\n\t\t\t\t\t<div class=\"e-con-inner\">\n\t\t\t\t<div class=\"elementor-element elementor-element-915552d elementor-widget elementor-widget-heading\" data-id=\"915552d\" data-element_type=\"widget\" data-widget_type=\"heading.default\">\n\t\t\t\t<div class=\"elementor-widget-container\">\n\t\t\t\t\t<h2 class=\"elementor-heading-title elementor-size-default\">Villkor<\/h2>\t\t\t\t<\/div>\n\t\t\t\t<\/div>\n\t\t\t\t\t<\/div>\n\t\t\t\t<\/div>\n\t\t<div class=\"elementor-element elementor-element-409e933 e-flex e-con-boxed e-con e-parent\" data-id=\"409e933\" data-element_type=\"container\" data-settings=\"{&quot;jet_parallax_layout_list&quot;:[]}\">\n\t\t\t\t\t<div class=\"e-con-inner\">\n\t\t<div class=\"elementor-element elementor-element-843e0fe e-flex e-con-boxed e-con e-child\" data-id=\"843e0fe\" data-element_type=\"container\" data-settings=\"{&quot;jet_parallax_layout_list&quot;:[]}\">\n\t\t\t\t\t<div class=\"e-con-inner\">\n\t\t\t\t<div class=\"elementor-element elementor-element-1ccfbce elementor-widget elementor-widget-spacer\" data-id=\"1ccfbce\" data-element_type=\"widget\" data-widget_type=\"spacer.default\">\n\t\t\t\t<div class=\"elementor-widget-container\">\n\t\t\t\t\t\t\t<div class=\"elementor-spacer\">\n\t\t\t<div class=\"elementor-spacer-inner\"><\/div>\n\t\t<\/div>\n\t\t\t\t\t\t<\/div>\n\t\t\t\t<\/div>\n\t\t\t\t<div class=\"elementor-element elementor-element-27d6f8d elementor-widget elementor-widget-heading\" data-id=\"27d6f8d\" data-element_type=\"widget\" data-widget_type=\"heading.default\">\n\t\t\t\t<div class=\"elementor-widget-container\">\n\t\t\t\t\t<h2 class=\"elementor-heading-title elementor-size-default\">Villkor f\u00f6r Boreal Pack Adventure<\/h2>\t\t\t\t<\/div>\n\t\t\t\t<\/div>\n\t\t\t\t<div class=\"elementor-element elementor-element-946f1ff elementor-widget elementor-widget-spacer\" data-id=\"946f1ff\" data-element_type=\"widget\" data-widget_type=\"spacer.default\">\n\t\t\t\t<div class=\"elementor-widget-container\">\n\t\t\t\t\t\t\t<div class=\"elementor-spacer\">\n\t\t\t<div class=\"elementor-spacer-inner\"><\/div>\n\t\t<\/div>\n\t\t\t\t\t\t<\/div>\n\t\t\t\t<\/div>\n\t\t\t\t<div class=\"elementor-element elementor-element-58871bb elementor-widget elementor-widget-text-editor\" data-id=\"58871bb\" data-element_type=\"widget\" data-widget_type=\"text-editor.default\">\n\t\t\t\t<div class=\"elementor-widget-container\">\n\t\t\t\t\t\t\t\t\t<ul><li>F\u00f6retagsinformation<\/li><\/ul><p>Aktiviteterna tillhandah\u00e5lls av BP Adventure AB med organisationsnummer 559489-3702, i samarbete med OutVentures AB, organisationsnummer 559241-7819. Information och bilder p\u00e5 webbplatsen \u00e4gs av f\u00f6retaget eller samarbetspartners och f\u00e5r inte kopieras utan tillst\u00e5nd.<br \/>Kontaktadress:<br \/>BP Adventure AB<br \/>Olofsfors 7<br \/>956 93 \u00d6verkalix<\/p><ul><li>Priser<\/li><\/ul><p>Varje vara anges inklusive moms i svenska kronor. I bokningssystemet kan du se det totala priset inklusive alla avgifter s\u00e5som moms, frakt och betalningar.<\/p><ul><li>Betalning<\/li><\/ul><p>Betalning sker via vald betalningsmetod i kassan, via Stripe eller Adyen.<\/p><ul><li>Kortbetalning<\/li><\/ul><p>Kortbetalning accepteras med Visa, MasterCard och Maestro. Ditt betalkort debiteras omedelbart.<\/p><ul><li>Swish-betalning<\/li><\/ul><p>Swish-betalning accepteras i kassan. L\u00e4s mer och skaffa Swish p\u00e5 https:\/\/swish.nu.<\/p><ul><li>Skadade varor och reklamationer<\/li><\/ul><p>N\u00e4r du p\u00e5b\u00f6rjar aktiviteten i bokningen \u00e4r det viktigt att kontrollera att produkterna inte \u00e4r skadade eller defekta. Om produkten \u00e4r defekt eller skadad har du r\u00e4tt till en ers\u00e4ttningsprodukt om s\u00e5dan finns, annars full \u00e5terbetalning.<\/p><ul><li>Ansvarsfriskrivning<\/li><\/ul><p>Aktiviteter som erbjuds av &quot;Boreal Pack Adventure&quot; kan vara fysiskt kr\u00e4vande och kan inneb\u00e4ra inneboende risker. \u00c4ven om &quot;Boreal Pack Adventure&quot; vidtar alla rimliga f\u00f6rsiktighets\u00e5tg\u00e4rder f\u00f6r att garantera alla deltagares s\u00e4kerhet, kan olyckor fortfarande intr\u00e4ffa. V\u00e4nligen observera att om du inte f\u00f6ljer s\u00e4kerhetsreglerna eller instruktionerna fr\u00e5n v\u00e5ra guider f\u00f6rbeh\u00e5ller vi oss r\u00e4tten att avvisa dig fr\u00e5n turen f\u00f6r andra deltagares s\u00e4kerhet och n\u00f6je.<br \/>Genom att boka och delta i aktiviteten bekr\u00e4ftar du att du f\u00f6rst\u00e5r riskerna som \u00e4r f\u00f6rknippade med &quot;Boreal Pack Adventure&quot;s aktiviteter och accepterar att &quot;Boreal Pack Adventure&quot; inte ansvarar f\u00f6r n\u00e5gra olyckor, skador, f\u00f6rlust eller skada p\u00e5 personlig egendom om de inte orsakats av v\u00e5r bevisade v\u00e5rdsl\u00f6shet.<br \/>Genom att godk\u00e4nna tar du \u00e4ven ansvar f\u00f6r det material som vi inte anf\u00f6rtror dig och du samtycker till att t\u00e4cka alla skador du kan orsaka p\u00e5 material, utrustning, fordon eller veterin\u00e4rkostnader under aktiviteterna med &quot;Boreal Pack Adventure&quot;.<\/p><ul><li>\u00c4ndringar och modifieringar<\/li><\/ul><p>Vi f\u00f6rbeh\u00e5ller oss r\u00e4tten att \u00e4ndra tid, dagar, aktivitetens l\u00e4ngd eller priser efter eget behov beroende p\u00e5 f\u00f6rh\u00e5llanden, v\u00e4der eller \u00f6verv\u00e4ldigande omst\u00e4ndigheter.\u00a0<\/p><p>Om v\u00e4derf\u00f6rh\u00e5llandena \u00e4r f\u00f6r farliga, eller om vi bed\u00f6mer att det \u00e4r f\u00f6r riskabelt att genomf\u00f6ra den bokade aktiviteten, f\u00f6rbeh\u00e5ller vi oss r\u00e4tten att avboka eller \u00e4ndra aktiviteten och ers\u00e4tta den med en l\u00e4mplig aktivitet p\u00e5 grund av milj\u00f6- och v\u00e4derf\u00f6rh\u00e5llanden genom att justera v\u00e5rt pris.<\/p><ul><li>\u00c5terbetalning\u00a0<\/li><\/ul><p>Om du har betalat hela beloppet kan du avboka upp till en vecka f\u00f6re din aktivitet f\u00f6r full \u00e5terbetalning. Avbokningar som g\u00f6rs mellan en vecka och 48 timmar f\u00f6re turen ger dig en 50%-\u00e5terbetalning. Ingen \u00e5terbetalning utf\u00e4rdas f\u00f6r avbokningar som g\u00f6rs mindre \u00e4n 48 timmar f\u00f6re turen. Depositionen p\u00e5 30% \u00e5terbetalas inte.<\/p><ul><li>Vad du m\u00e5ste g\u00f6ra eller veta som g\u00e4st<\/li><\/ul><p>Se till att kontaktuppgifterna du har gett oss \u00e4r korrekta.<br \/>F\u00f6lj alla regler och instruktioner som guiden ger dig under aktiviteterna. V\u00e5rt jobb \u00e4r att se till att du kan njuta av aktiviteten p\u00e5 ett s\u00e4kert s\u00e4tt. Du ansvarar f\u00f6r alla skador som kan uppst\u00e5 p\u00e5 materielen eller p\u00e5 dig sj\u00e4lv. N\u00e4r du bokar en aktivitet hos oss f\u00f6rbinder du dig att ha en f\u00f6rs\u00e4kring som t\u00e4cker materiella skador och kroppsskador.<br \/>Under bokningsprocessen, meddela oss om du har n\u00e5gra skador, funktionsneds\u00e4ttningar, matallergier etc.<br \/>Alla v\u00e5ra aktiviteter \u00e4r v\u00e4derberoende, ibland under extrema f\u00f6rh\u00e5llanden, s\u00e5 se till att din h\u00e4lsa till\u00e5ter dig att utf\u00f6ra sportaktiviteter i extremt klimat. Viss anpassning kan g\u00f6ras beroende p\u00e5 din h\u00e4lsa och din fysiska kondition.<br \/>Ta med giltigt pass eller identitetskort f\u00f6r aktiviteten och ta med ditt k\u00f6rkort f\u00f6r sn\u00f6skoterturen.<\/p>\t\t\t\t\t\t\t\t<\/div>\n\t\t\t\t<\/div>\n\t\t\t\t<div class=\"elementor-element elementor-element-121b476 elementor-widget elementor-widget-spacer\" data-id=\"121b476\" data-element_type=\"widget\" data-widget_type=\"spacer.default\">\n\t\t\t\t<div class=\"elementor-widget-container\">\n\t\t\t\t\t\t\t<div class=\"elementor-spacer\">\n\t\t\t<div class=\"elementor-spacer-inner\"><\/div>\n\t\t<\/div>\n\t\t\t\t\t\t<\/div>\n\t\t\t\t<\/div>\n\t\t\t\t\t<\/div>\n\t\t\t\t<\/div>\n\t\t\t\t\t<\/div>\n\t\t\t\t<\/div>\n\t\t\t\t<\/div>","protected":false},"excerpt":{"rendered":"<p>Villkor Villkor f\u00f6r Boreal Pack Adventure F\u00f6retagsinformation Aktiviteter tillhandah\u00e5lls av BP Adventure AB med organisationsnummer 559489-3702, i samarbete med OutVentures AB, organisationsnummer 559241-7819. Information och bilder p\u00e5 webbplatsen \u00e4gs av f\u00f6retaget eller partners och f\u00e5r inte kopieras utan tillst\u00e5nd. Kontaktadress: BP Adventure AB, Lofsfors 7956 [\u2026]<\/p>","protected":false},"author":2,"featured_media":0,"parent":0,"menu_order":0,"comment_status":"closed","ping_status":"closed","template":"","meta":{"footnotes":""},"class_list":["post-3038","page","type-page","status-publish","hentry"],"_links":{"self":[{"href":"https:\/\/borealpackadventure.com\/sv\/wp-json\/wp\/v2\/pages\/3038","targetHints":{"allow":["GET"]}}],"collection":[{"href":"https:\/\/borealpackadventure.com\/sv\/wp-json\/wp\/v2\/pages"}],"about":[{"href":"https:\/\/borealpackadventure.com\/sv\/wp-json\/wp\/v2\/types\/page"}],"author":[{"embeddable":true,"href":"https:\/\/borealpackadventure.com\/sv\/wp-json\/wp\/v2\/users\/2"}],"replies":[{"embeddable":true,"href":"https:\/\/borealpackadventure.com\/sv\/wp-json\/wp\/v2\/comments?post=3038"}],"version-history":[{"count":19,"href":"https:\/\/borealpackadventure.com\/sv\/wp-json\/wp\/v2\/pages\/3038\/revisions"}],"predecessor-version":[{"id":4348,"href":"https:\/\/borealpackadventure.com\/sv\/wp-json\/wp\/v2\/pages\/3038\/revisions\/4348"}],"wp:attachment":[{"href":"https:\/\/borealpackadventure.com\/sv\/wp-json\/wp\/v2\/media?parent=3038"}],"curies":[{"name":"wp","href":"https:\/\/api.w.org\/{rel}","templated":true}]}}