{"id":332,"date":"2025-04-23T11:39:43","date_gmt":"2025-04-23T11:39:43","guid":{"rendered":"https:\/\/borealpackadventure.com\/?page_id=332"},"modified":"2025-05-21T18:53:14","modified_gmt":"2025-05-21T18:53:14","slug":"boende","status":"publish","type":"page","link":"https:\/\/borealpackadventure.com\/sv\/boende\/","title":{"rendered":"Boende"},"content":{"rendered":"<div data-elementor-type=\"wp-page\" data-elementor-id=\"332\" class=\"elementor elementor-332\" data-elementor-post-type=\"page\">\n\t\t\t\t<div class=\"elementor-element elementor-element-15e8515 e-flex e-con-boxed e-con e-parent\" data-id=\"15e8515\" data-element_type=\"container\" data-settings=\"{&quot;background_background&quot;:&quot;classic&quot;,&quot;jet_parallax_layout_list&quot;:[]}\">\n\t\t\t\t\t<div class=\"e-con-inner\">\n\t\t\t\t<div class=\"elementor-element elementor-element-915552d elementor-widget elementor-widget-heading\" data-id=\"915552d\" data-element_type=\"widget\" data-widget_type=\"heading.default\">\n\t\t\t\t<div class=\"elementor-widget-container\">\n\t\t\t\t\t<h2 class=\"elementor-heading-title elementor-size-default\">Boende<\/h2>\t\t\t\t<\/div>\n\t\t\t\t<\/div>\n\t\t\t\t\t<\/div>\n\t\t\t\t<\/div>\n\t\t<div class=\"elementor-element elementor-element-728b745 e-flex e-con-boxed e-con e-parent\" data-id=\"728b745\" data-element_type=\"container\" data-settings=\"{&quot;background_background&quot;:&quot;classic&quot;,&quot;jet_parallax_layout_list&quot;:[]}\">\n\t\t\t\t\t<div class=\"e-con-inner\">\n\t\t\t\t<div class=\"elementor-element elementor-element-652fcda elementor-widget__width-initial elementor-widget elementor-widget-gallery\" data-id=\"652fcda\" data-element_type=\"widget\" data-settings=\"{&quot;gallery_layout&quot;:&quot;masonry&quot;,&quot;columns&quot;:2,&quot;gap&quot;:{&quot;unit&quot;:&quot;px&quot;,&quot;size&quot;:6,&quot;sizes&quot;:[]},&quot;columns_tablet&quot;:2,&quot;columns_mobile&quot;:1,&quot;gap_tablet&quot;:{&quot;unit&quot;:&quot;px&quot;,&quot;size&quot;:10,&quot;sizes&quot;:[]},&quot;gap_mobile&quot;:{&quot;unit&quot;:&quot;px&quot;,&quot;size&quot;:10,&quot;sizes&quot;:[]},&quot;link_to&quot;:&quot;file&quot;,&quot;overlay_background&quot;:&quot;yes&quot;,&quot;content_hover_animation&quot;:&quot;fade-in&quot;}\" data-widget_type=\"gallery.default\">\n\t\t\t\t<div class=\"elementor-widget-container\">\n\t\t\t\t\t\t\t<div class=\"elementor-gallery__container\">\n\t\t\t\t\t\t\t<a class=\"e-gallery-item elementor-gallery-item elementor-animated-content\" href=\"https:\/\/borealpackadventure.com\/wp-content\/uploads\/2025\/04\/dji_fly_20250309_100956_0721_1741551256611_photo-scaled.jpg\" data-elementor-open-lightbox=\"yes\" data-elementor-lightbox-slideshow=\"652fcda\" data-elementor-lightbox-title=\"default\" data-e-action-hash=\"#elementor-action%3Aaction%3Dlightbox%26settings%3DeyJpZCI6MTUyMSwidXJsIjoiaHR0cHM6XC9cL2JvcmVhbHBhY2thZHZlbnR1cmUuY29tXC93cC1jb250ZW50XC91cGxvYWRzXC8yMDI1XC8wNFwvZGppX2ZseV8yMDI1MDMwOV8xMDA5NTZfMDcyMV8xNzQxNTUxMjU2NjExX3Bob3RvLXNjYWxlZC5qcGciLCJzbGlkZXNob3ciOiI2NTJmY2RhIn0%3D\">\n\t\t\t\t\t<div class=\"e-gallery-image elementor-gallery-item__image\" data-thumbnail=\"https:\/\/borealpackadventure.com\/wp-content\/uploads\/2025\/04\/dji_fly_20250309_100956_0721_1741551256611_photo-300x169.jpg\" data-width=\"300\" data-height=\"169\" aria-label=\"\" role=\"img\" ><\/div>\n\t\t\t\t\t\t\t\t\t\t\t<div class=\"elementor-gallery-item__overlay\"><\/div>\n\t\t\t\t\t\t\t\t\t\t\t\t\t\t<\/a>\n\t\t\t\t\t\t\t<a class=\"e-gallery-item elementor-gallery-item elementor-animated-content\" href=\"https:\/\/borealpackadventure.com\/wp-content\/uploads\/2025\/05\/IMG_3253-min-scaled.jpg\" data-elementor-open-lightbox=\"yes\" data-elementor-lightbox-slideshow=\"652fcda\" data-elementor-lightbox-title=\"IMG_3253-min\" data-e-action-hash=\"#elementor-action%3Aaction%3Dlightbox%26settings%3DeyJpZCI6MjM1NiwidXJsIjoiaHR0cHM6XC9cL2JvcmVhbHBhY2thZHZlbnR1cmUuY29tXC93cC1jb250ZW50XC91cGxvYWRzXC8yMDI1XC8wNVwvSU1HXzMyNTMtbWluLXNjYWxlZC5qcGciLCJzbGlkZXNob3ciOiI2NTJmY2RhIn0%3D\">\n\t\t\t\t\t<div class=\"e-gallery-image elementor-gallery-item__image\" data-thumbnail=\"https:\/\/borealpackadventure.com\/wp-content\/uploads\/2025\/05\/IMG_3253-min-300x225.jpg\" data-width=\"300\" data-height=\"225\" aria-label=\"\" role=\"img\" ><\/div>\n\t\t\t\t\t\t\t\t\t\t\t<div class=\"elementor-gallery-item__overlay\"><\/div>\n\t\t\t\t\t\t\t\t\t\t\t\t\t\t<\/a>\n\t\t\t\t\t\t\t<a class=\"e-gallery-item elementor-gallery-item elementor-animated-content\" href=\"https:\/\/borealpackadventure.com\/wp-content\/uploads\/2024\/07\/2d28dcdb-0cf7-46c3-abb0-f67468b75b10.jpeg\" data-elementor-open-lightbox=\"yes\" data-elementor-lightbox-slideshow=\"652fcda\" data-elementor-lightbox-title=\"2d28dcdb-0cf7-46c3-abb0-f67468b75b10\" data-e-action-hash=\"#elementor-action%3Aaction%3Dlightbox%26settings%3DeyJpZCI6MTQzLCJ1cmwiOiJodHRwczpcL1wvYm9yZWFscGFja2FkdmVudHVyZS5jb21cL3dwLWNvbnRlbnRcL3VwbG9hZHNcLzIwMjRcLzA3XC8yZDI4ZGNkYi0wY2Y3LTQ2YzMtYWJiMC1mNjc0NjhiNzViMTAuanBlZyIsInNsaWRlc2hvdyI6IjY1MmZjZGEifQ%3D%3D\">\n\t\t\t\t\t<div class=\"e-gallery-image elementor-gallery-item__image\" data-thumbnail=\"https:\/\/borealpackadventure.com\/wp-content\/uploads\/2024\/07\/2d28dcdb-0cf7-46c3-abb0-f67468b75b10-200x300.jpeg\" data-width=\"200\" data-height=\"300\" aria-label=\"\" role=\"img\" ><\/div>\n\t\t\t\t\t\t\t\t\t\t\t<div class=\"elementor-gallery-item__overlay\"><\/div>\n\t\t\t\t\t\t\t\t\t\t\t\t\t\t<\/a>\n\t\t\t\t\t\t\t<a class=\"e-gallery-item elementor-gallery-item elementor-animated-content\" href=\"https:\/\/borealpackadventure.com\/wp-content\/uploads\/2025\/04\/DSC_6005-scaled.jpg\" data-elementor-open-lightbox=\"yes\" data-elementor-lightbox-slideshow=\"652fcda\" data-elementor-lightbox-title=\"DSC_6005\" data-e-action-hash=\"#elementor-action%3Aaction%3Dlightbox%26settings%3DeyJpZCI6MTk5MSwidXJsIjoiaHR0cHM6XC9cL2JvcmVhbHBhY2thZHZlbnR1cmUuY29tXC93cC1jb250ZW50XC91cGxvYWRzXC8yMDI1XC8wNFwvRFNDXzYwMDUtc2NhbGVkLmpwZyIsInNsaWRlc2hvdyI6IjY1MmZjZGEifQ%3D%3D\">\n\t\t\t\t\t<div class=\"e-gallery-image elementor-gallery-item__image\" data-thumbnail=\"https:\/\/borealpackadventure.com\/wp-content\/uploads\/2025\/04\/DSC_6005-300x200.jpg\" data-width=\"300\" data-height=\"200\" aria-label=\"\" role=\"img\" ><\/div>\n\t\t\t\t\t\t\t\t\t\t\t<div class=\"elementor-gallery-item__overlay\"><\/div>\n\t\t\t\t\t\t\t\t\t\t\t\t\t\t<\/a>\n\t\t\t\t\t\t\t<a class=\"e-gallery-item elementor-gallery-item elementor-animated-content\" href=\"https:\/\/borealpackadventure.com\/wp-content\/uploads\/2025\/05\/IMG_3252-min-scaled.jpg\" data-elementor-open-lightbox=\"yes\" data-elementor-lightbox-slideshow=\"652fcda\" data-elementor-lightbox-title=\"IMG_3252-min\" data-e-action-hash=\"#elementor-action%3Aaction%3Dlightbox%26settings%3DeyJpZCI6MjM2MSwidXJsIjoiaHR0cHM6XC9cL2JvcmVhbHBhY2thZHZlbnR1cmUuY29tXC93cC1jb250ZW50XC91cGxvYWRzXC8yMDI1XC8wNVwvSU1HXzMyNTItbWluLXNjYWxlZC5qcGciLCJzbGlkZXNob3ciOiI2NTJmY2RhIn0%3D\">\n\t\t\t\t\t<div class=\"e-gallery-image elementor-gallery-item__image\" data-thumbnail=\"https:\/\/borealpackadventure.com\/wp-content\/uploads\/2025\/05\/IMG_3252-min-300x225.jpg\" data-width=\"300\" data-height=\"225\" aria-label=\"Boreal Pack Adventure - boende\" role=\"img\" ><\/div>\n\t\t\t\t\t\t\t\t\t\t\t<div class=\"elementor-gallery-item__overlay\"><\/div>\n\t\t\t\t\t\t\t\t\t\t\t\t\t\t<\/a>\n\t\t\t\t\t\t\t<a class=\"e-gallery-item elementor-gallery-item elementor-animated-content\" href=\"https:\/\/borealpackadventure.com\/wp-content\/uploads\/2025\/05\/C05A3537-min-scaled.jpg\" data-elementor-open-lightbox=\"yes\" data-elementor-lightbox-slideshow=\"652fcda\" data-elementor-lightbox-title=\"C05A3537-min\" data-e-action-hash=\"#elementor-action%3Aaction%3Dlightbox%26settings%3DeyJpZCI6MjM1NywidXJsIjoiaHR0cHM6XC9cL2JvcmVhbHBhY2thZHZlbnR1cmUuY29tXC93cC1jb250ZW50XC91cGxvYWRzXC8yMDI1XC8wNVwvQzA1QTM1MzctbWluLXNjYWxlZC5qcGciLCJzbGlkZXNob3ciOiI2NTJmY2RhIn0%3D\">\n\t\t\t\t\t<div class=\"e-gallery-image elementor-gallery-item__image\" data-thumbnail=\"https:\/\/borealpackadventure.com\/wp-content\/uploads\/2025\/05\/C05A3537-min-300x200.jpg\" data-width=\"300\" data-height=\"200\" aria-label=\"Boreal Pack Adventure - boende\" role=\"img\" ><\/div>\n\t\t\t\t\t\t\t\t\t\t\t<div class=\"elementor-gallery-item__overlay\"><\/div>\n\t\t\t\t\t\t\t\t\t\t\t\t\t\t<\/a>\n\t\t\t\t\t<\/div>\n\t\t\t\t\t<\/div>\n\t\t\t\t<\/div>\n\t\t<div class=\"elementor-element elementor-element-a5fc1e8 e-con-full e-flex e-con e-child\" data-id=\"a5fc1e8\" data-element_type=\"container\" data-settings=\"{&quot;jet_parallax_layout_list&quot;:[]}\">\n\t\t\t\t<div class=\"elementor-element elementor-element-1665ff5 elementor-headline--style-highlight elementor-widget elementor-widget-animated-headline\" data-id=\"1665ff5\" data-element_type=\"widget\" data-settings=\"{&quot;marker&quot;:&quot;curly&quot;,&quot;highlighted_text&quot;:&quot;With us&quot;,&quot;headline_style&quot;:&quot;highlight&quot;,&quot;loop&quot;:&quot;yes&quot;,&quot;highlight_animation_duration&quot;:1200,&quot;highlight_iteration_delay&quot;:8000}\" data-widget_type=\"animated-headline.default\">\n\t\t\t\t<div class=\"elementor-widget-container\">\n\t\t\t\t\t\t\t<h3 class=\"elementor-headline\">\n\t\t\t\t<span class=\"elementor-headline-dynamic-wrapper elementor-headline-text-wrapper\">\n\t\t\t\t\t<span class=\"elementor-headline-dynamic-text elementor-headline-text-active\">Med oss<\/span>\n\t\t\t\t<\/span>\n\t\t\t\t<\/h3>\n\t\t\t\t\t\t<\/div>\n\t\t\t\t<\/div>\n\t\t\t\t<div class=\"elementor-element elementor-element-a1ea937 elementor-widget elementor-widget-text-editor\" data-id=\"a1ea937\" data-element_type=\"widget\" data-widget_type=\"text-editor.default\">\n\t\t\t\t<div class=\"elementor-widget-container\">\n\t\t\t\t\t\t\t\t\t<p>Dr\u00f6mmer du om en extraordin\u00e4r upplevelse i en avl\u00e4gsen stuga? Hos oss kan du tillbringa en natt i en fantastisk vildmarksstuga, bel\u00e4gen mitt i skogen och omgiven av or\u00f6rd natur. Inget rinnande vatten och ingen elektricitet, detta \u00e4r en riktig &quot;back-to-basics&quot;-upplevelse.<\/p><p>Denna avl\u00e4gsna stuga \u00e4r endast tillg\u00e4nglig med sn\u00f6skoter p\u00e5 vintern!<\/p><p>Det \u00e4r en kombinerad aktivitet under vinter, sommar och h\u00f6st. \u00c4ventyr och livsl\u00e5nga minnen st\u00e5r p\u00e5 programmet!<\/p><p>K\u00e4nn dig fri att\u00a0<a href=\"https:\/\/borealpackadventure.com\/sv\/contact\/\" target=\"_blank\" rel=\"noopener\"><em><span style=\"text-decoration: underline;\">kontakta oss<\/span>\u00a0<\/em><\/a>f\u00f6r mer information s\u00e5 skapar vi din perfekta vildmarksupplevelse.<\/p><p><span style=\"text-decoration: underline;\"><a href=\"https:\/\/borealpackadventure.com\/sv\/snoskoteraventyr\/\"><strong><em>Vinteraktivitet: Sn\u00f6skoter dygnet runt i vildmarken\u00a0<\/em><\/strong><\/a><\/span><\/p><p><span style=\"text-decoration: underline;\"><a href=\"https:\/\/borealpackadventure.com\/sv\/utomhusaventyr-sommar\/\"><strong><em>Sommaraktivitet: 24-timmars vildmarks\u00e4ventyr<\/em><\/strong><\/a><\/span><\/p><p><span style=\"text-decoration: underline;\"><a href=\"https:\/\/borealpackadventure.com\/sv\/utomhusaventyr-host\/\"><strong><em>H\u00f6staktivitet: 24 timmars vildmarks\u00e4ventyr<\/em><\/strong><\/a><\/span><\/p>\t\t\t\t\t\t\t\t<\/div>\n\t\t\t\t<\/div>\n\t\t\t\t<div class=\"elementor-element elementor-element-c87bf91 elementor-align-center elementor-widget elementor-widget-button\" data-id=\"c87bf91\" data-element_type=\"widget\" data-widget_type=\"button.default\">\n\t\t\t\t<div class=\"elementor-widget-container\">\n\t\t\t\t\t\t\t\t\t<div class=\"elementor-button-wrapper\">\n\t\t\t\t\t<a class=\"elementor-button elementor-button-link elementor-size-sm\" href=\"#activities\">\n\t\t\t\t\t\t<span class=\"elementor-button-content-wrapper\">\n\t\t\t\t\t\t\t\t\t<span class=\"elementor-button-text\">BOKNING<\/span>\n\t\t\t\t\t<\/span>\n\t\t\t\t\t<\/a>\n\t\t\t\t<\/div>\n\t\t\t\t\t\t\t\t<\/div>\n\t\t\t\t<\/div>\n\t\t\t\t<\/div>\n\t\t\t\t\t<\/div>\n\t\t\t\t<\/div>\n\t\t<div class=\"elementor-element elementor-element-e1d3f6b e-flex e-con-boxed e-con e-parent\" data-id=\"e1d3f6b\" data-element_type=\"container\" data-settings=\"{&quot;background_background&quot;:&quot;classic&quot;,&quot;jet_parallax_layout_list&quot;:[]}\">\n\t\t\t\t\t<div class=\"e-con-inner\">\n\t\t<div class=\"elementor-element elementor-element-a4f02fc e-con-full e-flex e-con e-child\" data-id=\"a4f02fc\" data-element_type=\"container\" data-settings=\"{&quot;jet_parallax_layout_list&quot;:[]}\">\n\t\t<div class=\"elementor-element elementor-element-30d768e e-con-full e-flex e-con e-child\" data-id=\"30d768e\" data-element_type=\"container\" data-settings=\"{&quot;jet_parallax_layout_list&quot;:[]}\">\n\t\t<div class=\"elementor-element elementor-element-b1dcd22 e-grid e-con-full e-con e-child\" data-id=\"b1dcd22\" data-element_type=\"container\" data-settings=\"{&quot;jet_parallax_layout_list&quot;:[]}\">\n\t\t<div class=\"elementor-element elementor-element-2b2ae04 e-con-full e-flex e-con e-child\" data-id=\"2b2ae04\" data-element_type=\"container\" data-settings=\"{&quot;jet_parallax_layout_list&quot;:[]}\">\n\t\t\t\t<div class=\"elementor-element elementor-element-a59b94c elementor-headline--style-highlight elementor-widget elementor-widget-animated-headline\" data-id=\"a59b94c\" data-element_type=\"widget\" data-settings=\"{&quot;highlighted_text&quot;:&quot;Around us&quot;,&quot;headline_style&quot;:&quot;highlight&quot;,&quot;marker&quot;:&quot;circle&quot;,&quot;loop&quot;:&quot;yes&quot;,&quot;highlight_animation_duration&quot;:1200,&quot;highlight_iteration_delay&quot;:8000}\" data-widget_type=\"animated-headline.default\">\n\t\t\t\t<div class=\"elementor-widget-container\">\n\t\t\t\t\t\t\t<h3 class=\"elementor-headline\">\n\t\t\t\t<span class=\"elementor-headline-dynamic-wrapper elementor-headline-text-wrapper\">\n\t\t\t\t\t<span class=\"elementor-headline-dynamic-text elementor-headline-text-active\">Runt omkring oss<\/span>\n\t\t\t\t<\/span>\n\t\t\t\t<\/h3>\n\t\t\t\t\t\t<\/div>\n\t\t\t\t<\/div>\n\t\t\t\t<div class=\"elementor-element elementor-element-9661152 elementor-widget elementor-widget-text-editor\" data-id=\"9661152\" data-element_type=\"widget\" data-widget_type=\"text-editor.default\">\n\t\t\t\t<div class=\"elementor-widget-container\">\n\t\t\t\t\t\t\t\t\t<p>Vi kan inte v\u00e4lkomna dig direkt i v\u00e5rt hem under hela din semester i ett bekv\u00e4mt och mysigt hus, men vi k\u00e4nner n\u00e5gra fantastiska m\u00e4nniskor som kan! Vi har valt ut underbara v\u00e4rdar i n\u00e4rheten d\u00e4r du kommer att k\u00e4nna dig som hemma.<br \/>Du hittar deras webbplatsl\u00e4nkar genom att klicka p\u00e5 deras bild.<\/p><p>Kontakta dem g\u00e4rna direkt f\u00f6r att diskutera deras pris och tillg\u00e4nglighet.<\/p>\t\t\t\t\t\t\t\t<\/div>\n\t\t\t\t<\/div>\n\t\t\t\t<\/div>\n\t\t\t\t<div class=\"elementor-element elementor-element-b0e95b2 elementor-cta--skin-cover elementor-cta--valign-bottom elementor-widget__width-inherit elementor-widget-tablet__width-initial elementor-widget-mobile__width-inherit elementor-animated-content elementor-bg-transform elementor-bg-transform-zoom-in elementor-widget elementor-widget-call-to-action\" data-id=\"b0e95b2\" data-element_type=\"widget\" data-widget_type=\"call-to-action.default\">\n\t\t\t\t<div class=\"elementor-widget-container\">\n\t\t\t\t\t\t\t<a class=\"elementor-cta\" href=\"https:\/\/borealpackadventure.com\/sv\/bed-and-breakfast-lodges\/\">\n\t\t\t\t\t<div class=\"elementor-cta__bg-wrapper\">\n\t\t\t\t<div class=\"elementor-cta__bg elementor-bg\" style=\"background-image: url(https:\/\/borealpackadventure.com\/wp-content\/uploads\/2025\/05\/IMG_1786.jpg);\" role=\"img\" aria-label=\"Boreal Pack Adventure - boende\"><\/div>\n\t\t\t\t<div class=\"elementor-cta__bg-overlay\"><\/div>\n\t\t\t<\/div>\n\t\t\t\t\t\t\t<div class=\"elementor-cta__content\">\n\t\t\t\t\n\t\t\t\t\t\t\t\t\t<h2 class=\"elementor-cta__title elementor-cta__content-item elementor-content-item elementor-animated-item--move-up\">\n\t\t\t\t\t\tBed &amp; Breakfast, stugor\t\t\t\t\t<\/h2>\n\t\t\t\t\n\t\t\t\t\n\t\t\t\t\t\t\t<\/div>\n\t\t\t\t\t\t<\/a>\n\t\t\t\t\t\t<\/div>\n\t\t\t\t<\/div>\n\t\t\t\t<div class=\"elementor-element elementor-element-cd7e799 elementor-cta--skin-cover elementor-cta--valign-bottom elementor-widget__width-inherit elementor-widget-tablet__width-initial elementor-widget-mobile__width-inherit elementor-animated-content elementor-bg-transform elementor-bg-transform-zoom-in elementor-widget elementor-widget-call-to-action\" data-id=\"cd7e799\" data-element_type=\"widget\" data-widget_type=\"call-to-action.default\">\n\t\t\t\t<div class=\"elementor-widget-container\">\n\t\t\t\t\t\t\t<a class=\"elementor-cta\" href=\"https:\/\/borealpackadventure.com\/sv\/airbnb-rental-house\/\">\n\t\t\t\t\t<div class=\"elementor-cta__bg-wrapper\">\n\t\t\t\t<div class=\"elementor-cta__bg elementor-bg\" style=\"background-image: url(https:\/\/borealpackadventure.com\/wp-content\/uploads\/2025\/05\/Accommodation-Ulrike-Lomtrask.png);\" role=\"img\" aria-label=\"Boreal Pack Adventure - Norrsken\"><\/div>\n\t\t\t\t<div class=\"elementor-cta__bg-overlay\"><\/div>\n\t\t\t<\/div>\n\t\t\t\t\t\t\t<div class=\"elementor-cta__content\">\n\t\t\t\t\n\t\t\t\t\t\t\t\t\t<h2 class=\"elementor-cta__title elementor-cta__content-item elementor-content-item elementor-animated-item--move-up\">\n\t\t\t\t\t\tAirbnb &amp; Breakfast, uthyrning av hus \t\t\t\t\t<\/h2>\n\t\t\t\t\n\t\t\t\t\n\t\t\t\t\t\t\t<\/div>\n\t\t\t\t\t\t<\/a>\n\t\t\t\t\t\t<\/div>\n\t\t\t\t<\/div>\n\t\t\t\t<\/div>\n\t\t\t\t<div class=\"elementor-element elementor-element-e1f67f3 elementor-widget elementor-widget-spacer\" data-id=\"e1f67f3\" data-element_type=\"widget\" data-widget_type=\"spacer.default\">\n\t\t\t\t<div class=\"elementor-widget-container\">\n\t\t\t\t\t\t\t<div class=\"elementor-spacer\">\n\t\t\t<div class=\"elementor-spacer-inner\"><\/div>\n\t\t<\/div>\n\t\t\t\t\t\t<\/div>\n\t\t\t\t<\/div>\n\t\t\t\t<\/div>\n\t\t\t\t<\/div>\n\t\t\t\t\t<\/div>\n\t\t\t\t<\/div>\n\t\t\t\t<\/div>","protected":false},"excerpt":{"rendered":"<p>Accomodation With us Are you dreaming of an extraodinary experience in a remote cabin ? With us, you can spend a night in an amazing wilderness cabin, located in the heart of the forest and surrounded by pristine nature. No running water and no electricity, this is a true \u201cback-to-basics\u201d experience. This remote cabin is [&hellip;]<\/p>","protected":false},"author":1,"featured_media":0,"parent":0,"menu_order":0,"comment_status":"closed","ping_status":"closed","template":"","meta":{"footnotes":""},"class_list":["post-332","page","type-page","status-publish","hentry"],"_links":{"self":[{"href":"https:\/\/borealpackadventure.com\/sv\/wp-json\/wp\/v2\/pages\/332","targetHints":{"allow":["GET"]}}],"collection":[{"href":"https:\/\/borealpackadventure.com\/sv\/wp-json\/wp\/v2\/pages"}],"about":[{"href":"https:\/\/borealpackadventure.com\/sv\/wp-json\/wp\/v2\/types\/page"}],"author":[{"embeddable":true,"href":"https:\/\/borealpackadventure.com\/sv\/wp-json\/wp\/v2\/users\/1"}],"replies":[{"embeddable":true,"href":"https:\/\/borealpackadventure.com\/sv\/wp-json\/wp\/v2\/comments?post=332"}],"version-history":[{"count":107,"href":"https:\/\/borealpackadventure.com\/sv\/wp-json\/wp\/v2\/pages\/332\/revisions"}],"predecessor-version":[{"id":8742,"href":"https:\/\/borealpackadventure.com\/sv\/wp-json\/wp\/v2\/pages\/332\/revisions\/8742"}],"wp:attachment":[{"href":"https:\/\/borealpackadventure.com\/sv\/wp-json\/wp\/v2\/media?parent=332"}],"curies":[{"name":"wp","href":"https:\/\/api.w.org\/{rel}","templated":true}]}}